{"id":416064,"date":"2026-04-07T15:59:20","date_gmt":"2026-04-07T19:59:20","guid":{"rendered":"https:\/\/www.avenuedesigncanada.com\/product\/lustre-led-teramo-light\/"},"modified":"2026-04-07T16:11:23","modified_gmt":"2026-04-07T20:11:23","slug":"lustre-led-teramo-light","status":"publish","type":"product","link":"https:\/\/www.avenuedesigncanada.com\/fr\/product\/lustre-led-teramo-light\/","title":{"rendered":"Lustre LED Teramo Light"},"content":{"rendered":"<p><em>  Le lustre LED Teramo Light pr\u00e9sente les caract\u00e9ristiques suivantes : <em><br \/>\nOffert dans un fini laiton bross\u00e9 et noir mat<br \/>\nAmpoules DEL G9 \u00e0 intensit\u00e9 variable incluses<br \/>\nRallonges additionnelles incluses pour r\u00e9pondre \u00e0 vos besoins<br \/>\nHauteur maximale : 67&Prime;<br \/>\nHauteur minimale : 23&Prime;<br \/>\nRallonges : 3&Prime; + 6&Prime; + 12&Prime; + 18&Prime; + 18&Prime;<br \/>\nDimension de l&rsquo;auvent : 4.75&Prime;<br \/>\nFinition : Noir mat<br \/>\nMat\u00e9riau de l&rsquo;abat-jour : Alb\u00e2tre naturel<br \/>\nNombre d&rsquo;abat-jour : 6<br \/>\nDimension de l&rsquo;abat-jour : 2&Prime; H x 2&Prime; D<br \/>\nPoids du produit : 12 lbs.<br \/>\nAvez-vous des questions sur ce produit ?<br \/>\nNos designers sont l\u00e0 pour vous aider. Appelez-nous au (514) 340-9351<\/p>\n","protected":false},"excerpt":{"rendered":"<p>Le design moderne et \u00e9pur\u00e9 de cette pi\u00e8ce lui permet de se d\u00e9marquer dans n&rsquo;importe quel environnement.<br \/>\nLa pierre d&rsquo;alb\u00e2tre naturelle ajoute un \u00e9l\u00e9ment d&rsquo;une incroyable beaut\u00e9 \u00e0 ce luminaire.<\/p>\n","protected":false},"featured_media":415971,"template":"","meta":{"_kad_blocks_custom_css":"","_kad_blocks_head_custom_js":"","_kad_blocks_body_custom_js":"","_kad_blocks_footer_custom_js":"","_kad_post_transparent":"","_kad_post_title":"","_kad_post_layout":"","_kad_post_sidebar_id":"","_kad_post_content_style":"","_kad_post_vertical_padding":"","_kad_post_feature":"","_kad_post_feature_position":"","_kad_post_header":false,"_kad_post_footer":false,"_kad_post_classname":""},"product_brand":[],"product_cat":[2195],"product_tag":[2196],"class_list":{"0":"post-416064","1":"product","2":"type-product","3":"status-publish","4":"has-post-thumbnail","6":"product_cat-chandelier","7":"product_tag-enlighten-fr","9":"first","10":"instock","11":"taxable","12":"shipping-taxable","13":"product-type-simple","14":"entry","15":"content-bg","16":"loop-entry"},"taxonomy_info":{"product_cat":[{"value":2195,"label":"Chandelier"}],"product_tag":[{"value":2196,"label":"ENLIGHTEN"}]},"featured_image_src_large":["https:\/\/www.avenuedesigncanada.com\/wp-content\/uploads\/2026\/04\/TERAMO-12053-02-10-LIGHT-LED-CHANDELIER-1024x1024.png",1024,1024,true],"author_info":[],"comment_info":"","_links":{"self":[{"href":"https:\/\/www.avenuedesigncanada.com\/fr\/wp-json\/wp\/v2\/product\/416064","targetHints":{"allow":["GET"]}}],"collection":[{"href":"https:\/\/www.avenuedesigncanada.com\/fr\/wp-json\/wp\/v2\/product"}],"about":[{"href":"https:\/\/www.avenuedesigncanada.com\/fr\/wp-json\/wp\/v2\/types\/product"}],"wp:featuredmedia":[{"embeddable":true,"href":"https:\/\/www.avenuedesigncanada.com\/fr\/wp-json\/wp\/v2\/media\/415971"}],"wp:attachment":[{"href":"https:\/\/www.avenuedesigncanada.com\/fr\/wp-json\/wp\/v2\/media?parent=416064"}],"wp:term":[{"taxonomy":"product_brand","embeddable":true,"href":"https:\/\/www.avenuedesigncanada.com\/fr\/wp-json\/wp\/v2\/product_brand?post=416064"},{"taxonomy":"product_cat","embeddable":true,"href":"https:\/\/www.avenuedesigncanada.com\/fr\/wp-json\/wp\/v2\/product_cat?post=416064"},{"taxonomy":"product_tag","embeddable":true,"href":"https:\/\/www.avenuedesigncanada.com\/fr\/wp-json\/wp\/v2\/product_tag?post=416064"}],"curies":[{"name":"wp","href":"https:\/\/api.w.org\/{rel}","templated":true}]}}