{"id":416065,"date":"2026-04-07T15:59:17","date_gmt":"2026-04-07T19:59:17","guid":{"rendered":"https:\/\/www.avenuedesigncanada.com\/product\/lustre-led-volare-light\/"},"modified":"2026-04-07T16:11:28","modified_gmt":"2026-04-07T20:11:28","slug":"lustre-led-volare-light","status":"publish","type":"product","link":"https:\/\/www.avenuedesigncanada.com\/fr\/product\/lustre-led-volare-light\/","title":{"rendered":"Lustre LED Volare Light"},"content":{"rendered":"<p><em>  Le lustre LED Volare Light pr\u00e9sente les caract\u00e9ristiques suivantes : <em><br \/>\nTiges d&rsquo;extension : 3&Prime; + 6&Prime; + 12&Prime; + 18&Prime; + 18&Prime;<br \/>\nDimension de l&rsquo;abat-jour : 1.5&Prime; H x 8&Prime; D<br \/>\nFinition : Brushed Gunmetal<br \/>\nMat\u00e9riau de l&rsquo;abat-jour : Tissu<br \/>\nCouleur de l&rsquo;abat-jour : Blanc<br \/>\nNombre d&rsquo;abat-jour : 5<br \/>\nDimension de l&rsquo;abat-jour : 18&Prime; H x 10&Prime; D  H x 10&Prime; D<br \/>\nPoids du produit : 11.9 lbs.<br \/>\nAvez-vous des questions sur ce produit ?<br \/>\nNos designers sont l\u00e0 pour vous aider. Appelez-nous au (514) 340-9351<\/p>\n","protected":false},"excerpt":{"rendered":"<p>Un design contemporain d&rsquo;\u00e9l\u00e9gance et de simplicit\u00e9.<br \/>\nBranches organiques en bronze bross\u00e9 avec un design de p\u00e9tales en tissu \u00e9clairant.<br \/>\nLes incrustations de feuilles en tissu jettent une lumi\u00e8re douce et invitante.<\/p>\n","protected":false},"featured_media":415959,"template":"","meta":{"_kad_blocks_custom_css":"","_kad_blocks_head_custom_js":"","_kad_blocks_body_custom_js":"","_kad_blocks_footer_custom_js":"","_kad_post_transparent":"","_kad_post_title":"","_kad_post_layout":"","_kad_post_sidebar_id":"","_kad_post_content_style":"","_kad_post_vertical_padding":"","_kad_post_feature":"","_kad_post_feature_position":"","_kad_post_header":false,"_kad_post_footer":false,"_kad_post_classname":""},"product_brand":[],"product_cat":[2195],"product_tag":[2196],"class_list":{"0":"post-416065","1":"product","2":"type-product","3":"status-publish","4":"has-post-thumbnail","6":"product_cat-chandelier","7":"product_tag-enlighten-fr","9":"first","10":"instock","11":"taxable","12":"shipping-taxable","13":"product-type-simple","14":"entry","15":"content-bg","16":"loop-entry"},"taxonomy_info":{"product_cat":[{"value":2195,"label":"Chandelier"}],"product_tag":[{"value":2196,"label":"ENLIGHTEN"}]},"featured_image_src_large":["https:\/\/www.avenuedesigncanada.com\/wp-content\/uploads\/2026\/04\/15-1024x1024.png",1024,1024,true],"author_info":[],"comment_info":"","_links":{"self":[{"href":"https:\/\/www.avenuedesigncanada.com\/fr\/wp-json\/wp\/v2\/product\/416065","targetHints":{"allow":["GET"]}}],"collection":[{"href":"https:\/\/www.avenuedesigncanada.com\/fr\/wp-json\/wp\/v2\/product"}],"about":[{"href":"https:\/\/www.avenuedesigncanada.com\/fr\/wp-json\/wp\/v2\/types\/product"}],"wp:featuredmedia":[{"embeddable":true,"href":"https:\/\/www.avenuedesigncanada.com\/fr\/wp-json\/wp\/v2\/media\/415959"}],"wp:attachment":[{"href":"https:\/\/www.avenuedesigncanada.com\/fr\/wp-json\/wp\/v2\/media?parent=416065"}],"wp:term":[{"taxonomy":"product_brand","embeddable":true,"href":"https:\/\/www.avenuedesigncanada.com\/fr\/wp-json\/wp\/v2\/product_brand?post=416065"},{"taxonomy":"product_cat","embeddable":true,"href":"https:\/\/www.avenuedesigncanada.com\/fr\/wp-json\/wp\/v2\/product_cat?post=416065"},{"taxonomy":"product_tag","embeddable":true,"href":"https:\/\/www.avenuedesigncanada.com\/fr\/wp-json\/wp\/v2\/product_tag?post=416065"}],"curies":[{"name":"wp","href":"https:\/\/api.w.org\/{rel}","templated":true}]}}