{"id":416691,"date":"2026-04-09T13:46:47","date_gmt":"2026-04-09T17:46:47","guid":{"rendered":"https:\/\/www.avenuedesigncanada.com\/product\/table-basse-orula\/"},"modified":"2026-04-09T14:19:42","modified_gmt":"2026-04-09T18:19:42","slug":"table-basse-orula","status":"publish","type":"product","link":"https:\/\/www.avenuedesigncanada.com\/fr\/product\/table-basse-orula\/","title":{"rendered":"Table basse Orula"},"content":{"rendered":"<p><em>  La table basse Orula pr\u00e9sente les caract\u00e9ristiques suivantes : <em><br \/>\n Le b\u00e9ton renforc\u00e9 de fibres de verre est incroyablement durable.<\/p>\n<p>Scell\u00e9 avec une couche de finition pour une protection accrue contre l&rsquo;humidit\u00e9 et les taches.<\/p>\n<p>L&rsquo;effet faux bois est peint \u00e0 la main et con\u00e7u pour ressembler aux veines du bois naturel.<\/p>\n<p>L&rsquo;effet faux marbre est cr\u00e9\u00e9 \u00e0 l&rsquo;aide d&rsquo;une finition par transfert d&rsquo;eau appliqu\u00e9e \u00e0 la main et imite les caract\u00e9ristiques naturelles du marbre.<\/p>\n<p>Fabriqu\u00e9e \u00e0 partir d&rsquo;un m\u00e9lange de b\u00e9ton naturel, chaque pi\u00e8ce aura un aspect diff\u00e9rent.<\/p>\n<p>Les variations de couleur, de texture, les imperfections, les rayures de surface et les fissures capillaires non structurelles sont des qualit\u00e9s inh\u00e9rentes et appr\u00e9ci\u00e9es du b\u00e9ton.<\/p>\n<p>Appliquez des housses de protection ou rangez-les \u00e0 l&rsquo;int\u00e9rieur lorsqu&rsquo;ils ne sont pas utilis\u00e9s et en cas de mauvais temps, afin de prolonger la dur\u00e9e de vie des meubles d&rsquo;ext\u00e9rieur.<br \/>\nVous avez des questions sur ce produit ? Nos concepteurs sont l\u00e0 pour vous aider. Appelez-nous au (514) 340-9351  <\/p>\n","protected":false},"excerpt":{"rendered":"<p>La table basse Orula s&rsquo;inspire des formes les plus douces de la nature. Sculpt\u00e9e dans le b\u00e9ton, sa silhouette dodue, semblable \u00e0 celle d&rsquo;un champignon, est dot\u00e9e d&rsquo;un solide pi\u00e9destal en finition ch\u00eane brun et d&rsquo;un plateau tourbillonnant en finition marbre. C&rsquo;est une pi\u00e8ce ma\u00eetresse qui donne \u00e0 votre espace un charme sans effort.  <\/p>\n","protected":false},"featured_media":416593,"template":"","meta":{"_kad_blocks_custom_css":"","_kad_blocks_head_custom_js":"","_kad_blocks_body_custom_js":"","_kad_blocks_footer_custom_js":"","_kad_post_transparent":"","_kad_post_title":"","_kad_post_layout":"","_kad_post_sidebar_id":"","_kad_post_content_style":"","_kad_post_vertical_padding":"","_kad_post_feature":"","_kad_post_feature_position":"","_kad_post_header":false,"_kad_post_footer":false,"_kad_post_classname":""},"product_brand":[],"product_cat":[2174],"product_tag":[1824],"class_list":{"0":"post-416691","1":"product","2":"type-product","3":"status-publish","4":"has-post-thumbnail","6":"product_cat-table-basse-dexterieur","7":"product_tag-sol-fr","9":"first","10":"instock","11":"taxable","12":"shipping-taxable","13":"product-type-simple","14":"entry","15":"content-bg","16":"loop-entry"},"taxonomy_info":{"product_cat":[{"value":2174,"label":"Table basse d'ext\u00e9rieur"}],"product_tag":[{"value":1824,"label":"SOL"}]},"featured_image_src_large":["https:\/\/www.avenuedesigncanada.com\/wp-content\/uploads\/2026\/04\/112807_21-1024x1024.jpg",1024,1024,true],"author_info":[],"comment_info":"","_links":{"self":[{"href":"https:\/\/www.avenuedesigncanada.com\/fr\/wp-json\/wp\/v2\/product\/416691","targetHints":{"allow":["GET"]}}],"collection":[{"href":"https:\/\/www.avenuedesigncanada.com\/fr\/wp-json\/wp\/v2\/product"}],"about":[{"href":"https:\/\/www.avenuedesigncanada.com\/fr\/wp-json\/wp\/v2\/types\/product"}],"wp:featuredmedia":[{"embeddable":true,"href":"https:\/\/www.avenuedesigncanada.com\/fr\/wp-json\/wp\/v2\/media\/416593"}],"wp:attachment":[{"href":"https:\/\/www.avenuedesigncanada.com\/fr\/wp-json\/wp\/v2\/media?parent=416691"}],"wp:term":[{"taxonomy":"product_brand","embeddable":true,"href":"https:\/\/www.avenuedesigncanada.com\/fr\/wp-json\/wp\/v2\/product_brand?post=416691"},{"taxonomy":"product_cat","embeddable":true,"href":"https:\/\/www.avenuedesigncanada.com\/fr\/wp-json\/wp\/v2\/product_cat?post=416691"},{"taxonomy":"product_tag","embeddable":true,"href":"https:\/\/www.avenuedesigncanada.com\/fr\/wp-json\/wp\/v2\/product_tag?post=416691"}],"curies":[{"name":"wp","href":"https:\/\/api.w.org\/{rel}","templated":true}]}}