{"id":416707,"date":"2026-04-09T13:45:48","date_gmt":"2026-04-09T17:45:48","guid":{"rendered":"https:\/\/www.avenuedesigncanada.com\/product\/tabouret-bari-naturel\/"},"modified":"2026-04-09T14:20:54","modified_gmt":"2026-04-09T18:20:54","slug":"tabouret-bari-naturel","status":"publish","type":"product","link":"https:\/\/www.avenuedesigncanada.com\/fr\/product\/tabouret-bari-naturel\/","title":{"rendered":"Tabouret Bari &#8211; Naturel"},"content":{"rendered":"<p><em>  Le tabouret Bari &#8211; Naturel pr\u00e9sente les caract\u00e9ristiques suivantes : <em><br \/>\n Fabriqu\u00e9 en bois de teck de grade A certifi\u00e9 SVLK provenant de for\u00eats indon\u00e9siennes g\u00e9r\u00e9es de mani\u00e8re responsable.<\/p>\n<p>Le bois de teck est durable et prend une teinte gris argent\u00e9 avec le temps.<\/p>\n<p>Les huiles naturelles du teck emp\u00eachent le pourrissement et offrent une r\u00e9sistance aux champignons, aux termites et aux parasites xylophages.<\/p>\n<p>Les huiles de teck peuvent remonter \u00e0 la surface lorsqu&rsquo;elles sont expos\u00e9es \u00e0 la pluie et \u00e0 l&rsquo;humidit\u00e9, et appara\u00eetre sous forme de taches d&rsquo;eau. Ces huiles peuvent laisser des marques de teck sur les tissus et sont faciles \u00e0 nettoyer. <\/p>\n<p>Les fines fissures sont naturelles et peuvent appara\u00eetre au fur et \u00e0 mesure que le bois vieillit.<\/p>\n<p>Le rev\u00eatement par poudre du cadre en aluminium ajoute une r\u00e9sistance \u00e0 la corrosion et aux intemp\u00e9ries.<\/p>\n<p>La corde synth\u00e9tique tiss\u00e9e est r\u00e9sistante \u00e0 la d\u00e9coloration et facile \u00e0 nettoyer.<\/p>\n<p>Les coussins en maille textil\u00e8ne sont r\u00e9sistants \u00e0 l&rsquo;\u00e9tirement et \u00e0 la d\u00e9chirure.<\/p>\n<p>Les coussins en mousse durable \u00e0 s\u00e9chage rapide sont antimicrobiens et respectueux de l&rsquo;environnement&#8230;<\/p>\n<p>Le tissu ext\u00e9rieur en ol\u00e9fine enduite de PVC offre une r\u00e9sistance extr\u00eame aux intemp\u00e9ries et une protection contre la d\u00e9coloration et les dommages caus\u00e9s par les UV.<\/p>\n<p>Tissu : Stinson White. Les tissus outdoor certifi\u00e9s Oeko-tex sont exempts de substances nocives pour l&rsquo;homme et les \u00e9cosyst\u00e8mes.<\/p>\n<p>Fabriqu\u00e9 avec des mat\u00e9riaux 100 % recyclables.<\/p>\n<p>Appliquez des housses de protection ou rangez-les \u00e0 l&rsquo;int\u00e9rieur lorsqu&rsquo;ils ne sont pas utilis\u00e9s et en cas de mauvais temps, afin de prolonger la dur\u00e9e de vie des meubles d&rsquo;ext\u00e9rieur.<br \/>\nVous avez des questions sur ce produit ? Nos concepteurs sont l\u00e0 pour vous aider. Appelez-nous au (514) 340-9351  <\/p>\n","protected":false},"excerpt":{"rendered":"<p>Ce tabouret intemporel de notre collection Outdoor vous transportera dans un lieu de d\u00e9tente en plein air. Fabriqu\u00e9 avec un cadre en bois de teck naturel et un tissage greymix, ainsi qu&rsquo;une assise en tissu blanc Stinson, ce tabouret cr\u00e9e un look \u00e9l\u00e9gant et moderne. Convient aux espaces int\u00e9rieurs et ext\u00e9rieurs couverts.  <\/p>\n","protected":false},"featured_media":416141,"template":"","meta":{"_kad_blocks_custom_css":"","_kad_blocks_head_custom_js":"","_kad_blocks_body_custom_js":"","_kad_blocks_footer_custom_js":"","_kad_post_transparent":"","_kad_post_title":"","_kad_post_layout":"","_kad_post_sidebar_id":"","_kad_post_content_style":"","_kad_post_vertical_padding":"","_kad_post_feature":"","_kad_post_feature_position":"","_kad_post_header":false,"_kad_post_footer":false,"_kad_post_classname":""},"product_brand":[],"product_cat":[2171],"product_tag":[1824],"class_list":{"0":"post-416707","1":"product","2":"type-product","3":"status-publish","4":"has-post-thumbnail","6":"product_cat-bancs-dexterieur-poufs","7":"product_tag-sol-fr","9":"first","10":"instock","11":"taxable","12":"shipping-taxable","13":"product-type-simple","14":"entry","15":"content-bg","16":"loop-entry"},"taxonomy_info":{"product_cat":[{"value":2171,"label":"Bancs d'ext\u00e9rieur \/ poufs"}],"product_tag":[{"value":1824,"label":"SOL"}]},"featured_image_src_large":["https:\/\/www.avenuedesigncanada.com\/wp-content\/uploads\/2026\/04\/109463_1-1024x1024.jpg",1024,1024,true],"author_info":[],"comment_info":"","_links":{"self":[{"href":"https:\/\/www.avenuedesigncanada.com\/fr\/wp-json\/wp\/v2\/product\/416707","targetHints":{"allow":["GET"]}}],"collection":[{"href":"https:\/\/www.avenuedesigncanada.com\/fr\/wp-json\/wp\/v2\/product"}],"about":[{"href":"https:\/\/www.avenuedesigncanada.com\/fr\/wp-json\/wp\/v2\/types\/product"}],"wp:featuredmedia":[{"embeddable":true,"href":"https:\/\/www.avenuedesigncanada.com\/fr\/wp-json\/wp\/v2\/media\/416141"}],"wp:attachment":[{"href":"https:\/\/www.avenuedesigncanada.com\/fr\/wp-json\/wp\/v2\/media?parent=416707"}],"wp:term":[{"taxonomy":"product_brand","embeddable":true,"href":"https:\/\/www.avenuedesigncanada.com\/fr\/wp-json\/wp\/v2\/product_brand?post=416707"},{"taxonomy":"product_cat","embeddable":true,"href":"https:\/\/www.avenuedesigncanada.com\/fr\/wp-json\/wp\/v2\/product_cat?post=416707"},{"taxonomy":"product_tag","embeddable":true,"href":"https:\/\/www.avenuedesigncanada.com\/fr\/wp-json\/wp\/v2\/product_tag?post=416707"}],"curies":[{"name":"wp","href":"https:\/\/api.w.org\/{rel}","templated":true}]}}