{"id":416751,"date":"2026-01-08T09:58:35","date_gmt":"2026-01-08T14:58:35","guid":{"rendered":"https:\/\/www.avenuedesigncanada.com\/product\/table-a-cocktail-ellery\/"},"modified":"2026-04-13T11:43:37","modified_gmt":"2026-04-13T15:43:37","slug":"table-a-cocktail-ellery","status":"publish","type":"product","link":"https:\/\/www.avenuedesigncanada.com\/fr\/product\/table-a-cocktail-ellery\/","title":{"rendered":"Table \u00e0 cocktail Ellery"},"content":{"rendered":"<p><em>Les caract\u00e9ristiques de la table \u00e0 cocktail Ellery :<\/em><\/p>\n<p>D&rsquo;un design discret, cette table \u00e0 cocktail moderne se distingue par ses lignes \u00e9pur\u00e9es<br \/>\nPlateau en marbre naturel poli blanc<br \/>\nBase en acier rev\u00eatu de poudre noire mate<br \/>\nConsoles et tables d&rsquo;appoint assorties \u00e9galement disponibles<br \/>\nCe design a \u00e9t\u00e9 r\u00e9alis\u00e9 par des artisans locaux qualifi\u00e9s gr\u00e2ce \u00e0 un savoir-faire raffin\u00e9<br \/>\nEn raison de la nature du travail artisanal, les imperfections uniques telles que les fissures, les marques et les variations de couleur et de forme sont les bienvenues et les caract\u00e9ristiques appr\u00e9ci\u00e9es d&rsquo;une pi\u00e8ce vraiment unique.<\/p>\n<p>Vous avez des questions sur ce produit ? Nos concepteurs sont l\u00e0 pour vous aider. Appelez-nous au (514) 340-9351  <\/p>\n","protected":false},"excerpt":{"rendered":"<p>Avec un design discret, cette table \u00e0 cocktail moderne se distingue par ses lignes \u00e9pur\u00e9es. Elle se compose d&rsquo;un plateau en marbre naturel blanc poli et d&rsquo;une base en acier rev\u00eatue de poudre noire mate. Des consoles et des tables d&rsquo;appoint coordonn\u00e9es sont \u00e9galement disponibles.   Le marbre \u00e9tant un mat\u00e9riau naturel, les veines, les piq\u00fbres, les fissures, les microfissures et les variations de couleur sont autant de caract\u00e9ristiques qui ajoutent au caract\u00e8re unique et \u00e0 la beaut\u00e9 de chaque pi\u00e8ce. Fabriqu\u00e9 en Inde. Ce mod\u00e8le a \u00e9t\u00e9 cr\u00e9\u00e9 par des artisans locaux qualifi\u00e9s, dans le cadre d&rsquo;un travail artisanal raffin\u00e9. En raison de la nature de l&rsquo;artisanat, les imperfections uniques telles que les fissures, les marques et les variations de couleur et de forme sont des caract\u00e9ristiques bienvenues et appr\u00e9ci\u00e9es pour une pi\u00e8ce vraiment unique.  <\/p>\n","protected":false},"featured_media":399783,"template":"","meta":{"_kad_blocks_custom_css":"","_kad_blocks_head_custom_js":"","_kad_blocks_body_custom_js":"","_kad_blocks_footer_custom_js":"","_kad_post_transparent":"","_kad_post_title":"","_kad_post_layout":"","_kad_post_sidebar_id":"","_kad_post_content_style":"","_kad_post_vertical_padding":"","_kad_post_feature":"","_kad_post_feature_position":"","_kad_post_header":false,"_kad_post_footer":false,"_kad_post_classname":""},"product_brand":[],"product_cat":[1327],"product_tag":[1824],"class_list":{"0":"post-416751","1":"product","2":"type-product","3":"status-publish","4":"has-post-thumbnail","6":"product_cat-salon-tables-a-cafe","7":"product_tag-sol-fr","9":"first","10":"instock","11":"taxable","12":"shipping-taxable","13":"product-type-simple","14":"entry","15":"content-bg","16":"loop-entry"},"taxonomy_info":{"product_cat":[{"value":1327,"label":"Tables \u00e0 caf\u00e9"}],"product_tag":[{"value":1824,"label":"SOL"}]},"featured_image_src_large":["https:\/\/www.avenuedesigncanada.com\/wp-content\/uploads\/2026\/01\/Ellery-1-1024x1024.jpg",1024,1024,true],"author_info":[],"comment_info":"","_links":{"self":[{"href":"https:\/\/www.avenuedesigncanada.com\/fr\/wp-json\/wp\/v2\/product\/416751","targetHints":{"allow":["GET"]}}],"collection":[{"href":"https:\/\/www.avenuedesigncanada.com\/fr\/wp-json\/wp\/v2\/product"}],"about":[{"href":"https:\/\/www.avenuedesigncanada.com\/fr\/wp-json\/wp\/v2\/types\/product"}],"wp:featuredmedia":[{"embeddable":true,"href":"https:\/\/www.avenuedesigncanada.com\/fr\/wp-json\/wp\/v2\/media\/399783"}],"wp:attachment":[{"href":"https:\/\/www.avenuedesigncanada.com\/fr\/wp-json\/wp\/v2\/media?parent=416751"}],"wp:term":[{"taxonomy":"product_brand","embeddable":true,"href":"https:\/\/www.avenuedesigncanada.com\/fr\/wp-json\/wp\/v2\/product_brand?post=416751"},{"taxonomy":"product_cat","embeddable":true,"href":"https:\/\/www.avenuedesigncanada.com\/fr\/wp-json\/wp\/v2\/product_cat?post=416751"},{"taxonomy":"product_tag","embeddable":true,"href":"https:\/\/www.avenuedesigncanada.com\/fr\/wp-json\/wp\/v2\/product_tag?post=416751"}],"curies":[{"name":"wp","href":"https:\/\/api.w.org\/{rel}","templated":true}]}}