{"id":416758,"date":"2022-08-13T12:49:22","date_gmt":"2022-08-13T16:49:22","guid":{"rendered":"https:\/\/www.avenuedesigncanada.com\/product\/buffet-zapata\/"},"modified":"2026-04-13T12:03:22","modified_gmt":"2026-04-13T16:03:22","slug":"buffet-zapata","status":"publish","type":"product","link":"https:\/\/www.avenuedesigncanada.com\/fr\/product\/buffet-zapata\/","title":{"rendered":"Buffet Zapata"},"content":{"rendered":"<p><em>Le buffet Zapata est compos\u00e9 de<\/em><\/p>\n<p>Caisse en ch\u00eane blanc quarr\u00e9 en finition Flaxen<br \/>\nTrois portes \u00e0 cadre en bois avec panneau encastr\u00e9 en corde de papier torsad\u00e9<br \/>\nDerri\u00e8re les portes de gauche et de droite se trouve une \u00e9tag\u00e8re r\u00e9glable\/amovible, des trous d&rsquo;a\u00e9ration et un trou pour passe-partout avec couvercle dans le panneau arri\u00e8re<br \/>\nDerri\u00e8re la porte centrale se trouvent deux compartiments, un tiroir \u00e0 fermeture progressive avec insert pour argenterie et tirette manuelle<br \/>\nLe compartiment central sup\u00e9rieur a un trou d&rsquo;a\u00e9ration et un trou pour passe-partout avec couvercle<br \/>\nSix pieds avec glissi\u00e8res r\u00e9glables<\/p>\n<p><em>Note<\/em>: Con\u00e7u pour supporter un t\u00e9l\u00e9viseur et\/ou d&rsquo;autres m\u00e9dias<\/p>\n<p>Vous avez des questions sur ce produit ?<br \/>\nNos concepteurs sont l\u00e0 pour vous aider. Appelez-nous au (514) 340-9351 <\/p>\n","protected":false},"excerpt":{"rendered":"<p>Le buffet Zapata est compos\u00e9 de Caisse en ch\u00eane blanc quarr\u00e9 en finition Flaxen Trois portes \u00e0 cadre en bois avec panneau encastr\u00e9 en corde de papier torsad\u00e9 Derri\u00e8re les portes de gauche et de droite se trouve une \u00e9tag\u00e8re r\u00e9glable\/amovible, des trous d&rsquo;a\u00e9ration et un trou pour passe-partout avec couvercle dans le panneau arri\u00e8re&#8230;<\/p>\n","protected":false},"featured_media":156469,"template":"","meta":{"_kad_blocks_custom_css":"","_kad_blocks_head_custom_js":"","_kad_blocks_body_custom_js":"","_kad_blocks_footer_custom_js":"","_kad_post_transparent":"","_kad_post_title":"","_kad_post_layout":"","_kad_post_sidebar_id":"","_kad_post_content_style":"","_kad_post_vertical_padding":"","_kad_post_feature":"","_kad_post_feature_position":"","_kad_post_header":false,"_kad_post_footer":false,"_kad_post_classname":""},"product_brand":[],"product_cat":[1303],"product_tag":[1844],"class_list":{"0":"post-416758","1":"product","2":"type-product","3":"status-publish","4":"has-post-thumbnail","6":"product_cat-buffets","7":"product_tag-barcelona-cg-fr-2","9":"first","10":"instock","11":"product-type-simple","12":"entry","13":"content-bg","14":"loop-entry"},"taxonomy_info":{"product_cat":[{"value":1303,"label":"Buffets"}],"product_tag":[{"value":1844,"label":"BARCELONA - CG"}]},"featured_image_src_large":["https:\/\/www.avenuedesigncanada.com\/wp-content\/uploads\/2022\/08\/309132_zapata_frontalt_web-2-1024x1024.jpg",1024,1024,true],"author_info":[],"comment_info":"","_links":{"self":[{"href":"https:\/\/www.avenuedesigncanada.com\/fr\/wp-json\/wp\/v2\/product\/416758","targetHints":{"allow":["GET"]}}],"collection":[{"href":"https:\/\/www.avenuedesigncanada.com\/fr\/wp-json\/wp\/v2\/product"}],"about":[{"href":"https:\/\/www.avenuedesigncanada.com\/fr\/wp-json\/wp\/v2\/types\/product"}],"wp:featuredmedia":[{"embeddable":true,"href":"https:\/\/www.avenuedesigncanada.com\/fr\/wp-json\/wp\/v2\/media\/156469"}],"wp:attachment":[{"href":"https:\/\/www.avenuedesigncanada.com\/fr\/wp-json\/wp\/v2\/media?parent=416758"}],"wp:term":[{"taxonomy":"product_brand","embeddable":true,"href":"https:\/\/www.avenuedesigncanada.com\/fr\/wp-json\/wp\/v2\/product_brand?post=416758"},{"taxonomy":"product_cat","embeddable":true,"href":"https:\/\/www.avenuedesigncanada.com\/fr\/wp-json\/wp\/v2\/product_cat?post=416758"},{"taxonomy":"product_tag","embeddable":true,"href":"https:\/\/www.avenuedesigncanada.com\/fr\/wp-json\/wp\/v2\/product_tag?post=416758"}],"curies":[{"name":"wp","href":"https:\/\/api.w.org\/{rel}","templated":true}]}}