{"id":417768,"date":"2026-04-16T10:05:18","date_gmt":"2026-04-16T14:05:18","guid":{"rendered":"https:\/\/www.avenuedesigncanada.com\/product\/petit-lustre-led-raffinato\/"},"modified":"2026-04-16T10:24:06","modified_gmt":"2026-04-16T14:24:06","slug":"petit-lustre-led-raffinato","status":"publish","type":"product","link":"https:\/\/www.avenuedesigncanada.com\/fr\/product\/petit-lustre-led-raffinato\/","title":{"rendered":"Petit lustre LED Raffinato"},"content":{"rendered":"<p><em>  Le petit lustre LED Raffinato pr\u00e9sente les caract\u00e9ristiques suivantes : <em><br \/>\nLongueur du c\u00e2ble : 96&Prime;<br \/>\nTiges d&rsquo;extension : 3&Prime; + 6&Prime; + 12&Prime; + 18&Prime; + 18&Prime;<br \/>\nDimension de l&rsquo;abat-jour : 1.5&Prime; H x 8.25&Prime; D<br \/>\nFinition : Or bross\u00e9<br \/>\nMat\u00e9riau de l&rsquo;abat-jour : Verre<br \/>\nCouleur de l&rsquo;abat-jour : Clair<br \/>\nNombre d&rsquo;abat-jour : 1<br \/>\nDimension de l&rsquo;abat-jour : 1.5&Prime; H x 19.75&Prime; D<br \/>\nPoids du produit : 42.3 lbs.<br \/>\nLes luminaires pesant 35 lbs. ou plus doivent \u00eatre support\u00e9s et install\u00e9s ind\u00e9pendamment de la bo\u00eete de sortie de plafond (jonction) et n\u00e9cessitent un support suppl\u00e9mentaire dans le plafond o\u00f9 le luminaire est install\u00e9.<br \/>\nAvez-vous des questions \u00e0 propos de ce produit ?<br \/>\nNos designers sont l\u00e0 pour vous aider.  Appelez-nous au (514) 340-9351<\/p>\n","protected":false},"excerpt":{"rendered":"<p>Cage m\u00e9tallique unique en 2 finitions &#8211; gunmetal bross\u00e9 et or bross\u00e9.<br \/>\nGrand verre circulaire moul\u00e9 \u00e0 la main avec des vagues complexes semblables \u00e0 celles de l&rsquo;oc\u00e9an.<br \/>\nMariage de la forme et de la fonction pour cr\u00e9er un design captivant.<\/p>\n","protected":false},"featured_media":417498,"template":"","meta":{"_kad_blocks_custom_css":"","_kad_blocks_head_custom_js":"","_kad_blocks_body_custom_js":"","_kad_blocks_footer_custom_js":"","_kad_post_transparent":"","_kad_post_title":"","_kad_post_layout":"","_kad_post_sidebar_id":"","_kad_post_content_style":"","_kad_post_vertical_padding":"","_kad_post_feature":"","_kad_post_feature_position":"","_kad_post_header":false,"_kad_post_footer":false,"_kad_post_classname":""},"product_brand":[],"product_cat":[2195],"product_tag":[2196],"class_list":{"0":"post-417768","1":"product","2":"type-product","3":"status-publish","4":"has-post-thumbnail","6":"product_cat-chandelier","7":"product_tag-enlighten-fr","9":"first","10":"instock","11":"taxable","12":"shipping-taxable","13":"product-type-simple","14":"entry","15":"content-bg","16":"loop-entry"},"taxonomy_info":{"product_cat":[{"value":2195,"label":"Chandelier"}],"product_tag":[{"value":2196,"label":"ENLIGHTEN"}]},"featured_image_src_large":["https:\/\/www.avenuedesigncanada.com\/wp-content\/uploads\/2026\/04\/RAFFINATO-12101-014-SMALL-LED-CHANDELIER-1024x1024.png",1024,1024,true],"author_info":[],"comment_info":"","_links":{"self":[{"href":"https:\/\/www.avenuedesigncanada.com\/fr\/wp-json\/wp\/v2\/product\/417768","targetHints":{"allow":["GET"]}}],"collection":[{"href":"https:\/\/www.avenuedesigncanada.com\/fr\/wp-json\/wp\/v2\/product"}],"about":[{"href":"https:\/\/www.avenuedesigncanada.com\/fr\/wp-json\/wp\/v2\/types\/product"}],"wp:featuredmedia":[{"embeddable":true,"href":"https:\/\/www.avenuedesigncanada.com\/fr\/wp-json\/wp\/v2\/media\/417498"}],"wp:attachment":[{"href":"https:\/\/www.avenuedesigncanada.com\/fr\/wp-json\/wp\/v2\/media?parent=417768"}],"wp:term":[{"taxonomy":"product_brand","embeddable":true,"href":"https:\/\/www.avenuedesigncanada.com\/fr\/wp-json\/wp\/v2\/product_brand?post=417768"},{"taxonomy":"product_cat","embeddable":true,"href":"https:\/\/www.avenuedesigncanada.com\/fr\/wp-json\/wp\/v2\/product_cat?post=417768"},{"taxonomy":"product_tag","embeddable":true,"href":"https:\/\/www.avenuedesigncanada.com\/fr\/wp-json\/wp\/v2\/product_tag?post=417768"}],"curies":[{"name":"wp","href":"https:\/\/api.w.org\/{rel}","templated":true}]}}