{"id":418100,"date":"2026-04-16T12:31:47","date_gmt":"2026-04-16T16:31:47","guid":{"rendered":"https:\/\/www.avenuedesigncanada.com\/product\/table-dappoint-saldo\/"},"modified":"2026-04-16T12:35:06","modified_gmt":"2026-04-16T16:35:06","slug":"table-dappoint-saldo","status":"publish","type":"product","link":"https:\/\/www.avenuedesigncanada.com\/fr\/product\/table-dappoint-saldo\/","title":{"rendered":"Table d&rsquo;appoint Saldo"},"content":{"rendered":"<p><em>  La table d&rsquo;appoint Saldo pr\u00e9sente les caract\u00e9ristiques suivantes : <em><br \/>\n Le b\u00e9ton renforc\u00e9 de fibres de verre est incroyablement durable.<\/p>\n<p>Scell\u00e9 avec une couche de finition pour une protection accrue contre l&rsquo;humidit\u00e9 et les taches.<\/p>\n<p>L&rsquo;effet de faux marbre sur le plateau de la table est cr\u00e9\u00e9 \u00e0 l&rsquo;aide d&rsquo;une finition par transfert d&rsquo;eau appliqu\u00e9e \u00e0 la main et imite les caract\u00e9ristiques naturelles du marbre.<\/p>\n<p>Fabriqu\u00e9e \u00e0 partir d&rsquo;un m\u00e9lange de b\u00e9ton naturel, chaque pi\u00e8ce aura un aspect diff\u00e9rent.<\/p>\n<p>Les variations de couleur, de texture, les imperfections, les rayures de surface et les fissures capillaires non structurelles sont des qualit\u00e9s inh\u00e9rentes et appr\u00e9ci\u00e9es du b\u00e9ton.<\/p>\n<p>Appliquez des housses de protection ou rangez-les \u00e0 l&rsquo;int\u00e9rieur lorsqu&rsquo;ils ne sont pas utilis\u00e9s et en cas de mauvais temps, afin de prolonger la dur\u00e9e de vie des meubles d&rsquo;ext\u00e9rieur.<br \/>\nVous avez des questions sur ce produit ? Nos concepteurs sont l\u00e0 pour vous aider. Appelez-nous au (514) 340-9351  <\/p>\n","protected":false},"excerpt":{"rendered":"<p>La table d&rsquo;appoint Saldo attire le regard par sa g\u00e9om\u00e9trie audacieuse. Une base cylindrique en b\u00e9ton au fini travertin constitue une base naturelle, tandis qu&rsquo;au-dessus, un plateau rond en b\u00e9ton noir piqu\u00e9 ajoute une touche graphique saisissante. Reli\u00e9e par une fine tige en bronze rustique, la composition semble presque architecturale et constitue une pi\u00e8ce d&rsquo;ancrage parfaite qui peut se glisser facilement \u00e0 c\u00f4t\u00e9 d&rsquo;un canap\u00e9 ou se tenir seule.  <\/p>\n","protected":false},"featured_media":417986,"template":"","meta":{"_kad_blocks_custom_css":"","_kad_blocks_head_custom_js":"","_kad_blocks_body_custom_js":"","_kad_blocks_footer_custom_js":"","_kad_post_transparent":"","_kad_post_title":"","_kad_post_layout":"","_kad_post_sidebar_id":"","_kad_post_content_style":"","_kad_post_vertical_padding":"","_kad_post_feature":"","_kad_post_feature_position":"","_kad_post_header":false,"_kad_post_footer":false,"_kad_post_classname":""},"product_brand":[],"product_cat":[2204],"product_tag":[1824],"class_list":{"0":"post-418100","1":"product","2":"type-product","3":"status-publish","4":"has-post-thumbnail","6":"product_cat-tables-dappoint-pour-lexterieur","7":"product_tag-sol-fr","9":"first","10":"instock","11":"taxable","12":"shipping-taxable","13":"product-type-simple","14":"entry","15":"content-bg","16":"loop-entry"},"taxonomy_info":{"product_cat":[{"value":2204,"label":"Tables d'appoint pour l'ext\u00e9rieur"}],"product_tag":[{"value":1824,"label":"SOL"}]},"featured_image_src_large":["https:\/\/www.avenuedesigncanada.com\/wp-content\/uploads\/2026\/04\/112582_21-1024x1024.jpg",1024,1024,true],"author_info":[],"comment_info":"","_links":{"self":[{"href":"https:\/\/www.avenuedesigncanada.com\/fr\/wp-json\/wp\/v2\/product\/418100","targetHints":{"allow":["GET"]}}],"collection":[{"href":"https:\/\/www.avenuedesigncanada.com\/fr\/wp-json\/wp\/v2\/product"}],"about":[{"href":"https:\/\/www.avenuedesigncanada.com\/fr\/wp-json\/wp\/v2\/types\/product"}],"wp:featuredmedia":[{"embeddable":true,"href":"https:\/\/www.avenuedesigncanada.com\/fr\/wp-json\/wp\/v2\/media\/417986"}],"wp:attachment":[{"href":"https:\/\/www.avenuedesigncanada.com\/fr\/wp-json\/wp\/v2\/media?parent=418100"}],"wp:term":[{"taxonomy":"product_brand","embeddable":true,"href":"https:\/\/www.avenuedesigncanada.com\/fr\/wp-json\/wp\/v2\/product_brand?post=418100"},{"taxonomy":"product_cat","embeddable":true,"href":"https:\/\/www.avenuedesigncanada.com\/fr\/wp-json\/wp\/v2\/product_cat?post=418100"},{"taxonomy":"product_tag","embeddable":true,"href":"https:\/\/www.avenuedesigncanada.com\/fr\/wp-json\/wp\/v2\/product_tag?post=418100"}],"curies":[{"name":"wp","href":"https:\/\/api.w.org\/{rel}","templated":true}]}}