{"id":418108,"date":"2026-04-16T12:31:11","date_gmt":"2026-04-16T16:31:11","guid":{"rendered":"https:\/\/www.avenuedesigncanada.com\/product\/table-dextremite-kiri\/"},"modified":"2026-04-16T12:35:26","modified_gmt":"2026-04-16T16:35:26","slug":"table-dextremite-kiri","status":"publish","type":"product","link":"https:\/\/www.avenuedesigncanada.com\/fr\/product\/table-dextremite-kiri\/","title":{"rendered":"Table d&rsquo;extr\u00e9mit\u00e9 Kiri"},"content":{"rendered":"<p><em>  Les caract\u00e9ristiques de la table d&rsquo;extr\u00e9mit\u00e9 Hali : <em><br \/>\n Peut \u00eatre associ\u00e9e \u00e0 la table d&rsquo;extr\u00e9mit\u00e9 Hali pour cr\u00e9er un ensemble de tables gigognes.<\/p>\n<p>Le b\u00e9ton renforc\u00e9 de fibres de verre est incroyablement durable.<\/p>\n<p>Scell\u00e9 avec une couche de finition pour une protection accrue contre l&rsquo;humidit\u00e9 et les taches.<\/p>\n<p>L&rsquo;effet de faux m\u00e9tal en laiton antique sur la base est peint \u00e0 la main.<\/p>\n<p>L&rsquo;effet faux bois est peint \u00e0 la main et con\u00e7u pour ressembler aux veines du bois naturel.<\/p>\n<p>Fabriqu\u00e9e \u00e0 partir d&rsquo;un m\u00e9lange de b\u00e9ton naturel, chaque pi\u00e8ce aura un aspect diff\u00e9rent.<\/p>\n<p>Les variations de couleur, de texture, les imperfections, les rayures de surface et les fissures capillaires non structurelles sont des qualit\u00e9s inh\u00e9rentes et appr\u00e9ci\u00e9es du b\u00e9ton.<\/p>\n<p>Appliquez des housses de protection ou rangez-les \u00e0 l&rsquo;int\u00e9rieur lorsqu&rsquo;ils ne sont pas utilis\u00e9s et en cas de mauvais temps, afin de prolonger la dur\u00e9e de vie des meubles d&rsquo;ext\u00e9rieur.<br \/>\nVous avez des questions sur ce produit ? Nos concepteurs sont l\u00e0 pour vous aider. Appelez-nous au (514) 340-9351  <\/p>\n","protected":false},"excerpt":{"rendered":"<p>La table d&rsquo;extr\u00e9mit\u00e9 Kiri est un spectacle de formes qui embrasse l&rsquo;essence du design moderne du milieu du si\u00e8cle. Fabriqu\u00e9e enti\u00e8rement en b\u00e9ton avec des d\u00e9tails texturaux en bois tels que des motifs naturels et une finition \u00e0 la brosse m\u00e9tallique. Elle est compl\u00e9t\u00e9e par une finition m\u00e9tallique en laiton antique peinte \u00e0 la main sur la base et sous le plateau de la table.  <\/p>\n","protected":false},"featured_media":417980,"template":"","meta":{"_kad_blocks_custom_css":"","_kad_blocks_head_custom_js":"","_kad_blocks_body_custom_js":"","_kad_blocks_footer_custom_js":"","_kad_post_transparent":"","_kad_post_title":"","_kad_post_layout":"","_kad_post_sidebar_id":"","_kad_post_content_style":"","_kad_post_vertical_padding":"","_kad_post_feature":"","_kad_post_feature_position":"","_kad_post_header":false,"_kad_post_footer":false,"_kad_post_classname":""},"product_brand":[],"product_cat":[2204],"product_tag":[1824],"class_list":{"0":"post-418108","1":"product","2":"type-product","3":"status-publish","4":"has-post-thumbnail","6":"product_cat-tables-dappoint-pour-lexterieur","7":"product_tag-sol-fr","9":"first","10":"instock","11":"taxable","12":"shipping-taxable","13":"product-type-simple","14":"entry","15":"content-bg","16":"loop-entry"},"taxonomy_info":{"product_cat":[{"value":2204,"label":"Tables d'appoint pour l'ext\u00e9rieur"}],"product_tag":[{"value":1824,"label":"SOL"}]},"featured_image_src_large":["https:\/\/www.avenuedesigncanada.com\/wp-content\/uploads\/2026\/04\/112476_20-1024x1024.jpg",1024,1024,true],"author_info":[],"comment_info":"","_links":{"self":[{"href":"https:\/\/www.avenuedesigncanada.com\/fr\/wp-json\/wp\/v2\/product\/418108","targetHints":{"allow":["GET"]}}],"collection":[{"href":"https:\/\/www.avenuedesigncanada.com\/fr\/wp-json\/wp\/v2\/product"}],"about":[{"href":"https:\/\/www.avenuedesigncanada.com\/fr\/wp-json\/wp\/v2\/types\/product"}],"wp:featuredmedia":[{"embeddable":true,"href":"https:\/\/www.avenuedesigncanada.com\/fr\/wp-json\/wp\/v2\/media\/417980"}],"wp:attachment":[{"href":"https:\/\/www.avenuedesigncanada.com\/fr\/wp-json\/wp\/v2\/media?parent=418108"}],"wp:term":[{"taxonomy":"product_brand","embeddable":true,"href":"https:\/\/www.avenuedesigncanada.com\/fr\/wp-json\/wp\/v2\/product_brand?post=418108"},{"taxonomy":"product_cat","embeddable":true,"href":"https:\/\/www.avenuedesigncanada.com\/fr\/wp-json\/wp\/v2\/product_cat?post=418108"},{"taxonomy":"product_tag","embeddable":true,"href":"https:\/\/www.avenuedesigncanada.com\/fr\/wp-json\/wp\/v2\/product_tag?post=418108"}],"curies":[{"name":"wp","href":"https:\/\/api.w.org\/{rel}","templated":true}]}}