{"id":418434,"date":"2026-04-16T15:58:17","date_gmt":"2026-04-16T19:58:17","guid":{"rendered":"https:\/\/www.avenuedesigncanada.com\/product\/etna-light-led-wall-mount\/"},"modified":"2026-04-16T16:01:35","modified_gmt":"2026-04-16T20:01:35","slug":"etna-light-led-wall-mount","status":"publish","type":"product","link":"https:\/\/www.avenuedesigncanada.com\/fr\/product\/etna-light-led-wall-mount\/","title":{"rendered":"Etna Light LED Wall Mount"},"content":{"rendered":"<p><em>  Le support mural LED Etna Light pr\u00e9sente les caract\u00e9ristiques suivantes : <em><br \/>\nFinition : Noir<br \/>\nMat\u00e9riau de l&rsquo;abat-jour : Alb\u00e2tre<br \/>\nCouleur de l&rsquo;abat-jour : Blanc<br \/>\nNombre d&rsquo;abat-jour : 2<br \/>\nDimension de l&rsquo;abat-jour : 14&Prime; H x 3.25&Prime; D<br \/>\nPoids du produit : 4 lbs.<br \/>\nAvez-vous des questions sur ce produit ?<br \/>\nNos designers sont l\u00e0 pour vous aider. Appelez-nous au (514) 340-9351<\/p>\n","protected":false},"excerpt":{"rendered":"<p>Ce luminaire est un lustre multi-pendentif spectaculaire compos\u00e9 de douzaines de tiges minces aux tons dor\u00e9s suspendues \u00e0 un baldaquin.<br \/>\nLe choix entre un baldaquin peint en laiton antique ou en noir mat avec des accents dor\u00e9s donne un aspect raffin\u00e9 et luxueux.<br \/>\nLes accents en laiton antique ajoutent une touche de sophistication \u00e0 ce luminaire glamour.<\/p>\n","protected":false},"featured_media":418268,"template":"","meta":{"_kad_blocks_custom_css":"","_kad_blocks_head_custom_js":"","_kad_blocks_body_custom_js":"","_kad_blocks_footer_custom_js":"","_kad_post_transparent":"","_kad_post_title":"","_kad_post_layout":"","_kad_post_sidebar_id":"","_kad_post_content_style":"","_kad_post_vertical_padding":"","_kad_post_feature":"","_kad_post_feature_position":"","_kad_post_header":false,"_kad_post_footer":false,"_kad_post_classname":""},"product_brand":[],"product_cat":[2206],"product_tag":[2196],"class_list":{"0":"post-418434","1":"product","2":"type-product","3":"status-publish","4":"has-post-thumbnail","6":"product_cat-suspensions-murales","7":"product_tag-enlighten-fr","9":"first","10":"instock","11":"taxable","12":"shipping-taxable","13":"product-type-simple","14":"entry","15":"content-bg","16":"loop-entry"},"taxonomy_info":{"product_cat":[{"value":2206,"label":"Suspensions murales"}],"product_tag":[{"value":2196,"label":"ENLIGHTEN"}]},"featured_image_src_large":["https:\/\/www.avenuedesigncanada.com\/wp-content\/uploads\/2026\/04\/ETNA-12451-02-2-LIGHT-LED-WALL-MOUNT-1024x1024.png",1024,1024,true],"author_info":[],"comment_info":"","_links":{"self":[{"href":"https:\/\/www.avenuedesigncanada.com\/fr\/wp-json\/wp\/v2\/product\/418434","targetHints":{"allow":["GET"]}}],"collection":[{"href":"https:\/\/www.avenuedesigncanada.com\/fr\/wp-json\/wp\/v2\/product"}],"about":[{"href":"https:\/\/www.avenuedesigncanada.com\/fr\/wp-json\/wp\/v2\/types\/product"}],"wp:featuredmedia":[{"embeddable":true,"href":"https:\/\/www.avenuedesigncanada.com\/fr\/wp-json\/wp\/v2\/media\/418268"}],"wp:attachment":[{"href":"https:\/\/www.avenuedesigncanada.com\/fr\/wp-json\/wp\/v2\/media?parent=418434"}],"wp:term":[{"taxonomy":"product_brand","embeddable":true,"href":"https:\/\/www.avenuedesigncanada.com\/fr\/wp-json\/wp\/v2\/product_brand?post=418434"},{"taxonomy":"product_cat","embeddable":true,"href":"https:\/\/www.avenuedesigncanada.com\/fr\/wp-json\/wp\/v2\/product_cat?post=418434"},{"taxonomy":"product_tag","embeddable":true,"href":"https:\/\/www.avenuedesigncanada.com\/fr\/wp-json\/wp\/v2\/product_tag?post=418434"}],"curies":[{"name":"wp","href":"https:\/\/api.w.org\/{rel}","templated":true}]}}