{"id":418435,"date":"2026-04-16T15:58:11","date_gmt":"2026-04-16T19:58:11","guid":{"rendered":"https:\/\/www.avenuedesigncanada.com\/product\/camerino-light-led-wall-mount\/"},"modified":"2026-04-16T16:01:35","modified_gmt":"2026-04-16T20:01:35","slug":"camerino-light-led-wall-mount","status":"publish","type":"product","link":"https:\/\/www.avenuedesigncanada.com\/fr\/product\/camerino-light-led-wall-mount\/","title":{"rendered":"Camerino Light LED Wall Mount"},"content":{"rendered":"<p><em>  Le support mural LED Camerino Light pr\u00e9sente les caract\u00e9ristiques suivantes : <em><br \/>\nLongueur du c\u00e2ble : 6&Prime;<br \/>\nDimension de la plaque arri\u00e8re : 6&Prime; L x 5,5&Prime; L. L x 5.5&Prime; W<br \/>\nFinition : Noir mat<br \/>\nMat\u00e9riau de l&rsquo;abat-jour : Verre<br \/>\nCouleur de l&rsquo;abat-jour : transparent plaqu\u00e9<br \/>\nNombre d&rsquo;abat-jour : 1<br \/>\nDimension de l&rsquo;abat-jour : 5,5&Prime; H x 6,75&Prime; D<br \/>\nPoids du produit : 4,4 lbs.<br \/>\nAvez-vous des questions sur ce produit ?<br \/>\nNos concepteurs sont l\u00e0 pour vous aider. Appelez-nous au (514) 340-9351<\/p>\n","protected":false},"excerpt":{"rendered":"<p>Ce luminaire spectaculaire pr\u00e9sente une cascade de globes en verre transparent souffl\u00e9 \u00e0 la main, chacun ayant une forme unique avec des contours doux et organiques cr\u00e9ant plus de reflets.<br \/>\n\u00c0 l&rsquo;int\u00e9rieur de chaque globe, un \u00e9l\u00e9ment cristallin textur\u00e9 diffuse doucement la lumi\u00e8re, cr\u00e9ant un effet lumineux et \u00e9tincelant dans toute la composition.<br \/>\nLes globes sont suspendus \u00e0 diff\u00e9rentes longueurs d&rsquo;un \u00e9l\u00e9gant baldaquin, ce qui donne au luminaire une impression de mouvement et de profondeur.<br \/>\nIl s&rsquo;agit d&rsquo;un lustre saisissant qui allie l&rsquo;\u00e9l\u00e9gance moderne \u00e0 un caract\u00e8re sculptural et artisanal.<\/p>\n","protected":false},"featured_media":418400,"template":"","meta":{"_kad_blocks_custom_css":"","_kad_blocks_head_custom_js":"","_kad_blocks_body_custom_js":"","_kad_blocks_footer_custom_js":"","_kad_post_transparent":"","_kad_post_title":"","_kad_post_layout":"","_kad_post_sidebar_id":"","_kad_post_content_style":"","_kad_post_vertical_padding":"","_kad_post_feature":"","_kad_post_feature_position":"","_kad_post_header":false,"_kad_post_footer":false,"_kad_post_classname":""},"product_brand":[],"product_cat":[2206],"product_tag":[2196],"class_list":{"0":"post-418435","1":"product","2":"type-product","3":"status-publish","4":"has-post-thumbnail","6":"product_cat-suspensions-murales","7":"product_tag-enlighten-fr","9":"first","10":"instock","11":"taxable","12":"shipping-taxable","13":"product-type-simple","14":"entry","15":"content-bg","16":"loop-entry"},"taxonomy_info":{"product_cat":[{"value":2206,"label":"Suspensions murales"}],"product_tag":[{"value":2196,"label":"ENLIGHTEN"}]},"featured_image_src_large":["https:\/\/www.avenuedesigncanada.com\/wp-content\/uploads\/2026\/04\/CAMERINO-12450-02-1-LIGHT-LED-WALL-MOUNT-1024x1024.png",1024,1024,true],"author_info":[],"comment_info":"","_links":{"self":[{"href":"https:\/\/www.avenuedesigncanada.com\/fr\/wp-json\/wp\/v2\/product\/418435","targetHints":{"allow":["GET"]}}],"collection":[{"href":"https:\/\/www.avenuedesigncanada.com\/fr\/wp-json\/wp\/v2\/product"}],"about":[{"href":"https:\/\/www.avenuedesigncanada.com\/fr\/wp-json\/wp\/v2\/types\/product"}],"wp:featuredmedia":[{"embeddable":true,"href":"https:\/\/www.avenuedesigncanada.com\/fr\/wp-json\/wp\/v2\/media\/418400"}],"wp:attachment":[{"href":"https:\/\/www.avenuedesigncanada.com\/fr\/wp-json\/wp\/v2\/media?parent=418435"}],"wp:term":[{"taxonomy":"product_brand","embeddable":true,"href":"https:\/\/www.avenuedesigncanada.com\/fr\/wp-json\/wp\/v2\/product_brand?post=418435"},{"taxonomy":"product_cat","embeddable":true,"href":"https:\/\/www.avenuedesigncanada.com\/fr\/wp-json\/wp\/v2\/product_cat?post=418435"},{"taxonomy":"product_tag","embeddable":true,"href":"https:\/\/www.avenuedesigncanada.com\/fr\/wp-json\/wp\/v2\/product_tag?post=418435"}],"curies":[{"name":"wp","href":"https:\/\/api.w.org\/{rel}","templated":true}]}}