{"id":418438,"date":"2026-04-16T15:58:14","date_gmt":"2026-04-16T19:58:14","guid":{"rendered":"https:\/\/www.avenuedesigncanada.com\/product\/corato-support-mural-a-3-lumieres\/"},"modified":"2026-04-16T16:01:38","modified_gmt":"2026-04-16T20:01:38","slug":"corato-support-mural-a-3-lumieres","status":"publish","type":"product","link":"https:\/\/www.avenuedesigncanada.com\/fr\/product\/corato-support-mural-a-3-lumieres\/","title":{"rendered":"Corato Support mural \u00e0 3 lumi\u00e8res"},"content":{"rendered":"<p><em>  Le support mural Corato Light pr\u00e9sente les caract\u00e9ristiques suivantes : <em><br \/>\nFinition : laiton bross\u00e9<br \/>\nMat\u00e9riau de l&rsquo;abat-jour : Verre<br \/>\nCouleur de l&rsquo;abat-jour : Mercure antique dor\u00e9<br \/>\nNombre d&rsquo;abat-jour : 3<br \/>\nDimension de l&rsquo;abat-jour : 11,75&Prime; L x 9,75&Prime; L x 2,25&Prime; H<br \/>\nPoids du produit : 7 lbs.<br \/>\nVous avez des questions sur ce produit ?<br \/>\nNos designers sont l\u00e0 pour vous aider. Appelez-nous au (514) 340-9351<\/p>\n","protected":false},"excerpt":{"rendered":"<p>Verre \u00e9l\u00e9gant fabriqu\u00e9 \u00e0 la main avec des d\u00e9tails semblables \u00e0 des p\u00e9tales et un design unique.<br \/>\nD\u00e9tails complexes de beaut\u00e9 cr\u00e9ant une \u0153uvre d&rsquo;art naturelle qui projette une lumi\u00e8re invitante dans n&rsquo;importe quelle pi\u00e8ce.<br \/>\nIl n&rsquo;y a jamais deux pi\u00e8ces identiques, garantissant que chaque luminaire est un ajout unique \u00e0 n&rsquo;importe quel espace.<\/p>\n","protected":false},"featured_media":418232,"template":"","meta":{"_kad_blocks_custom_css":"","_kad_blocks_head_custom_js":"","_kad_blocks_body_custom_js":"","_kad_blocks_footer_custom_js":"","_kad_post_transparent":"","_kad_post_title":"","_kad_post_layout":"","_kad_post_sidebar_id":"","_kad_post_content_style":"","_kad_post_vertical_padding":"","_kad_post_feature":"","_kad_post_feature_position":"","_kad_post_header":false,"_kad_post_footer":false,"_kad_post_classname":""},"product_brand":[],"product_cat":[2206],"product_tag":[2196],"class_list":{"0":"post-418438","1":"product","2":"type-product","3":"status-publish","4":"has-post-thumbnail","6":"product_cat-suspensions-murales","7":"product_tag-enlighten-fr","9":"first","10":"instock","11":"taxable","12":"shipping-taxable","13":"product-type-simple","14":"entry","15":"content-bg","16":"loop-entry"},"taxonomy_info":{"product_cat":[{"value":2206,"label":"Suspensions murales"}],"product_tag":[{"value":2196,"label":"ENLIGHTEN"}]},"featured_image_src_large":["https:\/\/www.avenuedesigncanada.com\/wp-content\/uploads\/2026\/04\/CORATO-12168-037-3-LIGHT-WALL-MOUNT-1024x1024.png",1024,1024,true],"author_info":[],"comment_info":"","_links":{"self":[{"href":"https:\/\/www.avenuedesigncanada.com\/fr\/wp-json\/wp\/v2\/product\/418438","targetHints":{"allow":["GET"]}}],"collection":[{"href":"https:\/\/www.avenuedesigncanada.com\/fr\/wp-json\/wp\/v2\/product"}],"about":[{"href":"https:\/\/www.avenuedesigncanada.com\/fr\/wp-json\/wp\/v2\/types\/product"}],"wp:featuredmedia":[{"embeddable":true,"href":"https:\/\/www.avenuedesigncanada.com\/fr\/wp-json\/wp\/v2\/media\/418232"}],"wp:attachment":[{"href":"https:\/\/www.avenuedesigncanada.com\/fr\/wp-json\/wp\/v2\/media?parent=418438"}],"wp:term":[{"taxonomy":"product_brand","embeddable":true,"href":"https:\/\/www.avenuedesigncanada.com\/fr\/wp-json\/wp\/v2\/product_brand?post=418438"},{"taxonomy":"product_cat","embeddable":true,"href":"https:\/\/www.avenuedesigncanada.com\/fr\/wp-json\/wp\/v2\/product_cat?post=418438"},{"taxonomy":"product_tag","embeddable":true,"href":"https:\/\/www.avenuedesigncanada.com\/fr\/wp-json\/wp\/v2\/product_tag?post=418438"}],"curies":[{"name":"wp","href":"https:\/\/api.w.org\/{rel}","templated":true}]}}