{"id":418440,"date":"2026-04-16T15:58:15","date_gmt":"2026-04-16T19:58:15","guid":{"rendered":"https:\/\/www.avenuedesigncanada.com\/product\/corfu-light-led-wall-mount\/"},"modified":"2026-04-16T16:01:40","modified_gmt":"2026-04-16T20:01:40","slug":"corfu-light-led-wall-mount","status":"publish","type":"product","link":"https:\/\/www.avenuedesigncanada.com\/fr\/product\/corfu-light-led-wall-mount\/","title":{"rendered":"Corfu Light LED Wall Mount"},"content":{"rendered":"<p><em>  Le support mural LED Corfu Light pr\u00e9sente les caract\u00e9ristiques suivantes : <em><br \/>\nFinition : Noir<br \/>\nMat\u00e9riau de l&rsquo;abat-jour : Alb\u00e2tre<br \/>\nCouleur de l&rsquo;abat-jour : Blanc<br \/>\nNombre d&rsquo;abat-jour : 1<br \/>\nDimension de l&rsquo;abat-jour : 5&Prime; H x 4 75&Prime; D Poids du produit : 4 lbs. H x 4.75&Prime; D<br \/>\nPoids du produit : 4 lbs.<br \/>\nVous avez des questions sur ce produit ?<br \/>\nNos designers sont l\u00e0 pour vous aider. Appelez-nous au (514) 340-9351<\/p>\n","protected":false},"excerpt":{"rendered":"<p>Des ovo\u00efdes captivants en pierre d&rsquo;alb\u00e2tre s&rsquo;illuminent de l&rsquo;int\u00e9rieur.<br \/>\nLe choix entre une vo\u00fbte peinte en laiton antique ou en noir mat avec un accent dor\u00e9 donne un aspect raffin\u00e9 et luxueux.<br \/>\nL&rsquo;accent en laiton antique ajoute une sophistication \u00e0 ce luminaire glamour.<br \/>\nR\u00e9glable pour s&rsquo;adapter \u00e0 tous les espaces gr\u00e2ce \u00e0 des d\u00e9charges de tension en hauteur faciles.<\/p>\n","protected":false},"featured_media":418248,"template":"","meta":{"_kad_blocks_custom_css":"","_kad_blocks_head_custom_js":"","_kad_blocks_body_custom_js":"","_kad_blocks_footer_custom_js":"","_kad_post_transparent":"","_kad_post_title":"","_kad_post_layout":"","_kad_post_sidebar_id":"","_kad_post_content_style":"","_kad_post_vertical_padding":"","_kad_post_feature":"","_kad_post_feature_position":"","_kad_post_header":false,"_kad_post_footer":false,"_kad_post_classname":""},"product_brand":[],"product_cat":[2206],"product_tag":[2196],"class_list":{"0":"post-418440","1":"product","2":"type-product","3":"status-publish","4":"has-post-thumbnail","6":"product_cat-suspensions-murales","7":"product_tag-enlighten-fr","9":"first","10":"instock","11":"taxable","12":"shipping-taxable","13":"product-type-simple","14":"entry","15":"content-bg","16":"loop-entry"},"taxonomy_info":{"product_cat":[{"value":2206,"label":"Suspensions murales"}],"product_tag":[{"value":2196,"label":"ENLIGHTEN"}]},"featured_image_src_large":["https:\/\/www.avenuedesigncanada.com\/wp-content\/uploads\/2026\/04\/CORFU-12350-030-1-LIGHT-LED-WALL-MOUNT-1024x1024.png",1024,1024,true],"author_info":[],"comment_info":"","_links":{"self":[{"href":"https:\/\/www.avenuedesigncanada.com\/fr\/wp-json\/wp\/v2\/product\/418440","targetHints":{"allow":["GET"]}}],"collection":[{"href":"https:\/\/www.avenuedesigncanada.com\/fr\/wp-json\/wp\/v2\/product"}],"about":[{"href":"https:\/\/www.avenuedesigncanada.com\/fr\/wp-json\/wp\/v2\/types\/product"}],"wp:featuredmedia":[{"embeddable":true,"href":"https:\/\/www.avenuedesigncanada.com\/fr\/wp-json\/wp\/v2\/media\/418248"}],"wp:attachment":[{"href":"https:\/\/www.avenuedesigncanada.com\/fr\/wp-json\/wp\/v2\/media?parent=418440"}],"wp:term":[{"taxonomy":"product_brand","embeddable":true,"href":"https:\/\/www.avenuedesigncanada.com\/fr\/wp-json\/wp\/v2\/product_brand?post=418440"},{"taxonomy":"product_cat","embeddable":true,"href":"https:\/\/www.avenuedesigncanada.com\/fr\/wp-json\/wp\/v2\/product_cat?post=418440"},{"taxonomy":"product_tag","embeddable":true,"href":"https:\/\/www.avenuedesigncanada.com\/fr\/wp-json\/wp\/v2\/product_tag?post=418440"}],"curies":[{"name":"wp","href":"https:\/\/api.w.org\/{rel}","templated":true}]}}