{"id":418441,"date":"2026-04-16T15:58:21","date_gmt":"2026-04-16T19:58:21","guid":{"rendered":"https:\/\/www.avenuedesigncanada.com\/product\/support-mural-led-manarola-light\/"},"modified":"2026-04-16T16:01:40","modified_gmt":"2026-04-16T20:01:40","slug":"support-mural-led-manarola-light","status":"publish","type":"product","link":"https:\/\/www.avenuedesigncanada.com\/fr\/product\/support-mural-led-manarola-light\/","title":{"rendered":"Support mural LED Manarola Light"},"content":{"rendered":"<p><em>  Le support mural LED Manarola Light pr\u00e9sente les caract\u00e9ristiques suivantes : <em><br \/>\nFinition : Noir<br \/>\nMat\u00e9riau de l&rsquo;abat-jour : Verre<br \/>\nCouleur de l&rsquo;abat-jour : Clair et blanc<br \/>\nNombre d&rsquo;abat-jour : 1<br \/>\nDimension de l&rsquo;abat-jour : 4.25&Prime; H x 5.5&Prime; D<br \/>\nPoids du produit : 3.1 lbs.<br \/>\nAvez-vous des questions sur ce produit ?<br \/>\nNos designers sont l\u00e0 pour vous aider. Appelez-nous au (514) 340-9351<\/p>\n","protected":false},"excerpt":{"rendered":"<p>Le verre souffl\u00e9 transparent embrasse l&rsquo;\u00e9clat du verre blanc opale int\u00e9rieur pour produire un \u00e9quilibre optimal de la lumi\u00e8re.<br \/>\nLe choix de la vo\u00fbte peinte en laiton antique ou en noir mat avec des accents dor\u00e9s donne un aspect raffin\u00e9 et luxueux.<br \/>\nR\u00e9glable pour s&rsquo;adapter \u00e0 n&rsquo;importe quel espace avec des soulagements de la tension de la hauteur.<br \/>\nUn design d\u00e9licat et intemporel qui \u00e9l\u00e8vera votre d\u00e9cor et cr\u00e9era un effet visuel \u00e9poustouflant.<\/p>\n","protected":false},"featured_media":418292,"template":"","meta":{"_kad_blocks_custom_css":"","_kad_blocks_head_custom_js":"","_kad_blocks_body_custom_js":"","_kad_blocks_footer_custom_js":"","_kad_post_transparent":"","_kad_post_title":"","_kad_post_layout":"","_kad_post_sidebar_id":"","_kad_post_content_style":"","_kad_post_vertical_padding":"","_kad_post_feature":"","_kad_post_feature_position":"","_kad_post_header":false,"_kad_post_footer":false,"_kad_post_classname":""},"product_brand":[],"product_cat":[2206],"product_tag":[2196],"class_list":{"0":"post-418441","1":"product","2":"type-product","3":"status-publish","4":"has-post-thumbnail","6":"product_cat-suspensions-murales","7":"product_tag-enlighten-fr","9":"first","10":"instock","11":"taxable","12":"shipping-taxable","13":"product-type-simple","14":"entry","15":"content-bg","16":"loop-entry"},"taxonomy_info":{"product_cat":[{"value":2206,"label":"Suspensions murales"}],"product_tag":[{"value":2196,"label":"ENLIGHTEN"}]},"featured_image_src_large":["https:\/\/www.avenuedesigncanada.com\/wp-content\/uploads\/2026\/04\/MANAROLA-12354-02-1-LIGHT-LED-WALL-MOUNT-1024x1024.png",1024,1024,true],"author_info":[],"comment_info":"","_links":{"self":[{"href":"https:\/\/www.avenuedesigncanada.com\/fr\/wp-json\/wp\/v2\/product\/418441","targetHints":{"allow":["GET"]}}],"collection":[{"href":"https:\/\/www.avenuedesigncanada.com\/fr\/wp-json\/wp\/v2\/product"}],"about":[{"href":"https:\/\/www.avenuedesigncanada.com\/fr\/wp-json\/wp\/v2\/types\/product"}],"wp:featuredmedia":[{"embeddable":true,"href":"https:\/\/www.avenuedesigncanada.com\/fr\/wp-json\/wp\/v2\/media\/418292"}],"wp:attachment":[{"href":"https:\/\/www.avenuedesigncanada.com\/fr\/wp-json\/wp\/v2\/media?parent=418441"}],"wp:term":[{"taxonomy":"product_brand","embeddable":true,"href":"https:\/\/www.avenuedesigncanada.com\/fr\/wp-json\/wp\/v2\/product_brand?post=418441"},{"taxonomy":"product_cat","embeddable":true,"href":"https:\/\/www.avenuedesigncanada.com\/fr\/wp-json\/wp\/v2\/product_cat?post=418441"},{"taxonomy":"product_tag","embeddable":true,"href":"https:\/\/www.avenuedesigncanada.com\/fr\/wp-json\/wp\/v2\/product_tag?post=418441"}],"curies":[{"name":"wp","href":"https:\/\/api.w.org\/{rel}","templated":true}]}}