{"id":418446,"date":"2026-04-16T15:58:25","date_gmt":"2026-04-16T19:58:25","guid":{"rendered":"https:\/\/www.avenuedesigncanada.com\/product\/support-mural-led-ragusa\/"},"modified":"2026-04-16T16:01:46","modified_gmt":"2026-04-16T20:01:46","slug":"support-mural-led-ragusa","status":"publish","type":"product","link":"https:\/\/www.avenuedesigncanada.com\/fr\/product\/support-mural-led-ragusa\/","title":{"rendered":"Support mural LED Ragusa"},"content":{"rendered":"<p><em>  Le support mural LED Ragusa pr\u00e9sente les caract\u00e9ristiques suivantes : <em><br \/>\nFinition : Noir m\u00e9tallique<br \/>\nMat\u00e9riau de l&rsquo;abat-jour : Acrylique<br \/>\nCouleur de l&rsquo;abat-jour : Blanc<br \/>\nPoids du produit : 2.6 lbs.<br \/>\nAvez-vous des questions sur ce produit ?<br \/>\nNos designers sont l\u00e0 pour vous aider. Appelez-nous au (514) 340-9351<\/p>\n","protected":false},"excerpt":{"rendered":"<p>Le design moderne et \u00e9l\u00e9gant fait rayonner la lumi\u00e8re contre le mur, cr\u00e9ant une ambiance lumineuse.<br \/>\nPropos\u00e9 en chrome poli, laiton doux et noir m\u00e9tallique.<br \/>\nDisponible en plusieurs tailles et diff\u00e9rentes configurations sur le mur.<br \/>\nLED int\u00e9gr\u00e9e et temp\u00e9rature de couleur s\u00e9lectionnable sur le terrain.<\/p>\n","protected":false},"featured_media":418326,"template":"","meta":{"_kad_blocks_custom_css":"","_kad_blocks_head_custom_js":"","_kad_blocks_body_custom_js":"","_kad_blocks_footer_custom_js":"","_kad_post_transparent":"","_kad_post_title":"","_kad_post_layout":"","_kad_post_sidebar_id":"","_kad_post_content_style":"","_kad_post_vertical_padding":"","_kad_post_feature":"","_kad_post_feature_position":"","_kad_post_header":false,"_kad_post_footer":false,"_kad_post_classname":""},"product_brand":[],"product_cat":[2206],"product_tag":[2196],"class_list":{"0":"post-418446","1":"product","2":"type-product","3":"status-publish","4":"has-post-thumbnail","6":"product_cat-suspensions-murales","7":"product_tag-enlighten-fr","9":"first","10":"instock","11":"taxable","12":"shipping-taxable","13":"product-type-simple","14":"entry","15":"content-bg","16":"loop-entry"},"taxonomy_info":{"product_cat":[{"value":2206,"label":"Suspensions murales"}],"product_tag":[{"value":2196,"label":"ENLIGHTEN"}]},"featured_image_src_large":["https:\/\/www.avenuedesigncanada.com\/wp-content\/uploads\/2026\/04\/RAGUSA-10131-06-LARGE-LED-WALL-MOUNT-1024x1024.png",1024,1024,true],"author_info":[],"comment_info":"","_links":{"self":[{"href":"https:\/\/www.avenuedesigncanada.com\/fr\/wp-json\/wp\/v2\/product\/418446","targetHints":{"allow":["GET"]}}],"collection":[{"href":"https:\/\/www.avenuedesigncanada.com\/fr\/wp-json\/wp\/v2\/product"}],"about":[{"href":"https:\/\/www.avenuedesigncanada.com\/fr\/wp-json\/wp\/v2\/types\/product"}],"wp:featuredmedia":[{"embeddable":true,"href":"https:\/\/www.avenuedesigncanada.com\/fr\/wp-json\/wp\/v2\/media\/418326"}],"wp:attachment":[{"href":"https:\/\/www.avenuedesigncanada.com\/fr\/wp-json\/wp\/v2\/media?parent=418446"}],"wp:term":[{"taxonomy":"product_brand","embeddable":true,"href":"https:\/\/www.avenuedesigncanada.com\/fr\/wp-json\/wp\/v2\/product_brand?post=418446"},{"taxonomy":"product_cat","embeddable":true,"href":"https:\/\/www.avenuedesigncanada.com\/fr\/wp-json\/wp\/v2\/product_cat?post=418446"},{"taxonomy":"product_tag","embeddable":true,"href":"https:\/\/www.avenuedesigncanada.com\/fr\/wp-json\/wp\/v2\/product_tag?post=418446"}],"curies":[{"name":"wp","href":"https:\/\/api.w.org\/{rel}","templated":true}]}}