{"id":418448,"date":"2026-04-16T15:58:29","date_gmt":"2026-04-16T19:58:29","guid":{"rendered":"https:\/\/www.avenuedesigncanada.com\/product\/rimini-light-led-wall-mount\/"},"modified":"2026-04-16T16:01:47","modified_gmt":"2026-04-16T20:01:47","slug":"rimini-light-led-wall-mount","status":"publish","type":"product","link":"https:\/\/www.avenuedesigncanada.com\/fr\/product\/rimini-light-led-wall-mount\/","title":{"rendered":"Rimini Light LED Wall Mount"},"content":{"rendered":"<p><em>  Le support mural LED Rimini Light pr\u00e9sente les caract\u00e9ristiques suivantes : <em><br \/>\nFinition : Nickel poli<br \/>\nMat\u00e9riau de l&rsquo;abat-jour : Cristal<br \/>\nCouleur de l&rsquo;abat-jour : Clair<br \/>\nNombre d&rsquo;abat-jour : 2<br \/>\nDimension de l&rsquo;abat-jour : 7.5&Prime; L x 3.75&Prime; L x 1.57&Prime; H<br \/>\nPoids du produit : 5.5 lbs.<br \/>\nAvez-vous des questions sur ce produit ?<br \/>\nNos designers sont l\u00e0 pour vous aider. Appelez-nous au (514) 340-9351<\/p>\n","protected":false},"excerpt":{"rendered":"<p>Ce luminaire se compose d&rsquo;une s\u00e9rie de bras \u00e9lanc\u00e9s constitu\u00e9s d&rsquo;\u00e9l\u00e9ments de cristal facett\u00e9s reli\u00e9s entre eux qui cr\u00e9ent une pr\u00e9sence sculpturale et scintillante.<br \/>\nChaque bras s&rsquo;\u00e9tend gracieusement \u00e0 partir de son propre baldaquin rond, donnant \u00e0 l&rsquo;installation une disposition dynamique en plusieurs points au plafond.<br \/>\nLes cristaux sont sertis dans des cadres en m\u00e9tal poli qui rehaussent leur \u00e9clat et conf\u00e8rent une touche \u00e9l\u00e9gante et contemporaine.<br \/>\nLe design ressemble \u00e0 une cascade de bijoux illumin\u00e9s, apportant un sentiment de luxe et de mouvement \u00e0 n&rsquo;importe quel espace moderne.<\/p>\n","protected":false},"featured_media":418338,"template":"","meta":{"_kad_blocks_custom_css":"","_kad_blocks_head_custom_js":"","_kad_blocks_body_custom_js":"","_kad_blocks_footer_custom_js":"","_kad_post_transparent":"","_kad_post_title":"","_kad_post_layout":"","_kad_post_sidebar_id":"","_kad_post_content_style":"","_kad_post_vertical_padding":"","_kad_post_feature":"","_kad_post_feature_position":"","_kad_post_header":false,"_kad_post_footer":false,"_kad_post_classname":""},"product_brand":[],"product_cat":[2206],"product_tag":[2196],"class_list":{"0":"post-418448","1":"product","2":"type-product","3":"status-publish","4":"has-post-thumbnail","6":"product_cat-suspensions-murales","7":"product_tag-enlighten-fr","9":"first","10":"instock","11":"taxable","12":"shipping-taxable","13":"product-type-simple","14":"entry","15":"content-bg","16":"loop-entry"},"taxonomy_info":{"product_cat":[{"value":2206,"label":"Suspensions murales"}],"product_tag":[{"value":2196,"label":"ENLIGHTEN"}]},"featured_image_src_large":["https:\/\/www.avenuedesigncanada.com\/wp-content\/uploads\/2026\/04\/RIMINI-12391-058-2-LIGHT-LED-WALL-MOUNT-1024x1024.png",1024,1024,true],"author_info":[],"comment_info":"","_links":{"self":[{"href":"https:\/\/www.avenuedesigncanada.com\/fr\/wp-json\/wp\/v2\/product\/418448","targetHints":{"allow":["GET"]}}],"collection":[{"href":"https:\/\/www.avenuedesigncanada.com\/fr\/wp-json\/wp\/v2\/product"}],"about":[{"href":"https:\/\/www.avenuedesigncanada.com\/fr\/wp-json\/wp\/v2\/types\/product"}],"wp:featuredmedia":[{"embeddable":true,"href":"https:\/\/www.avenuedesigncanada.com\/fr\/wp-json\/wp\/v2\/media\/418338"}],"wp:attachment":[{"href":"https:\/\/www.avenuedesigncanada.com\/fr\/wp-json\/wp\/v2\/media?parent=418448"}],"wp:term":[{"taxonomy":"product_brand","embeddable":true,"href":"https:\/\/www.avenuedesigncanada.com\/fr\/wp-json\/wp\/v2\/product_brand?post=418448"},{"taxonomy":"product_cat","embeddable":true,"href":"https:\/\/www.avenuedesigncanada.com\/fr\/wp-json\/wp\/v2\/product_cat?post=418448"},{"taxonomy":"product_tag","embeddable":true,"href":"https:\/\/www.avenuedesigncanada.com\/fr\/wp-json\/wp\/v2\/product_tag?post=418448"}],"curies":[{"name":"wp","href":"https:\/\/api.w.org\/{rel}","templated":true}]}}