{"id":418451,"date":"2026-04-16T15:58:43","date_gmt":"2026-04-16T19:58:43","guid":{"rendered":"https:\/\/www.avenuedesigncanada.com\/product\/ancona-applique-murale-a-grande-lumiere\/"},"modified":"2026-04-16T16:01:48","modified_gmt":"2026-04-16T20:01:48","slug":"ancona-applique-murale-a-grande-lumiere","status":"publish","type":"product","link":"https:\/\/www.avenuedesigncanada.com\/fr\/product\/ancona-applique-murale-a-grande-lumiere\/","title":{"rendered":"Ancona &#8211; Applique murale \u00e0 grande lumi\u00e8re"},"content":{"rendered":"<p><em>  Le support mural Ancona Large Light Wall Mountains pr\u00e9sente les caract\u00e9ristiques suivantes : <em><br \/>\nFinition : Noir m\u00e9tallique<br \/>\nMat\u00e9riau de l&rsquo;abat-jour : Verre<br \/>\nCouleur de l&rsquo;abat-jour : clair et blanc<br \/>\nDimension de l&rsquo;abat-jour : 3.625&Prime; H x 15&Prime; D<br \/>\nPoids du produit : 5.5 lbs.<br \/>\nAvez-vous des questions sur ce produit ?<br \/>\nNos designers sont l\u00e0 pour vous aider. Appelez-nous au (514) 340-9351<\/p>\n","protected":false},"excerpt":{"rendered":"<p>Design \u00e9l\u00e9gant et minimaliste inspir\u00e9 par les perles et l&rsquo;oc\u00e9an.<br \/>\nVerre souffl\u00e9 blanc opale nich\u00e9 dans un bol cristallin.<br \/>\nPropos\u00e9 en chrome poli, laiton doux et noir m\u00e9tallique.<br \/>\nDisponible en plusieurs tailles et configur\u00e9 pour \u00eatre mont\u00e9 au plafond ou au mur.<\/p>\n","protected":false},"featured_media":418170,"template":"","meta":{"_kad_blocks_custom_css":"","_kad_blocks_head_custom_js":"","_kad_blocks_body_custom_js":"","_kad_blocks_footer_custom_js":"","_kad_post_transparent":"","_kad_post_title":"","_kad_post_layout":"","_kad_post_sidebar_id":"","_kad_post_content_style":"","_kad_post_vertical_padding":"","_kad_post_feature":"","_kad_post_feature_position":"","_kad_post_header":false,"_kad_post_footer":false,"_kad_post_classname":""},"product_brand":[],"product_cat":[2206],"product_tag":[2196],"class_list":{"0":"post-418451","1":"product","2":"type-product","3":"status-publish","4":"has-post-thumbnail","6":"product_cat-suspensions-murales","7":"product_tag-enlighten-fr","9":"first","10":"instock","11":"taxable","12":"shipping-taxable","13":"product-type-simple","14":"entry","15":"content-bg","16":"loop-entry"},"taxonomy_info":{"product_cat":[{"value":2206,"label":"Suspensions murales"}],"product_tag":[{"value":2196,"label":"ENLIGHTEN"}]},"featured_image_src_large":["https:\/\/www.avenuedesigncanada.com\/wp-content\/uploads\/2026\/04\/ANCONA-10124-06-LARGE-1-LIGHT-CEILING-_-WALL-MOUNT-1024x1024.png",1024,1024,true],"author_info":[],"comment_info":"","_links":{"self":[{"href":"https:\/\/www.avenuedesigncanada.com\/fr\/wp-json\/wp\/v2\/product\/418451","targetHints":{"allow":["GET"]}}],"collection":[{"href":"https:\/\/www.avenuedesigncanada.com\/fr\/wp-json\/wp\/v2\/product"}],"about":[{"href":"https:\/\/www.avenuedesigncanada.com\/fr\/wp-json\/wp\/v2\/types\/product"}],"wp:featuredmedia":[{"embeddable":true,"href":"https:\/\/www.avenuedesigncanada.com\/fr\/wp-json\/wp\/v2\/media\/418170"}],"wp:attachment":[{"href":"https:\/\/www.avenuedesigncanada.com\/fr\/wp-json\/wp\/v2\/media?parent=418451"}],"wp:term":[{"taxonomy":"product_brand","embeddable":true,"href":"https:\/\/www.avenuedesigncanada.com\/fr\/wp-json\/wp\/v2\/product_brand?post=418451"},{"taxonomy":"product_cat","embeddable":true,"href":"https:\/\/www.avenuedesigncanada.com\/fr\/wp-json\/wp\/v2\/product_cat?post=418451"},{"taxonomy":"product_tag","embeddable":true,"href":"https:\/\/www.avenuedesigncanada.com\/fr\/wp-json\/wp\/v2\/product_tag?post=418451"}],"curies":[{"name":"wp","href":"https:\/\/api.w.org\/{rel}","templated":true}]}}