{"id":418453,"date":"2026-04-16T15:58:47","date_gmt":"2026-04-16T19:58:47","guid":{"rendered":"https:\/\/www.avenuedesigncanada.com\/product\/pescara-large-led-ceiling-mount\/"},"modified":"2026-04-16T16:01:53","modified_gmt":"2026-04-16T20:01:53","slug":"pescara-large-led-ceiling-mount","status":"publish","type":"product","link":"https:\/\/www.avenuedesigncanada.com\/fr\/product\/pescara-large-led-ceiling-mount\/","title":{"rendered":"Pescara Large LED Ceiling Mount"},"content":{"rendered":"<p><em>  Le grand plafonnier LED Pescara pr\u00e9sente les caract\u00e9ristiques suivantes : <em><br \/>\nDimension de l&rsquo;auvent : 1.25&Prime; H x 14&Prime; D<br \/>\nFinition : Plaqu\u00e9 or bross\u00e9<br \/>\nMat\u00e9riau de l&rsquo;abat-jour : Verre<br \/>\nCouleur de l&rsquo;abat-jour : clair et blanc<br \/>\nDimension de l&rsquo;abat-jour : 3&Prime; H x 16&Prime; D Poids du produit : 3&Prime; H x 16&Prime; P H x 16&Prime; D<br \/>\nPoids du produit : 8 lbs.<br \/>\nAvez-vous des questions sur ce produit ?<br \/>\nNos designers sont l\u00e0 pour vous aider. Appelez-nous au (514) 340-9351<\/p>\n","protected":false},"excerpt":{"rendered":"<p>Le design \u00e9pur\u00e9 et ultra-moderne s&rsquo;inspire de la plan\u00e8te Saturne et de ses c\u00e9l\u00e8bres anneaux.<br \/>\nLe d\u00f4me ext\u00e9rieur et le montage encastr\u00e9 renforcent la diffusion de l&rsquo;anneau int\u00e9rieur, cr\u00e9ant une brillance claire dans n&rsquo;importe quel espace.<br \/>\nPropos\u00e9 en chrome poli, plaqu\u00e9 or bross\u00e9 et finition noire mate.<br \/>\nDiffuseur blanc opale bord\u00e9 d&rsquo;un verre cristallin.<\/p>\n","protected":false},"featured_media":418136,"template":"","meta":{"_kad_blocks_custom_css":"","_kad_blocks_head_custom_js":"","_kad_blocks_body_custom_js":"","_kad_blocks_footer_custom_js":"","_kad_post_transparent":"","_kad_post_title":"","_kad_post_layout":"","_kad_post_sidebar_id":"","_kad_post_content_style":"","_kad_post_vertical_padding":"","_kad_post_feature":"","_kad_post_feature_position":"","_kad_post_header":false,"_kad_post_footer":false,"_kad_post_classname":""},"product_brand":[],"product_cat":[2206],"product_tag":[2196],"class_list":{"0":"post-418453","1":"product","2":"type-product","3":"status-publish","4":"has-post-thumbnail","6":"product_cat-suspensions-murales","7":"product_tag-enlighten-fr","9":"first","10":"instock","11":"taxable","12":"shipping-taxable","13":"product-type-simple","14":"entry","15":"content-bg","16":"loop-entry"},"taxonomy_info":{"product_cat":[{"value":2206,"label":"Suspensions murales"}],"product_tag":[{"value":2196,"label":"ENLIGHTEN"}]},"featured_image_src_large":["https:\/\/www.avenuedesigncanada.com\/wp-content\/uploads\/2026\/04\/PESCARA-10156-07-LARGE-LED-CEILING-MOUNT-1024x1024.png",1024,1024,true],"author_info":[],"comment_info":"","_links":{"self":[{"href":"https:\/\/www.avenuedesigncanada.com\/fr\/wp-json\/wp\/v2\/product\/418453","targetHints":{"allow":["GET"]}}],"collection":[{"href":"https:\/\/www.avenuedesigncanada.com\/fr\/wp-json\/wp\/v2\/product"}],"about":[{"href":"https:\/\/www.avenuedesigncanada.com\/fr\/wp-json\/wp\/v2\/types\/product"}],"wp:featuredmedia":[{"embeddable":true,"href":"https:\/\/www.avenuedesigncanada.com\/fr\/wp-json\/wp\/v2\/media\/418136"}],"wp:attachment":[{"href":"https:\/\/www.avenuedesigncanada.com\/fr\/wp-json\/wp\/v2\/media?parent=418453"}],"wp:term":[{"taxonomy":"product_brand","embeddable":true,"href":"https:\/\/www.avenuedesigncanada.com\/fr\/wp-json\/wp\/v2\/product_brand?post=418453"},{"taxonomy":"product_cat","embeddable":true,"href":"https:\/\/www.avenuedesigncanada.com\/fr\/wp-json\/wp\/v2\/product_cat?post=418453"},{"taxonomy":"product_tag","embeddable":true,"href":"https:\/\/www.avenuedesigncanada.com\/fr\/wp-json\/wp\/v2\/product_tag?post=418453"}],"curies":[{"name":"wp","href":"https:\/\/api.w.org\/{rel}","templated":true}]}}