{"id":418454,"date":"2026-04-16T15:58:50","date_gmt":"2026-04-16T19:58:50","guid":{"rendered":"https:\/\/www.avenuedesigncanada.com\/product\/plafond-lumineux-pragma\/"},"modified":"2026-04-16T16:01:54","modified_gmt":"2026-04-16T20:01:54","slug":"plafond-lumineux-pragma","status":"publish","type":"product","link":"https:\/\/www.avenuedesigncanada.com\/fr\/product\/plafond-lumineux-pragma\/","title":{"rendered":"Plafond lumineux Pragma"},"content":{"rendered":"<p><em>  Le plafonnier Pragma Light pr\u00e9sente les caract\u00e9ristiques suivantes : <em><br \/>\nDimension de la vo\u00fbte : 5&Prime; D<br \/>\nFinition : Noir m\u00e9tallique<br \/>\nMat\u00e9riau de l&rsquo;abat-jour : Verre de cristal et m\u00e9tal<br \/>\nCouleur de l&rsquo;abat-jour : Verre de cristal clair + noir m\u00e9tallique<br \/>\nNombre d&rsquo;abat-jour : 56<br \/>\nDimension de l&rsquo;abat-jour : 10&Prime; L x 1 125&Prime; L Poids du produit : 15 lbs. L x 1.125&Prime; W<br \/>\nPoids du produit : 15 lbs.<br \/>\nAvez-vous des questions sur ce produit ?<br \/>\nNos designers sont l\u00e0 pour vous aider. Appelez-nous au (514) 340-9351<\/p>\n","protected":false},"excerpt":{"rendered":"<p>L&rsquo;\u00e9manation de la lumi\u00e8re dans l&rsquo;espace environnant cr\u00e9e un magnifique effet de fleur \u00e9panouie.<br \/>\nLa lame est courb\u00e9e \u00e0 la main pour cr\u00e9er un canal pr\u00e9cis en forme de V, et m\u00e9lang\u00e9e \u00e0 des tiges de cristal pour renforcer son attrait visuel.<br \/>\nDisponible en laiton doux et en finition noire m\u00e9tallis\u00e9e.<\/p>\n","protected":false},"featured_media":418142,"template":"","meta":{"_kad_blocks_custom_css":"","_kad_blocks_head_custom_js":"","_kad_blocks_body_custom_js":"","_kad_blocks_footer_custom_js":"","_kad_post_transparent":"","_kad_post_title":"","_kad_post_layout":"","_kad_post_sidebar_id":"","_kad_post_content_style":"","_kad_post_vertical_padding":"","_kad_post_feature":"","_kad_post_feature_position":"","_kad_post_header":false,"_kad_post_footer":false,"_kad_post_classname":""},"product_brand":[],"product_cat":[2206],"product_tag":[2196],"class_list":{"0":"post-418454","1":"product","2":"type-product","3":"status-publish","4":"has-post-thumbnail","6":"product_cat-suspensions-murales","7":"product_tag-enlighten-fr","9":"first","10":"instock","11":"taxable","12":"shipping-taxable","13":"product-type-simple","14":"entry","15":"content-bg","16":"loop-entry"},"taxonomy_info":{"product_cat":[{"value":2206,"label":"Suspensions murales"}],"product_tag":[{"value":2196,"label":"ENLIGHTEN"}]},"featured_image_src_large":["https:\/\/www.avenuedesigncanada.com\/wp-content\/uploads\/2026\/04\/PRAGMA-12431-06-3-LIGHT-CEILING-MOUNT-1024x1024.png",1024,1024,true],"author_info":[],"comment_info":"","_links":{"self":[{"href":"https:\/\/www.avenuedesigncanada.com\/fr\/wp-json\/wp\/v2\/product\/418454","targetHints":{"allow":["GET"]}}],"collection":[{"href":"https:\/\/www.avenuedesigncanada.com\/fr\/wp-json\/wp\/v2\/product"}],"about":[{"href":"https:\/\/www.avenuedesigncanada.com\/fr\/wp-json\/wp\/v2\/types\/product"}],"wp:featuredmedia":[{"embeddable":true,"href":"https:\/\/www.avenuedesigncanada.com\/fr\/wp-json\/wp\/v2\/media\/418142"}],"wp:attachment":[{"href":"https:\/\/www.avenuedesigncanada.com\/fr\/wp-json\/wp\/v2\/media?parent=418454"}],"wp:term":[{"taxonomy":"product_brand","embeddable":true,"href":"https:\/\/www.avenuedesigncanada.com\/fr\/wp-json\/wp\/v2\/product_brand?post=418454"},{"taxonomy":"product_cat","embeddable":true,"href":"https:\/\/www.avenuedesigncanada.com\/fr\/wp-json\/wp\/v2\/product_cat?post=418454"},{"taxonomy":"product_tag","embeddable":true,"href":"https:\/\/www.avenuedesigncanada.com\/fr\/wp-json\/wp\/v2\/product_tag?post=418454"}],"curies":[{"name":"wp","href":"https:\/\/api.w.org\/{rel}","templated":true}]}}