{"id":418456,"date":"2026-04-16T15:58:53","date_gmt":"2026-04-16T19:58:53","guid":{"rendered":"https:\/\/www.avenuedesigncanada.com\/product\/plafonnier-trapani\/"},"modified":"2026-04-16T16:01:57","modified_gmt":"2026-04-16T20:01:57","slug":"plafonnier-trapani","status":"publish","type":"product","link":"https:\/\/www.avenuedesigncanada.com\/fr\/product\/plafonnier-trapani\/","title":{"rendered":"Plafonnier Trapani"},"content":{"rendered":"<p><em>  Le plafonnier Trapani comporte les caract\u00e9ristiques suivantes : <em><br \/>\nFinition : Laiton doux<br \/>\nPoids du produit : 5.94 lbs.<br \/>\nAvez-vous des questions sur ce produit ?<br \/>\nNos designers sont l\u00e0 pour vous aider. Appelez-nous au (514) 340-9351<\/p>\n","protected":false},"excerpt":{"rendered":"<p>L&rsquo;\u00e9manation de la lumi\u00e8re dans l&rsquo;espace environnant cr\u00e9e un magnifique effet de fleur \u00e9panouie.<br \/>\nChaque lame est pli\u00e9e \u00e0 la main pour cr\u00e9er un canal en forme de V pr\u00e9cis.<\/p>\n","protected":false},"featured_media":418156,"template":"","meta":{"_kad_blocks_custom_css":"","_kad_blocks_head_custom_js":"","_kad_blocks_body_custom_js":"","_kad_blocks_footer_custom_js":"","_kad_post_transparent":"","_kad_post_title":"","_kad_post_layout":"","_kad_post_sidebar_id":"","_kad_post_content_style":"","_kad_post_vertical_padding":"","_kad_post_feature":"","_kad_post_feature_position":"","_kad_post_header":false,"_kad_post_footer":false,"_kad_post_classname":""},"product_brand":[],"product_cat":[2206],"product_tag":[2196],"class_list":{"0":"post-418456","1":"product","2":"type-product","3":"status-publish","4":"has-post-thumbnail","6":"product_cat-suspensions-murales","7":"product_tag-enlighten-fr","9":"first","10":"instock","11":"taxable","12":"shipping-taxable","13":"product-type-simple","14":"entry","15":"content-bg","16":"loop-entry"},"taxonomy_info":{"product_cat":[{"value":2206,"label":"Suspensions murales"}],"product_tag":[{"value":2196,"label":"ENLIGHTEN"}]},"featured_image_src_large":["https:\/\/www.avenuedesigncanada.com\/wp-content\/uploads\/2026\/04\/TRAPANI-12058-05-3-LIGHT-CEILING-MOUNT-1024x1024.png",1024,1024,true],"author_info":[],"comment_info":"","_links":{"self":[{"href":"https:\/\/www.avenuedesigncanada.com\/fr\/wp-json\/wp\/v2\/product\/418456","targetHints":{"allow":["GET"]}}],"collection":[{"href":"https:\/\/www.avenuedesigncanada.com\/fr\/wp-json\/wp\/v2\/product"}],"about":[{"href":"https:\/\/www.avenuedesigncanada.com\/fr\/wp-json\/wp\/v2\/types\/product"}],"wp:featuredmedia":[{"embeddable":true,"href":"https:\/\/www.avenuedesigncanada.com\/fr\/wp-json\/wp\/v2\/media\/418156"}],"wp:attachment":[{"href":"https:\/\/www.avenuedesigncanada.com\/fr\/wp-json\/wp\/v2\/media?parent=418456"}],"wp:term":[{"taxonomy":"product_brand","embeddable":true,"href":"https:\/\/www.avenuedesigncanada.com\/fr\/wp-json\/wp\/v2\/product_brand?post=418456"},{"taxonomy":"product_cat","embeddable":true,"href":"https:\/\/www.avenuedesigncanada.com\/fr\/wp-json\/wp\/v2\/product_cat?post=418456"},{"taxonomy":"product_tag","embeddable":true,"href":"https:\/\/www.avenuedesigncanada.com\/fr\/wp-json\/wp\/v2\/product_tag?post=418456"}],"curies":[{"name":"wp","href":"https:\/\/api.w.org\/{rel}","templated":true}]}}