{"id":418459,"date":"2026-04-16T15:58:09","date_gmt":"2026-04-16T19:58:09","guid":{"rendered":"https:\/\/www.avenuedesigncanada.com\/product\/support-mural-led-baveno-light\/"},"modified":"2026-04-16T16:02:29","modified_gmt":"2026-04-16T20:02:29","slug":"support-mural-led-baveno-light","status":"publish","type":"product","link":"https:\/\/www.avenuedesigncanada.com\/fr\/product\/support-mural-led-baveno-light\/","title":{"rendered":"Support mural LED Baveno Light"},"content":{"rendered":"<p><em>  Le support mural LED Baveno Light pr\u00e9sente les caract\u00e9ristiques suivantes : <em><br \/>\nFinition : Noir<br \/>\nMat\u00e9riau de l&rsquo;abat-jour : Verre<br \/>\nCouleur de l&rsquo;abat-jour : Blanc<br \/>\nNombre d&rsquo;abat-jour : 1<br \/>\nDimension de l&rsquo;abat-jour : 4.75&Prime; H x 4.75&Prime; D<br \/>\nPoids du produit : 3.3 lbs.<br \/>\nAvez-vous des questions sur ce produit ?<br \/>\nNos designers sont l\u00e0 pour vous aider. Appelez-nous au (514) 340-9351<\/p>\n","protected":false},"excerpt":{"rendered":"<p>Verre souffl\u00e9 avec un effet de pierre d&rsquo;alb\u00e2tre fait \u00e0 la main.<br \/>\nLe choix d&rsquo;une verri\u00e8re peinte en laiton antique ou en noir mat avec des accents dor\u00e9s donne un aspect raffin\u00e9 et luxueux.<br \/>\nVerre phosphorescent et downlight LED fournissant une lumi\u00e8re suppl\u00e9mentaire \u00e0 votre pi\u00e8ce pour une exp\u00e9rience d&rsquo;\u00e9clairage vraiment parfaite.<\/p>\n","protected":false},"featured_media":418390,"template":"","meta":{"_kad_blocks_custom_css":"","_kad_blocks_head_custom_js":"","_kad_blocks_body_custom_js":"","_kad_blocks_footer_custom_js":"","_kad_post_transparent":"","_kad_post_title":"","_kad_post_layout":"","_kad_post_sidebar_id":"","_kad_post_content_style":"","_kad_post_vertical_padding":"","_kad_post_feature":"","_kad_post_feature_position":"","_kad_post_header":false,"_kad_post_footer":false,"_kad_post_classname":""},"product_brand":[],"product_cat":[2206],"product_tag":[2196],"class_list":{"0":"post-418459","1":"product","2":"type-product","3":"status-publish","4":"has-post-thumbnail","6":"product_cat-suspensions-murales","7":"product_tag-enlighten-fr","9":"first","10":"instock","11":"taxable","12":"shipping-taxable","13":"product-type-simple","14":"entry","15":"content-bg","16":"loop-entry"},"taxonomy_info":{"product_cat":[{"value":2206,"label":"Suspensions murales"}],"product_tag":[{"value":2196,"label":"ENLIGHTEN"}]},"featured_image_src_large":["https:\/\/www.avenuedesigncanada.com\/wp-content\/uploads\/2026\/04\/BAVENO-12353-02-1-LIGHT-LED-WALL-MOUNT-1024x1024.png",1024,1024,true],"author_info":[],"comment_info":"","_links":{"self":[{"href":"https:\/\/www.avenuedesigncanada.com\/fr\/wp-json\/wp\/v2\/product\/418459","targetHints":{"allow":["GET"]}}],"collection":[{"href":"https:\/\/www.avenuedesigncanada.com\/fr\/wp-json\/wp\/v2\/product"}],"about":[{"href":"https:\/\/www.avenuedesigncanada.com\/fr\/wp-json\/wp\/v2\/types\/product"}],"wp:featuredmedia":[{"embeddable":true,"href":"https:\/\/www.avenuedesigncanada.com\/fr\/wp-json\/wp\/v2\/media\/418390"}],"wp:attachment":[{"href":"https:\/\/www.avenuedesigncanada.com\/fr\/wp-json\/wp\/v2\/media?parent=418459"}],"wp:term":[{"taxonomy":"product_brand","embeddable":true,"href":"https:\/\/www.avenuedesigncanada.com\/fr\/wp-json\/wp\/v2\/product_brand?post=418459"},{"taxonomy":"product_cat","embeddable":true,"href":"https:\/\/www.avenuedesigncanada.com\/fr\/wp-json\/wp\/v2\/product_cat?post=418459"},{"taxonomy":"product_tag","embeddable":true,"href":"https:\/\/www.avenuedesigncanada.com\/fr\/wp-json\/wp\/v2\/product_tag?post=418459"}],"curies":[{"name":"wp","href":"https:\/\/api.w.org\/{rel}","templated":true}]}}