{"id":419625,"date":"2026-04-20T13:47:22","date_gmt":"2026-04-20T17:47:22","guid":{"rendered":"https:\/\/www.avenuedesigncanada.com\/product\/marcheur\/"},"modified":"2026-04-20T16:12:51","modified_gmt":"2026-04-20T20:12:51","slug":"marcheur","status":"publish","type":"product","link":"https:\/\/www.avenuedesigncanada.com\/fr\/product\/marcheur\/","title":{"rendered":"Marcheur"},"content":{"rendered":"<p><em>  Le tapis Walker pr\u00e9sente les caract\u00e9ristiques suivantes : <em><br \/>\nConstruction &#8211; Nou\u00e9 \u00e0 la main<br \/>\n Fibre &#8211; Laine | Coton | Autres fibres<br \/>\n Disponible dans d&rsquo;autres tailles.<br \/>\nIllustr\u00e9 en &#8211; Rouille \/ Ivoire<br \/>\nVous avez des questions sur ce produit ? Nos designers sont l\u00e0 pour vous aider. Appelez-nous au (514) 340-9351  <\/p>\n","protected":false},"excerpt":{"rendered":"<p>Un motif g\u00e9om\u00e9trique asym\u00e9trique dans la plupart des mod\u00e8les donne \u00e0 la collection Walker une profondeur visuelle unique et des poils subtilement vari\u00e9s. Les lignes sculpt\u00e9es de ce tapis aux tons riches cr\u00e9ent un effet de carrelage qui rappelle les vitraux ou les pierres. Le design minimaliste et moderne de ce tapis incarne la collaboration entre Carrier and Company et Loloi, qui associe un savoir-faire classique \u00e0 une approche contemporaine. Nou\u00e9e \u00e0 la main en laine et autres fibres, cette collection est l&rsquo;une de nos constructions artisanales les plus durables, destin\u00e9e \u00e0 durer des g\u00e9n\u00e9rations. Fabriqu\u00e9e en Inde et certifi\u00e9e GoodWeave, elle t\u00e9moigne de notre engagement en faveur d&rsquo;une production \u00e9thique et du soutien des communaut\u00e9s de tisserands.    <\/p>\n","protected":false},"featured_media":419243,"template":"","meta":{"_kad_blocks_custom_css":"","_kad_blocks_head_custom_js":"","_kad_blocks_body_custom_js":"","_kad_blocks_footer_custom_js":"","_kad_post_transparent":"","_kad_post_title":"","_kad_post_layout":"","_kad_post_sidebar_id":"","_kad_post_content_style":"","_kad_post_vertical_padding":"","_kad_post_feature":"","_kad_post_feature_position":"","_kad_post_header":false,"_kad_post_footer":false,"_kad_post_classname":""},"product_brand":[],"product_cat":[2208],"product_tag":[1519],"class_list":{"0":"post-419625","1":"product","2":"type-product","3":"status-publish","4":"has-post-thumbnail","6":"product_cat-tapis","7":"product_tag-lyca-fr","9":"first","10":"instock","11":"taxable","12":"shipping-taxable","13":"product-type-simple","14":"entry","15":"content-bg","16":"loop-entry"},"taxonomy_info":{"product_cat":[{"value":2208,"label":"tapis"}],"product_tag":[{"value":1519,"label":"LYCA"}]},"featured_image_src_large":["https:\/\/www.avenuedesigncanada.com\/wp-content\/uploads\/2026\/04\/WALKWAL-02RUIV-815x1024.jpg",815,1024,true],"author_info":[],"comment_info":"","_links":{"self":[{"href":"https:\/\/www.avenuedesigncanada.com\/fr\/wp-json\/wp\/v2\/product\/419625","targetHints":{"allow":["GET"]}}],"collection":[{"href":"https:\/\/www.avenuedesigncanada.com\/fr\/wp-json\/wp\/v2\/product"}],"about":[{"href":"https:\/\/www.avenuedesigncanada.com\/fr\/wp-json\/wp\/v2\/types\/product"}],"wp:featuredmedia":[{"embeddable":true,"href":"https:\/\/www.avenuedesigncanada.com\/fr\/wp-json\/wp\/v2\/media\/419243"}],"wp:attachment":[{"href":"https:\/\/www.avenuedesigncanada.com\/fr\/wp-json\/wp\/v2\/media?parent=419625"}],"wp:term":[{"taxonomy":"product_brand","embeddable":true,"href":"https:\/\/www.avenuedesigncanada.com\/fr\/wp-json\/wp\/v2\/product_brand?post=419625"},{"taxonomy":"product_cat","embeddable":true,"href":"https:\/\/www.avenuedesigncanada.com\/fr\/wp-json\/wp\/v2\/product_cat?post=419625"},{"taxonomy":"product_tag","embeddable":true,"href":"https:\/\/www.avenuedesigncanada.com\/fr\/wp-json\/wp\/v2\/product_tag?post=419625"}],"curies":[{"name":"wp","href":"https:\/\/api.w.org\/{rel}","templated":true}]}}