{"id":419643,"date":"2026-04-20T13:46:44","date_gmt":"2026-04-20T17:46:44","guid":{"rendered":"https:\/\/www.avenuedesigncanada.com\/product\/juneau-en-anglais\/"},"modified":"2026-04-20T16:13:10","modified_gmt":"2026-04-20T20:13:10","slug":"juneau-en-anglais","status":"publish","type":"product","link":"https:\/\/www.avenuedesigncanada.com\/fr\/product\/juneau-en-anglais\/","title":{"rendered":"Juneau (en anglais)"},"content":{"rendered":"<p><em>  Le tapis Juneau pr\u00e9sente les caract\u00e9ristiques suivantes : <em><br \/>\nConstruction &#8211; tuft\u00e9 \u00e0 la main<br \/>\n Fibre &#8211; 58% Rayon | 42% Laine Pile<br \/>\n Disponible dans d&rsquo;autres tailles.<br \/>\nIllustr\u00e9 en &#8211; Ant Ivory \/ Beige<br \/>\nVous avez des questions sur ce produit ? Nos designers sont l\u00e0 pour vous aider. Appelez-nous au (514) 340-9351  <\/p>\n","protected":false},"excerpt":{"rendered":"<p>Inspir\u00e9e par les paysages les plus textur\u00e9s de la nature, la collection Juneau offre une base saisissante pour construire votre pi\u00e8ce. Chaque pi\u00e8ce est tuft\u00e9e \u00e0 la main avec de la rayonne et de la laine par des artisans en Inde pour une brillance soyeuse qui met en valeur les effets de haut et de bas dans le poil. Certifi\u00e9e GoodWeave, cette collection est le reflet de notre engagement en faveur d&rsquo;une production \u00e9thique et d&rsquo;un soutien aux communaut\u00e9s de tisserands.  <\/p>\n","protected":false},"featured_media":419575,"template":"","meta":{"_kad_blocks_custom_css":"","_kad_blocks_head_custom_js":"","_kad_blocks_body_custom_js":"","_kad_blocks_footer_custom_js":"","_kad_post_transparent":"","_kad_post_title":"","_kad_post_layout":"","_kad_post_sidebar_id":"","_kad_post_content_style":"","_kad_post_vertical_padding":"","_kad_post_feature":"","_kad_post_feature_position":"","_kad_post_header":false,"_kad_post_footer":false,"_kad_post_classname":""},"product_brand":[],"product_cat":[2208],"product_tag":[1519],"class_list":{"0":"post-419643","1":"product","2":"type-product","3":"status-publish","4":"has-post-thumbnail","6":"product_cat-tapis","7":"product_tag-lyca-fr","9":"first","10":"instock","11":"taxable","12":"shipping-taxable","13":"product-type-simple","14":"entry","15":"content-bg","16":"loop-entry"},"taxonomy_info":{"product_cat":[{"value":2208,"label":"tapis"}],"product_tag":[{"value":1519,"label":"LYCA"}]},"featured_image_src_large":["https:\/\/www.avenuedesigncanada.com\/wp-content\/uploads\/2026\/04\/JUNEJY-03AIBE-687x1024.jpg",687,1024,true],"author_info":[],"comment_info":"","_links":{"self":[{"href":"https:\/\/www.avenuedesigncanada.com\/fr\/wp-json\/wp\/v2\/product\/419643","targetHints":{"allow":["GET"]}}],"collection":[{"href":"https:\/\/www.avenuedesigncanada.com\/fr\/wp-json\/wp\/v2\/product"}],"about":[{"href":"https:\/\/www.avenuedesigncanada.com\/fr\/wp-json\/wp\/v2\/types\/product"}],"wp:featuredmedia":[{"embeddable":true,"href":"https:\/\/www.avenuedesigncanada.com\/fr\/wp-json\/wp\/v2\/media\/419575"}],"wp:attachment":[{"href":"https:\/\/www.avenuedesigncanada.com\/fr\/wp-json\/wp\/v2\/media?parent=419643"}],"wp:term":[{"taxonomy":"product_brand","embeddable":true,"href":"https:\/\/www.avenuedesigncanada.com\/fr\/wp-json\/wp\/v2\/product_brand?post=419643"},{"taxonomy":"product_cat","embeddable":true,"href":"https:\/\/www.avenuedesigncanada.com\/fr\/wp-json\/wp\/v2\/product_cat?post=419643"},{"taxonomy":"product_tag","embeddable":true,"href":"https:\/\/www.avenuedesigncanada.com\/fr\/wp-json\/wp\/v2\/product_tag?post=419643"}],"curies":[{"name":"wp","href":"https:\/\/api.w.org\/{rel}","templated":true}]}}