{"id":419656,"date":"2026-04-20T13:46:42","date_gmt":"2026-04-20T17:46:42","guid":{"rendered":"https:\/\/www.avenuedesigncanada.com\/product\/harrison-3\/"},"modified":"2026-04-20T16:13:16","modified_gmt":"2026-04-20T20:13:16","slug":"harrison-3","status":"publish","type":"product","link":"https:\/\/www.avenuedesigncanada.com\/fr\/product\/harrison-3\/","title":{"rendered":"Harrison"},"content":{"rendered":"<p><em>  Le tapis Harrison pr\u00e9sente les caract\u00e9ristiques suivantes : <em><br \/>\nConstruction &#8211; Nou\u00e9 \u00e0 la main<br \/>\n Fibre &#8211; 47% Laine | 43% Rayon | 10% Coton<br \/>\n Disponible dans d&rsquo;autres tailles.<br \/>\nIllustr\u00e9 en &#8211; Ivoire \/ Ardoise<br \/>\nVous avez des questions sur ce produit ? Nos designers sont l\u00e0 pour vous aider. Appelez-nous au (514) 340-9351  <\/p>\n","protected":false},"excerpt":{"rendered":"<p>Inspir\u00e9e par les tissages su\u00e9dois, la collection Harrison est une s\u00e9lection ludique de poils hauts et bas, o\u00f9 les motifs sont exprim\u00e9s par les tissages. Les motifs lin\u00e9aires aident \u00e0 cr\u00e9er de l&rsquo;ordre et de la clart\u00e9 dans une pi\u00e8ce, et la r\u00e9p\u00e9tition des motifs cr\u00e9e une \u00e9nergie agr\u00e9able. Les motifs \u00e0 poils longs sont ouverts et frais, le tissage en panier est un riche compl\u00e9ment, tandis que le tapis en laine \u00e0 motifs irr\u00e9guliers est d&rsquo;une \u00e9chelle unique et d&rsquo;une modernit\u00e9 surprenante. Les tapis comportent un soup\u00e7on de rayonne, ajoutant une brillance qui adoucit le motif lin\u00e9aire. Harrison est \u00e9galement certifi\u00e9 GoodWeave, ce qui t\u00e9moigne de notre engagement en faveur d&rsquo;une production \u00e9thique et du soutien des communaut\u00e9s de tisserands.    <\/p>\n","protected":false},"featured_media":419543,"template":"","meta":{"_kad_blocks_custom_css":"","_kad_blocks_head_custom_js":"","_kad_blocks_body_custom_js":"","_kad_blocks_footer_custom_js":"","_kad_post_transparent":"","_kad_post_title":"","_kad_post_layout":"","_kad_post_sidebar_id":"","_kad_post_content_style":"","_kad_post_vertical_padding":"","_kad_post_feature":"","_kad_post_feature_position":"","_kad_post_header":false,"_kad_post_footer":false,"_kad_post_classname":""},"product_brand":[],"product_cat":[2208],"product_tag":[1519],"class_list":{"0":"post-419656","1":"product","2":"type-product","3":"status-publish","4":"has-post-thumbnail","6":"product_cat-tapis","7":"product_tag-lyca-fr","9":"first","10":"instock","11":"taxable","12":"shipping-taxable","13":"product-type-simple","14":"entry","15":"content-bg","16":"loop-entry"},"taxonomy_info":{"product_cat":[{"value":2208,"label":"tapis"}],"product_tag":[{"value":1519,"label":"LYCA"}]},"featured_image_src_large":["https:\/\/www.avenuedesigncanada.com\/wp-content\/uploads\/2026\/04\/HARIHAR-02IVSL-788x1024.jpg",788,1024,true],"author_info":[],"comment_info":"","_links":{"self":[{"href":"https:\/\/www.avenuedesigncanada.com\/fr\/wp-json\/wp\/v2\/product\/419656","targetHints":{"allow":["GET"]}}],"collection":[{"href":"https:\/\/www.avenuedesigncanada.com\/fr\/wp-json\/wp\/v2\/product"}],"about":[{"href":"https:\/\/www.avenuedesigncanada.com\/fr\/wp-json\/wp\/v2\/types\/product"}],"wp:featuredmedia":[{"embeddable":true,"href":"https:\/\/www.avenuedesigncanada.com\/fr\/wp-json\/wp\/v2\/media\/419543"}],"wp:attachment":[{"href":"https:\/\/www.avenuedesigncanada.com\/fr\/wp-json\/wp\/v2\/media?parent=419656"}],"wp:term":[{"taxonomy":"product_brand","embeddable":true,"href":"https:\/\/www.avenuedesigncanada.com\/fr\/wp-json\/wp\/v2\/product_brand?post=419656"},{"taxonomy":"product_cat","embeddable":true,"href":"https:\/\/www.avenuedesigncanada.com\/fr\/wp-json\/wp\/v2\/product_cat?post=419656"},{"taxonomy":"product_tag","embeddable":true,"href":"https:\/\/www.avenuedesigncanada.com\/fr\/wp-json\/wp\/v2\/product_tag?post=419656"}],"curies":[{"name":"wp","href":"https:\/\/api.w.org\/{rel}","templated":true}]}}