{"id":419670,"date":"2026-04-20T13:46:36","date_gmt":"2026-04-20T17:46:36","guid":{"rendered":"https:\/\/www.avenuedesigncanada.com\/product\/elodie\/"},"modified":"2026-04-20T16:13:55","modified_gmt":"2026-04-20T20:13:55","slug":"elodie","status":"publish","type":"product","link":"https:\/\/www.avenuedesigncanada.com\/fr\/product\/elodie\/","title":{"rendered":"Elodie"},"content":{"rendered":"<p><em>  Le tapis Elodie pr\u00e9sente les caract\u00e9ristiques suivantes : <em><br \/>\nConstruction &#8211; Nou\u00e9 \u00e0 la main<br \/>\n Fibre &#8211; Laine | Nylon<br \/>\n Disponible dans d&rsquo;autres tailles.<br \/>\nIllustr\u00e9 en &#8211; Ivoire \/ Avoine<br \/>\nVous avez des questions sur ce produit ? Nos concepteurs sont l\u00e0 pour vous aider. Appelez-nous au (514) 340-9351 <\/p>\n","protected":false},"excerpt":{"rendered":"<p>La collection Elodie, nou\u00e9e \u00e0 la main, utilise des fils teints dans l&rsquo;espace pour cr\u00e9er une variabilit\u00e9 dynamique dans une gamme de neutres chin\u00e9s avec un design ton sur ton. Elodie est \u00e9galement d&rsquo;une texture et d&rsquo;une douceur uniques, compos\u00e9e de fils m\u00e9lang\u00e9s \u00e0 70 % de laine n\u00e9o-z\u00e9landaise et \u00e0 30 % de nylon. Tapis luxueux \u00e0 l&rsquo;esth\u00e9tique moderne, Elodie est une pi\u00e8ce ma\u00eetresse \u00e9tonnante pour les salons, les chambres et les bureaux. Cette collection est fabriqu\u00e9e en Inde et certifi\u00e9e GoodWeave, ce qui t\u00e9moigne de notre engagement en faveur d&rsquo;une production \u00e9thique et du soutien des communaut\u00e9s de tisserands.   <\/p>\n","protected":false},"featured_media":419467,"template":"","meta":{"_kad_blocks_custom_css":"","_kad_blocks_head_custom_js":"","_kad_blocks_body_custom_js":"","_kad_blocks_footer_custom_js":"","_kad_post_transparent":"","_kad_post_title":"","_kad_post_layout":"","_kad_post_sidebar_id":"","_kad_post_content_style":"","_kad_post_vertical_padding":"","_kad_post_feature":"","_kad_post_feature_position":"","_kad_post_header":false,"_kad_post_footer":false,"_kad_post_classname":""},"product_brand":[],"product_cat":[2208],"product_tag":[1519],"class_list":{"0":"post-419670","1":"product","2":"type-product","3":"status-publish","4":"has-post-thumbnail","6":"product_cat-tapis","7":"product_tag-lyca-fr","9":"first","10":"instock","11":"taxable","12":"shipping-taxable","13":"product-type-simple","14":"entry","15":"content-bg","16":"loop-entry"},"taxonomy_info":{"product_cat":[{"value":2208,"label":"tapis"}],"product_tag":[{"value":1519,"label":"LYCA"}]},"featured_image_src_large":["https:\/\/www.avenuedesigncanada.com\/wp-content\/uploads\/2026\/04\/ELODELD-01IVOT-824x1024.jpg",824,1024,true],"author_info":[],"comment_info":"","_links":{"self":[{"href":"https:\/\/www.avenuedesigncanada.com\/fr\/wp-json\/wp\/v2\/product\/419670","targetHints":{"allow":["GET"]}}],"collection":[{"href":"https:\/\/www.avenuedesigncanada.com\/fr\/wp-json\/wp\/v2\/product"}],"about":[{"href":"https:\/\/www.avenuedesigncanada.com\/fr\/wp-json\/wp\/v2\/types\/product"}],"wp:featuredmedia":[{"embeddable":true,"href":"https:\/\/www.avenuedesigncanada.com\/fr\/wp-json\/wp\/v2\/media\/419467"}],"wp:attachment":[{"href":"https:\/\/www.avenuedesigncanada.com\/fr\/wp-json\/wp\/v2\/media?parent=419670"}],"wp:term":[{"taxonomy":"product_brand","embeddable":true,"href":"https:\/\/www.avenuedesigncanada.com\/fr\/wp-json\/wp\/v2\/product_brand?post=419670"},{"taxonomy":"product_cat","embeddable":true,"href":"https:\/\/www.avenuedesigncanada.com\/fr\/wp-json\/wp\/v2\/product_cat?post=419670"},{"taxonomy":"product_tag","embeddable":true,"href":"https:\/\/www.avenuedesigncanada.com\/fr\/wp-json\/wp\/v2\/product_tag?post=419670"}],"curies":[{"name":"wp","href":"https:\/\/api.w.org\/{rel}","templated":true}]}}