{"id":419731,"date":"2026-04-20T11:56:39","date_gmt":"2026-04-20T15:56:39","guid":{"rendered":"https:\/\/www.avenuedesigncanada.com\/product\/barkley\/"},"modified":"2026-04-20T16:15:02","modified_gmt":"2026-04-20T20:15:02","slug":"barkley","status":"publish","type":"product","link":"https:\/\/www.avenuedesigncanada.com\/fr\/product\/barkley\/","title":{"rendered":"Barkley"},"content":{"rendered":"<p><em>  Le tapis Barkley pr\u00e9sente les caract\u00e9ristiques suivantes : <em><br \/>\nConstruction &#8211; Loomed \u00e0 la main<br \/>\n Fibre &#8211; 84% Rayon | 16% Wool Pile<br \/>\n Disponible dans d&rsquo;autres tailles.<br \/>\nIllustr\u00e9 en &#8211; Charcoal<br \/>\nVous avez des questions sur ce produit ? Nos designers sont l\u00e0 pour vous aider. Appelez-nous au (514) 340-9351  <\/p>\n","protected":false},"excerpt":{"rendered":"<p>La nouvelle collection Barkley, tiss\u00e9e \u00e0 la main, apporte ordre, \u00e9quilibre et calme dans tous les environnements. Ces motifs lin\u00e9aires et tonaux en laine et rayonne chatoyante sont \u00e0 la fois d\u00e9contract\u00e9s, chics et ultra-sophistiqu\u00e9s, avec des tons neutres complexes comme le charbon de bois, l&rsquo;ivoire, le moka et l&rsquo;argent. Que vous soyez en train de vous reposer d&rsquo;une journ\u00e9e bien remplie ou d&rsquo;en entamer une nouvelle, les motifs apaisants de la collection Barkley vous procureront un sentiment parfait d&rsquo;harmonie et de paix l\u00e0 o\u00f9 vous en avez le plus besoin. Durable et textur\u00e9e, la collection Beacon, tiss\u00e9e \u00e0 la main, offre une nouvelle approche du tapis en fibres naturelles qui a fait ses preuves. Les motifs soigneusement \u00e9labor\u00e9s sont adoucis par de belles variations de tons qui conf\u00e8rent \u00e0 chaque pi\u00e8ce un caract\u00e8re unique. Certifi\u00e9 GoodWeave, ce tapis est le fruit de notre engagement en faveur d&rsquo;une production \u00e9thique et du soutien des communaut\u00e9s de tisserands.     <\/p>\n","protected":false},"featured_media":418855,"template":"","meta":{"_kad_blocks_custom_css":"","_kad_blocks_head_custom_js":"","_kad_blocks_body_custom_js":"","_kad_blocks_footer_custom_js":"","_kad_post_transparent":"","_kad_post_title":"","_kad_post_layout":"","_kad_post_sidebar_id":"","_kad_post_content_style":"","_kad_post_vertical_padding":"","_kad_post_feature":"","_kad_post_feature_position":"","_kad_post_header":false,"_kad_post_footer":false,"_kad_post_classname":""},"product_brand":[],"product_cat":[2208],"product_tag":[1519],"class_list":{"0":"post-419731","1":"product","2":"type-product","3":"status-publish","4":"has-post-thumbnail","6":"product_cat-tapis","7":"product_tag-lyca-fr","9":"first","10":"instock","11":"taxable","12":"shipping-taxable","13":"product-type-simple","14":"entry","15":"content-bg","16":"loop-entry"},"taxonomy_info":{"product_cat":[{"value":2208,"label":"tapis"}],"product_tag":[{"value":1519,"label":"LYCA"}]},"featured_image_src_large":["https:\/\/www.avenuedesigncanada.com\/wp-content\/uploads\/2026\/04\/BARKBK-01CC00-719x1024.jpg",719,1024,true],"author_info":[],"comment_info":"","_links":{"self":[{"href":"https:\/\/www.avenuedesigncanada.com\/fr\/wp-json\/wp\/v2\/product\/419731","targetHints":{"allow":["GET"]}}],"collection":[{"href":"https:\/\/www.avenuedesigncanada.com\/fr\/wp-json\/wp\/v2\/product"}],"about":[{"href":"https:\/\/www.avenuedesigncanada.com\/fr\/wp-json\/wp\/v2\/types\/product"}],"wp:featuredmedia":[{"embeddable":true,"href":"https:\/\/www.avenuedesigncanada.com\/fr\/wp-json\/wp\/v2\/media\/418855"}],"wp:attachment":[{"href":"https:\/\/www.avenuedesigncanada.com\/fr\/wp-json\/wp\/v2\/media?parent=419731"}],"wp:term":[{"taxonomy":"product_brand","embeddable":true,"href":"https:\/\/www.avenuedesigncanada.com\/fr\/wp-json\/wp\/v2\/product_brand?post=419731"},{"taxonomy":"product_cat","embeddable":true,"href":"https:\/\/www.avenuedesigncanada.com\/fr\/wp-json\/wp\/v2\/product_cat?post=419731"},{"taxonomy":"product_tag","embeddable":true,"href":"https:\/\/www.avenuedesigncanada.com\/fr\/wp-json\/wp\/v2\/product_tag?post=419731"}],"curies":[{"name":"wp","href":"https:\/\/api.w.org\/{rel}","templated":true}]}}