{"id":419743,"date":"2026-04-20T11:52:47","date_gmt":"2026-04-20T15:52:47","guid":{"rendered":"https:\/\/www.avenuedesigncanada.com\/product\/asher\/"},"modified":"2026-04-20T16:15:13","modified_gmt":"2026-04-20T20:15:13","slug":"asher","status":"publish","type":"product","link":"https:\/\/www.avenuedesigncanada.com\/fr\/product\/asher\/","title":{"rendered":"Asher"},"content":{"rendered":"<p><em>  Le tapis Asher pr\u00e9sente les caract\u00e9ristiques suivantes : <em><br \/>\nConstruction &#8211; Nou\u00e9 \u00e0 la main<br \/>\n Fibre &#8211; 100% laine<br \/>\n Disponible dans d&rsquo;autres tailles.<br \/>\nIllustr\u00e9 en &#8211; Dove<br \/>\nVous avez des questions sur ce produit ? Nos designers sont l\u00e0 pour vous aider. Appelez-nous au (514) 340-9351  <\/p>\n","protected":false},"excerpt":{"rendered":"<p>La collection Asher est un tapis fabriqu\u00e9 \u00e0 la main par des experts et dot\u00e9 d&rsquo;un poil \u00e9pais et caillouteux. La variation naturelle des couleurs dans chaque fil ajoute une profondeur raffin\u00e9e \u00e0 cette pi\u00e8ce ma\u00eetresse neutre pour les salons, les chambres \u00e0 coucher et bien plus encore. La collection Asher est nou\u00e9e \u00e0 la main en laine par des artisans en Inde et certifi\u00e9e GoodWeave, ce qui garantit notre engagement en faveur d&rsquo;une production \u00e9thique et du soutien des communaut\u00e9s de tisserands.  <\/p>\n","protected":false},"featured_media":418798,"template":"","meta":{"_kad_blocks_custom_css":"","_kad_blocks_head_custom_js":"","_kad_blocks_body_custom_js":"","_kad_blocks_footer_custom_js":"","_kad_post_transparent":"","_kad_post_title":"","_kad_post_layout":"","_kad_post_sidebar_id":"","_kad_post_content_style":"","_kad_post_vertical_padding":"","_kad_post_feature":"","_kad_post_feature_position":"","_kad_post_header":false,"_kad_post_footer":false,"_kad_post_classname":""},"product_brand":[],"product_cat":[2208],"product_tag":[1519],"class_list":{"0":"post-419743","1":"product","2":"type-product","3":"status-publish","4":"has-post-thumbnail","6":"product_cat-tapis","7":"product_tag-lyca-fr","9":"first","10":"instock","11":"taxable","12":"shipping-taxable","13":"product-type-simple","14":"entry","15":"content-bg","16":"loop-entry"},"taxonomy_info":{"product_cat":[{"value":2208,"label":"tapis"}],"product_tag":[{"value":1519,"label":"LYCA"}]},"featured_image_src_large":["https:\/\/www.avenuedesigncanada.com\/wp-content\/uploads\/2026\/04\/ASHEASR-01DV00-775x1024.jpg",775,1024,true],"author_info":[],"comment_info":"","_links":{"self":[{"href":"https:\/\/www.avenuedesigncanada.com\/fr\/wp-json\/wp\/v2\/product\/419743","targetHints":{"allow":["GET"]}}],"collection":[{"href":"https:\/\/www.avenuedesigncanada.com\/fr\/wp-json\/wp\/v2\/product"}],"about":[{"href":"https:\/\/www.avenuedesigncanada.com\/fr\/wp-json\/wp\/v2\/types\/product"}],"wp:featuredmedia":[{"embeddable":true,"href":"https:\/\/www.avenuedesigncanada.com\/fr\/wp-json\/wp\/v2\/media\/418798"}],"wp:attachment":[{"href":"https:\/\/www.avenuedesigncanada.com\/fr\/wp-json\/wp\/v2\/media?parent=419743"}],"wp:term":[{"taxonomy":"product_brand","embeddable":true,"href":"https:\/\/www.avenuedesigncanada.com\/fr\/wp-json\/wp\/v2\/product_brand?post=419743"},{"taxonomy":"product_cat","embeddable":true,"href":"https:\/\/www.avenuedesigncanada.com\/fr\/wp-json\/wp\/v2\/product_cat?post=419743"},{"taxonomy":"product_tag","embeddable":true,"href":"https:\/\/www.avenuedesigncanada.com\/fr\/wp-json\/wp\/v2\/product_tag?post=419743"}],"curies":[{"name":"wp","href":"https:\/\/api.w.org\/{rel}","templated":true}]}}