{"id":419958,"date":"2026-04-20T13:46:56","date_gmt":"2026-04-20T17:46:56","guid":{"rendered":"https:\/\/www.avenuedesigncanada.com\/product\/mulholland\/"},"modified":"2026-04-20T16:33:30","modified_gmt":"2026-04-20T20:33:30","slug":"mulholland","status":"publish","type":"product","link":"https:\/\/www.avenuedesigncanada.com\/fr\/product\/mulholland\/","title":{"rendered":"Mulholland"},"content":{"rendered":"<p><em>  Le tapis Mullhond pr\u00e9sente les caract\u00e9ristiques suivantes : <em><br \/>\nConstruction &#8211; Nou\u00e9 \u00e0 la main<br \/>\n Fibre &#8211; 83% laine | 17% coton<br \/>\n Disponible dans d&rsquo;autres tailles.<br \/>\nIllustr\u00e9 en &#8211; Bark \/ Natural<br \/>\nVous avez des questions sur ce produit ? Nos designers sont l\u00e0 pour vous aider. Appelez-nous au (514) 340-9351  <\/p>\n","protected":false},"excerpt":{"rendered":"<p>Reprenant l&rsquo;esth\u00e9tique californienne d\u00e9contract\u00e9e caract\u00e9ristique d&rsquo;Amber Lewis, la collection Mulholland est nou\u00e9e \u00e0 la main de mani\u00e8re experte en laine et en coton par des artisans qualifi\u00e9s en Inde. La collection offre un velours doux et textur\u00e9 avec une l\u00e9g\u00e8re variation de tons qui rend chaque pi\u00e8ce unique. La collection Mulholland est \u00e9galement certifi\u00e9e GoodWeave, ce qui t\u00e9moigne de notre engagement en faveur de produits \u00e9thiques et du soutien des communaut\u00e9s de tisserands.  <\/p>\n","protected":false},"featured_media":419932,"template":"","meta":{"_kad_blocks_custom_css":"","_kad_blocks_head_custom_js":"","_kad_blocks_body_custom_js":"","_kad_blocks_footer_custom_js":"","_kad_post_transparent":"","_kad_post_title":"","_kad_post_layout":"","_kad_post_sidebar_id":"","_kad_post_content_style":"","_kad_post_vertical_padding":"","_kad_post_feature":"","_kad_post_feature_position":"","_kad_post_header":false,"_kad_post_footer":false,"_kad_post_classname":""},"product_brand":[],"product_cat":[2208],"product_tag":[1519],"class_list":{"0":"post-419958","1":"product","2":"type-product","3":"status-publish","4":"has-post-thumbnail","6":"product_cat-tapis","7":"product_tag-lyca-fr","9":"first","10":"instock","11":"taxable","12":"shipping-taxable","13":"product-type-simple","14":"entry","15":"content-bg","16":"loop-entry"},"taxonomy_info":{"product_cat":[{"value":2208,"label":"tapis"}],"product_tag":[{"value":1519,"label":"LYCA"}]},"featured_image_src_large":["https:\/\/www.avenuedesigncanada.com\/wp-content\/uploads\/2026\/04\/MULHMUL-01BSNA-813x1024.jpg",813,1024,true],"author_info":[],"comment_info":"","_links":{"self":[{"href":"https:\/\/www.avenuedesigncanada.com\/fr\/wp-json\/wp\/v2\/product\/419958","targetHints":{"allow":["GET"]}}],"collection":[{"href":"https:\/\/www.avenuedesigncanada.com\/fr\/wp-json\/wp\/v2\/product"}],"about":[{"href":"https:\/\/www.avenuedesigncanada.com\/fr\/wp-json\/wp\/v2\/types\/product"}],"wp:featuredmedia":[{"embeddable":true,"href":"https:\/\/www.avenuedesigncanada.com\/fr\/wp-json\/wp\/v2\/media\/419932"}],"wp:attachment":[{"href":"https:\/\/www.avenuedesigncanada.com\/fr\/wp-json\/wp\/v2\/media?parent=419958"}],"wp:term":[{"taxonomy":"product_brand","embeddable":true,"href":"https:\/\/www.avenuedesigncanada.com\/fr\/wp-json\/wp\/v2\/product_brand?post=419958"},{"taxonomy":"product_cat","embeddable":true,"href":"https:\/\/www.avenuedesigncanada.com\/fr\/wp-json\/wp\/v2\/product_cat?post=419958"},{"taxonomy":"product_tag","embeddable":true,"href":"https:\/\/www.avenuedesigncanada.com\/fr\/wp-json\/wp\/v2\/product_tag?post=419958"}],"curies":[{"name":"wp","href":"https:\/\/api.w.org\/{rel}","templated":true}]}}