{"id":419963,"date":"2026-04-20T13:46:54","date_gmt":"2026-04-20T17:46:54","guid":{"rendered":"https:\/\/www.avenuedesigncanada.com\/product\/moore-3\/"},"modified":"2026-04-20T16:33:40","modified_gmt":"2026-04-20T20:33:40","slug":"moore-3","status":"publish","type":"product","link":"https:\/\/www.avenuedesigncanada.com\/fr\/product\/moore-3\/","title":{"rendered":"Moore"},"content":{"rendered":"<p><em>  Le tapis Moore pr\u00e9sente les caract\u00e9ristiques suivantes : <em><br \/>\nConstruction &#8211; Nou\u00e9 \u00e0 la main<br \/>\n Fibre &#8211; Laine | Coton | Polyester<br \/>\n Disponible dans d&rsquo;autres tailles.<br \/>\nIllustr\u00e9 en &#8211; Naturel \/ Galet<br \/>\nVous avez des questions sur ce produit ? Nos designers sont l\u00e0 pour vous aider. Appelez-nous au (514) 340-9351  <\/p>\n","protected":false},"excerpt":{"rendered":"<p>La collection Moore est un tapis sophistiqu\u00e9 avec un jeu subtil de poils plus hauts et plus clairs au-dessus d&rsquo;un poil de base aux tons plus profonds. Des motifs g\u00e9om\u00e9triques abstraits dans des palettes neutres et a\u00e9r\u00e9es cr\u00e9ent un sentiment de fra\u00eecheur et une dimension textur\u00e9e pour laquelle le cabinet de design est connu, en particulier contre la base ray\u00e9e du tapis. Nou\u00e9 \u00e0 la main en laine et en coton pour plus de douceur et de durabilit\u00e9, Moore est \u00e9galement certifi\u00e9 GoodWeave, ce qui garantit notre engagement en faveur d&rsquo;une production \u00e9thique et du soutien des communaut\u00e9s de tisserands. Fabriqu\u00e9 en Inde.   <\/p>\n","protected":false},"featured_media":419758,"template":"","meta":{"_kad_blocks_custom_css":"","_kad_blocks_head_custom_js":"","_kad_blocks_body_custom_js":"","_kad_blocks_footer_custom_js":"","_kad_post_transparent":"","_kad_post_title":"","_kad_post_layout":"","_kad_post_sidebar_id":"","_kad_post_content_style":"","_kad_post_vertical_padding":"","_kad_post_feature":"","_kad_post_feature_position":"","_kad_post_header":false,"_kad_post_footer":false,"_kad_post_classname":""},"product_brand":[],"product_cat":[2208],"product_tag":[1519],"class_list":{"0":"post-419963","1":"product","2":"type-product","3":"status-publish","4":"has-post-thumbnail","6":"product_cat-tapis","7":"product_tag-lyca-fr","9":"first","10":"instock","11":"taxable","12":"shipping-taxable","13":"product-type-simple","14":"entry","15":"content-bg","16":"loop-entry"},"taxonomy_info":{"product_cat":[{"value":2208,"label":"tapis"}],"product_tag":[{"value":1519,"label":"LYCA"}]},"featured_image_src_large":["https:\/\/www.avenuedesigncanada.com\/wp-content\/uploads\/2026\/04\/MOORMOE-01NAPP-832x1024.jpg",832,1024,true],"author_info":[],"comment_info":"","_links":{"self":[{"href":"https:\/\/www.avenuedesigncanada.com\/fr\/wp-json\/wp\/v2\/product\/419963","targetHints":{"allow":["GET"]}}],"collection":[{"href":"https:\/\/www.avenuedesigncanada.com\/fr\/wp-json\/wp\/v2\/product"}],"about":[{"href":"https:\/\/www.avenuedesigncanada.com\/fr\/wp-json\/wp\/v2\/types\/product"}],"wp:featuredmedia":[{"embeddable":true,"href":"https:\/\/www.avenuedesigncanada.com\/fr\/wp-json\/wp\/v2\/media\/419758"}],"wp:attachment":[{"href":"https:\/\/www.avenuedesigncanada.com\/fr\/wp-json\/wp\/v2\/media?parent=419963"}],"wp:term":[{"taxonomy":"product_brand","embeddable":true,"href":"https:\/\/www.avenuedesigncanada.com\/fr\/wp-json\/wp\/v2\/product_brand?post=419963"},{"taxonomy":"product_cat","embeddable":true,"href":"https:\/\/www.avenuedesigncanada.com\/fr\/wp-json\/wp\/v2\/product_cat?post=419963"},{"taxonomy":"product_tag","embeddable":true,"href":"https:\/\/www.avenuedesigncanada.com\/fr\/wp-json\/wp\/v2\/product_tag?post=419963"}],"curies":[{"name":"wp","href":"https:\/\/api.w.org\/{rel}","templated":true}]}}