{"id":419970,"date":"2026-04-20T13:46:39","date_gmt":"2026-04-20T17:46:39","guid":{"rendered":"https:\/\/www.avenuedesigncanada.com\/product\/franklin\/"},"modified":"2026-04-20T16:35:07","modified_gmt":"2026-04-20T20:35:07","slug":"franklin","status":"publish","type":"product","link":"https:\/\/www.avenuedesigncanada.com\/fr\/product\/franklin\/","title":{"rendered":"Franklin"},"content":{"rendered":"<p><em>  Le tapis Franklin pr\u00e9sente les caract\u00e9ristiques suivantes : <em><br \/>\nConstruction &#8211; Nou\u00e9 \u00e0 la main<br \/>\n Fibre &#8211; Laine | Coton | Autres fibres<br \/>\n Disponible dans d&rsquo;autres tailles.<br \/>\nIllustr\u00e9 en &#8211; Ivoire<br \/>\nVous avez des questions sur ce produit ? Nos concepteurs sont l\u00e0 pour vous aider. Appelez-nous au (514) 340-9351 <\/p>\n","protected":false},"excerpt":{"rendered":"<p>Des fils de laine et de soie v\u00e9ritable s&rsquo;entrem\u00ealent dans ce superbe tapis de Carrier and Company x Loloi. Les motifs g\u00e9om\u00e9triques et tonaux du tapis sont l\u00e9g\u00e8rement brillants et doux gr\u00e2ce \u00e0 la soie, compl\u00e9t\u00e9s par la durabilit\u00e9 \u00e9prouv\u00e9e de la laine. Nou\u00e9e \u00e0 la main par des artisans en Inde, la collection Franklin pr\u00e9sente une texture l\u00e9g\u00e8rement nervur\u00e9e et de l\u00e9g\u00e8res variations d&rsquo;un tapis \u00e0 l&rsquo;autre. Cette collection est \u00e9galement certifi\u00e9e GoodWeave, ce qui t\u00e9moigne de notre engagement en faveur d&rsquo;une production \u00e9thique et du soutien des communaut\u00e9s de tisserands.   <\/p>\n","protected":false},"featured_media":419501,"template":"","meta":{"_kad_blocks_custom_css":"","_kad_blocks_head_custom_js":"","_kad_blocks_body_custom_js":"","_kad_blocks_footer_custom_js":"","_kad_post_transparent":"","_kad_post_title":"","_kad_post_layout":"","_kad_post_sidebar_id":"","_kad_post_content_style":"","_kad_post_vertical_padding":"","_kad_post_feature":"","_kad_post_feature_position":"","_kad_post_header":false,"_kad_post_footer":false,"_kad_post_classname":""},"product_brand":[],"product_cat":[2208],"product_tag":[1519],"class_list":{"0":"post-419970","1":"product","2":"type-product","3":"status-publish","4":"has-post-thumbnail","6":"product_cat-tapis","7":"product_tag-lyca-fr","9":"first","10":"instock","11":"taxable","12":"shipping-taxable","13":"product-type-simple","14":"entry","15":"content-bg","16":"loop-entry"},"taxonomy_info":{"product_cat":[{"value":2208,"label":"tapis"}],"product_tag":[{"value":1519,"label":"LYCA"}]},"featured_image_src_large":["https:\/\/www.avenuedesigncanada.com\/wp-content\/uploads\/2026\/04\/FRALFRL-01IV00-809x1024.jpg",809,1024,true],"author_info":[],"comment_info":"","_links":{"self":[{"href":"https:\/\/www.avenuedesigncanada.com\/fr\/wp-json\/wp\/v2\/product\/419970","targetHints":{"allow":["GET"]}}],"collection":[{"href":"https:\/\/www.avenuedesigncanada.com\/fr\/wp-json\/wp\/v2\/product"}],"about":[{"href":"https:\/\/www.avenuedesigncanada.com\/fr\/wp-json\/wp\/v2\/types\/product"}],"wp:featuredmedia":[{"embeddable":true,"href":"https:\/\/www.avenuedesigncanada.com\/fr\/wp-json\/wp\/v2\/media\/419501"}],"wp:attachment":[{"href":"https:\/\/www.avenuedesigncanada.com\/fr\/wp-json\/wp\/v2\/media?parent=419970"}],"wp:term":[{"taxonomy":"product_brand","embeddable":true,"href":"https:\/\/www.avenuedesigncanada.com\/fr\/wp-json\/wp\/v2\/product_brand?post=419970"},{"taxonomy":"product_cat","embeddable":true,"href":"https:\/\/www.avenuedesigncanada.com\/fr\/wp-json\/wp\/v2\/product_cat?post=419970"},{"taxonomy":"product_tag","embeddable":true,"href":"https:\/\/www.avenuedesigncanada.com\/fr\/wp-json\/wp\/v2\/product_tag?post=419970"}],"curies":[{"name":"wp","href":"https:\/\/api.w.org\/{rel}","templated":true}]}}