{"id":420303,"date":"2026-04-21T11:49:49","date_gmt":"2026-04-21T15:49:49","guid":{"rendered":"https:\/\/www.avenuedesigncanada.com\/product\/rocky-4\/"},"modified":"2026-04-21T11:51:34","modified_gmt":"2026-04-21T15:51:34","slug":"rocky-4","status":"publish","type":"product","link":"https:\/\/www.avenuedesigncanada.com\/fr\/product\/rocky-4\/","title":{"rendered":"Rocky"},"content":{"rendered":"<p><em>  Le tapis Rocky pr\u00e9sente les caract\u00e9ristiques suivantes : <em><br \/>\nConstruction &#8211; tuft\u00e9 \u00e0 la main<br \/>\n Fibre &#8211; poil 100% laine<br \/>\n Disponible dans d&rsquo;autres tailles.<br \/>\nIllustr\u00e9 en &#8211; Naturel \/ Colombe<br \/>\nVous avez des questions sur ce produit ? Nos designers sont l\u00e0 pour vous aider. Appelez-nous au (514) 340-9351  <\/p>\n","protected":false},"excerpt":{"rendered":"<p>Le tapis de la collection Rocky est touffet\u00e9 \u00e0 la main avec de la laine non teint\u00e9e pour cr\u00e9er un contraste de couleurs subtil et naturel. Avec un poil moyen et une palette neutre, la collection Rocky peut \u00eatre une base rafra\u00eechissante dans les salons, les chambres \u00e0 coucher et les salles de s\u00e9jour. Le design du tapis, d&rsquo;inspiration marocaine, pr\u00e9sente des motifs g\u00e9om\u00e9triques asym\u00e9triques qui s&rsquo;int\u00e8grent parfaitement \u00e0 tous les styles de d\u00e9coration. Fabriqu\u00e9 en laine tuft\u00e9e \u00e0 la main en Inde et certifi\u00e9 GoodWeave, ce qui garantit notre engagement en faveur d&rsquo;une production \u00e9thique et du soutien des communaut\u00e9s de tisserands.   <\/p>\n","protected":false},"featured_media":420261,"template":"","meta":{"_kad_blocks_custom_css":"","_kad_blocks_head_custom_js":"","_kad_blocks_body_custom_js":"","_kad_blocks_footer_custom_js":"","_kad_post_transparent":"","_kad_post_title":"","_kad_post_layout":"","_kad_post_sidebar_id":"","_kad_post_content_style":"","_kad_post_vertical_padding":"","_kad_post_feature":"","_kad_post_feature_position":"","_kad_post_header":false,"_kad_post_footer":false,"_kad_post_classname":""},"product_brand":[],"product_cat":[2208],"product_tag":[1519],"class_list":{"0":"post-420303","1":"product","2":"type-product","3":"status-publish","4":"has-post-thumbnail","6":"product_cat-tapis","7":"product_tag-lyca-fr","9":"first","10":"instock","11":"taxable","12":"shipping-taxable","13":"product-type-simple","14":"entry","15":"content-bg","16":"loop-entry"},"taxonomy_info":{"product_cat":[{"value":2208,"label":"tapis"}],"product_tag":[{"value":1519,"label":"LYCA"}]},"featured_image_src_large":["https:\/\/www.avenuedesigncanada.com\/wp-content\/uploads\/2026\/04\/ROCKROC-04IVDV-813x1024.jpg",813,1024,true],"author_info":[],"comment_info":"","_links":{"self":[{"href":"https:\/\/www.avenuedesigncanada.com\/fr\/wp-json\/wp\/v2\/product\/420303","targetHints":{"allow":["GET"]}}],"collection":[{"href":"https:\/\/www.avenuedesigncanada.com\/fr\/wp-json\/wp\/v2\/product"}],"about":[{"href":"https:\/\/www.avenuedesigncanada.com\/fr\/wp-json\/wp\/v2\/types\/product"}],"wp:featuredmedia":[{"embeddable":true,"href":"https:\/\/www.avenuedesigncanada.com\/fr\/wp-json\/wp\/v2\/media\/420261"}],"wp:attachment":[{"href":"https:\/\/www.avenuedesigncanada.com\/fr\/wp-json\/wp\/v2\/media?parent=420303"}],"wp:term":[{"taxonomy":"product_brand","embeddable":true,"href":"https:\/\/www.avenuedesigncanada.com\/fr\/wp-json\/wp\/v2\/product_brand?post=420303"},{"taxonomy":"product_cat","embeddable":true,"href":"https:\/\/www.avenuedesigncanada.com\/fr\/wp-json\/wp\/v2\/product_cat?post=420303"},{"taxonomy":"product_tag","embeddable":true,"href":"https:\/\/www.avenuedesigncanada.com\/fr\/wp-json\/wp\/v2\/product_tag?post=420303"}],"curies":[{"name":"wp","href":"https:\/\/api.w.org\/{rel}","templated":true}]}}