{"id":420606,"date":"2026-04-21T15:26:51","date_gmt":"2026-04-21T19:26:51","guid":{"rendered":"https:\/\/www.avenuedesigncanada.com\/product\/horloge\/"},"modified":"2026-04-21T15:41:36","modified_gmt":"2026-04-21T19:41:36","slug":"horloge","status":"publish","type":"product","link":"https:\/\/www.avenuedesigncanada.com\/fr\/product\/horloge\/","title":{"rendered":"HORLOGE"},"content":{"rendered":"<p> <em> L&rsquo;\u0153uvre d&rsquo;art Clockwise pr\u00e9sente les caract\u00e9ristiques suivantes : <\/em><br \/>\nStyle du cadre : 3153 (B)<br \/>\nTaille : 48&#215;53<br \/>\nArtiste : V. Klauss<br \/>\nM\u00e9dia : PAPIER<\/p>\n<p>Vous avez des questions sur ce produit ? Nos concepteurs sont l\u00e0 pour vous aider. Appelez-nous au (514) 340-9351  <\/p>\n","protected":false},"excerpt":{"rendered":"<p>L&rsquo;\u0153uvre d&rsquo;art Clockwise pr\u00e9sente les caract\u00e9ristiques suivantes : Style du cadre : 3153 (B) Taille : 48&#215;53 Artiste : V. Klauss M\u00e9dia : PAPIER Vous avez des questions sur ce produit ? Nos concepteurs sont l\u00e0 pour vous aider. Appelez-nous au (514) 340-9351<\/p>\n","protected":false},"featured_media":420323,"template":"","meta":{"_kad_blocks_custom_css":"","_kad_blocks_head_custom_js":"","_kad_blocks_body_custom_js":"","_kad_blocks_footer_custom_js":"","_kad_post_transparent":"","_kad_post_title":"","_kad_post_layout":"","_kad_post_sidebar_id":"","_kad_post_content_style":"","_kad_post_vertical_padding":"","_kad_post_feature":"","_kad_post_feature_position":"","_kad_post_header":false,"_kad_post_footer":false,"_kad_post_classname":""},"product_brand":[],"product_cat":[2213],"product_tag":[2214],"class_list":{"0":"post-420606","1":"product","2":"type-product","3":"status-publish","4":"has-post-thumbnail","6":"product_cat-art-mural","7":"product_tag-crave-fr","9":"first","10":"instock","11":"taxable","12":"shipping-taxable","13":"product-type-simple","14":"entry","15":"content-bg","16":"loop-entry"},"taxonomy_info":{"product_cat":[{"value":2213,"label":"ART MURAL"}],"product_tag":[{"value":2214,"label":"CRAVE"}]},"featured_image_src_large":["https:\/\/www.avenuedesigncanada.com\/wp-content\/uploads\/2026\/04\/Clcokwise-1024x1024.png",1024,1024,true],"author_info":[],"comment_info":"","_links":{"self":[{"href":"https:\/\/www.avenuedesigncanada.com\/fr\/wp-json\/wp\/v2\/product\/420606","targetHints":{"allow":["GET"]}}],"collection":[{"href":"https:\/\/www.avenuedesigncanada.com\/fr\/wp-json\/wp\/v2\/product"}],"about":[{"href":"https:\/\/www.avenuedesigncanada.com\/fr\/wp-json\/wp\/v2\/types\/product"}],"wp:featuredmedia":[{"embeddable":true,"href":"https:\/\/www.avenuedesigncanada.com\/fr\/wp-json\/wp\/v2\/media\/420323"}],"wp:attachment":[{"href":"https:\/\/www.avenuedesigncanada.com\/fr\/wp-json\/wp\/v2\/media?parent=420606"}],"wp:term":[{"taxonomy":"product_brand","embeddable":true,"href":"https:\/\/www.avenuedesigncanada.com\/fr\/wp-json\/wp\/v2\/product_brand?post=420606"},{"taxonomy":"product_cat","embeddable":true,"href":"https:\/\/www.avenuedesigncanada.com\/fr\/wp-json\/wp\/v2\/product_cat?post=420606"},{"taxonomy":"product_tag","embeddable":true,"href":"https:\/\/www.avenuedesigncanada.com\/fr\/wp-json\/wp\/v2\/product_tag?post=420606"}],"curies":[{"name":"wp","href":"https:\/\/api.w.org\/{rel}","templated":true}]}}