{"id":421308,"date":"2026-04-22T16:13:55","date_gmt":"2026-04-22T20:13:55","guid":{"rendered":"https:\/\/www.avenuedesigncanada.com\/product\/fauteuil-de-salle-a-manger-pylos-naturel\/"},"modified":"2026-04-22T16:32:14","modified_gmt":"2026-04-22T20:32:14","slug":"fauteuil-de-salle-a-manger-pylos-naturel","status":"publish","type":"product","link":"https:\/\/www.avenuedesigncanada.com\/fr\/product\/fauteuil-de-salle-a-manger-pylos-naturel\/","title":{"rendered":"Fauteuil de salle \u00e0 manger Pylos &#8211; Naturel"},"content":{"rendered":"<p><em>  Le fauteuil de salle \u00e0 manger Pylos pr\u00e9sente les caract\u00e9ristiques suivantes :  <em> <\/p>\n<p>Le rev\u00eatement par poudre du cadre en aluminium ajoute une r\u00e9sistance \u00e0 la corrosion et aux intemp\u00e9ries.<\/p>\n<p>Le tressage en osier synth\u00e9tique tout temps r\u00e9siste \u00e0 la d\u00e9coloration et est facile \u00e0 nettoyer.<\/p>\n<p>Les coussins en maille textil\u00e8ne sont r\u00e9sistants \u00e0 l&rsquo;\u00e9tirement et \u00e0 la d\u00e9chirure.<\/p>\n<p>Les coussins en mousse durable \u00e0 s\u00e9chage rapide sont antimicrobiens et respectueux de l&rsquo;environnement&#8230;<\/p>\n<p>Le tissu ext\u00e9rieur en ol\u00e9fine enduite de PVC offre une r\u00e9sistance extr\u00eame aux intemp\u00e9ries et une protection contre la d\u00e9coloration et les dommages caus\u00e9s par les UV.<\/p>\n<p>Tissu : Louis Cream &#8211; Le tissu de performance ext\u00e9rieure certifi\u00e9 Oeko-tex est exempt de substances nocives pour l&rsquo;homme et les \u00e9cosyst\u00e8mes.<\/p>\n<p>Fabriqu\u00e9 avec des mat\u00e9riaux 100 % recyclables.<\/p>\n<p>Appliquez des housses de protection ou rangez-les \u00e0 l&rsquo;int\u00e9rieur lorsqu&rsquo;ils ne sont pas utilis\u00e9s et en cas de mauvais temps, afin de prolonger la dur\u00e9e de vie des meubles d&rsquo;ext\u00e9rieur.<br \/>\nVous avez des questions sur ce produit ? Nos concepteurs sont l\u00e0 pour vous aider. Appelez-nous au (514) 340-9351  <\/p>\n","protected":false},"excerpt":{"rendered":"<p>Les courbes g\u00e9om\u00e9triques de la chaise de salle \u00e0 manger Pylos se d\u00e9marqueront sans effort dans n&rsquo;importe quel espace ext\u00e9rieur. L&rsquo;osier torsad\u00e9 en finition naturelle s&rsquo;enroule autour d&rsquo;un cadre en aluminium pour un aspect d\u00e9fini et textur\u00e9. Un rembourrage doux dans notre tissu boucl\u00e9 d&rsquo;ext\u00e9rieur Louis Cream compl\u00e8te le design.  <\/p>\n","protected":false},"featured_media":421160,"template":"","meta":{"_kad_blocks_custom_css":"","_kad_blocks_head_custom_js":"","_kad_blocks_body_custom_js":"","_kad_blocks_footer_custom_js":"","_kad_post_transparent":"","_kad_post_title":"","_kad_post_layout":"","_kad_post_sidebar_id":"","_kad_post_content_style":"","_kad_post_vertical_padding":"","_kad_post_feature":"","_kad_post_feature_position":"","_kad_post_header":false,"_kad_post_footer":false,"_kad_post_classname":""},"product_brand":[],"product_cat":[2218],"product_tag":[1824],"class_list":{"0":"post-421308","1":"product","2":"type-product","3":"status-publish","4":"has-post-thumbnail","6":"product_cat-sets-de-salle-a-manger-pour-lexterieur","7":"product_tag-sol-fr","9":"first","10":"instock","11":"taxable","12":"shipping-taxable","13":"product-type-simple","14":"entry","15":"content-bg","16":"loop-entry"},"taxonomy_info":{"product_cat":[{"value":2218,"label":"Sets de salle \u00e0 manger pour l'ext\u00e9rieur"}],"product_tag":[{"value":1824,"label":"SOL"}]},"featured_image_src_large":["https:\/\/www.avenuedesigncanada.com\/wp-content\/uploads\/2026\/04\/111597_1-1024x1024.jpg",1024,1024,true],"author_info":[],"comment_info":"","_links":{"self":[{"href":"https:\/\/www.avenuedesigncanada.com\/fr\/wp-json\/wp\/v2\/product\/421308","targetHints":{"allow":["GET"]}}],"collection":[{"href":"https:\/\/www.avenuedesigncanada.com\/fr\/wp-json\/wp\/v2\/product"}],"about":[{"href":"https:\/\/www.avenuedesigncanada.com\/fr\/wp-json\/wp\/v2\/types\/product"}],"wp:featuredmedia":[{"embeddable":true,"href":"https:\/\/www.avenuedesigncanada.com\/fr\/wp-json\/wp\/v2\/media\/421160"}],"wp:attachment":[{"href":"https:\/\/www.avenuedesigncanada.com\/fr\/wp-json\/wp\/v2\/media?parent=421308"}],"wp:term":[{"taxonomy":"product_brand","embeddable":true,"href":"https:\/\/www.avenuedesigncanada.com\/fr\/wp-json\/wp\/v2\/product_brand?post=421308"},{"taxonomy":"product_cat","embeddable":true,"href":"https:\/\/www.avenuedesigncanada.com\/fr\/wp-json\/wp\/v2\/product_cat?post=421308"},{"taxonomy":"product_tag","embeddable":true,"href":"https:\/\/www.avenuedesigncanada.com\/fr\/wp-json\/wp\/v2\/product_tag?post=421308"}],"curies":[{"name":"wp","href":"https:\/\/api.w.org\/{rel}","templated":true}]}}