{"id":421327,"date":"2026-04-22T16:13:03","date_gmt":"2026-04-22T20:13:03","guid":{"rendered":"https:\/\/www.avenuedesigncanada.com\/product\/fauteuil-de-salle-a-manger-cayman\/"},"modified":"2026-04-22T16:33:56","modified_gmt":"2026-04-22T20:33:56","slug":"fauteuil-de-salle-a-manger-cayman","status":"publish","type":"product","link":"https:\/\/www.avenuedesigncanada.com\/fr\/product\/fauteuil-de-salle-a-manger-cayman\/","title":{"rendered":"Fauteuil de salle \u00e0 manger Cayman"},"content":{"rendered":"<p><em>  Le fauteuil de salle \u00e0 manger Cayman pr\u00e9sente les caract\u00e9ristiques suivantes : <em><br \/>\n Fabriqu\u00e9 en bois de teck de grade A, certifi\u00e9 SVLK, provenant de for\u00eats indon\u00e9siennes g\u00e9r\u00e9es de mani\u00e8re responsable.<\/p>\n<p>Le bois de teck est durable et prend une teinte gris argent\u00e9 avec le temps.<\/p>\n<p>Les huiles naturelles du teck emp\u00eachent le pourrissement et offrent une r\u00e9sistance aux champignons, aux termites et aux parasites xylophages.<\/p>\n<p>Les huiles de teck peuvent remonter \u00e0 la surface lorsqu&rsquo;elles sont expos\u00e9es \u00e0 la pluie et \u00e0 l&rsquo;humidit\u00e9, et appara\u00eetre sous forme de taches d&rsquo;eau. Ces huiles peuvent laisser des marques de teck sur les tissus et sont faciles \u00e0 nettoyer. <\/p>\n<p>Les fines fissures sont naturelles et peuvent appara\u00eetre au fur et \u00e0 mesure que le bois vieillit.<\/p>\n<p>Le si\u00e8ge est fabriqu\u00e9 \u00e0 partir d&rsquo;une sangle synth\u00e9tique r\u00e9sistante \u00e0 la d\u00e9coloration et facile \u00e0 nettoyer.<\/p>\n<p>Fabriqu\u00e9 avec des mat\u00e9riaux 100 % recyclables.<\/p>\n<p>Appliquez des housses de protection ou rangez-les \u00e0 l&rsquo;int\u00e9rieur lorsqu&rsquo;ils ne sont pas utilis\u00e9s et en cas de mauvais temps, afin de prolonger la dur\u00e9e de vie des meubles d&rsquo;ext\u00e9rieur.<br \/>\nVous avez des questions sur ce produit ? Nos concepteurs sont l\u00e0 pour vous aider. Appelez-nous au (514) 340-9351  <\/p>\n","protected":false},"excerpt":{"rendered":"<p>Des textures contrast\u00e9es et des d\u00e9tails impressionnants rehaussent cet \u00e9l\u00e9gant fauteuil de salle \u00e0 manger de la collection Outdoor by SUNPAN. L&rsquo;assise est faite d&rsquo;une sangle italienne r\u00e9sistante aux intemp\u00e9ries, fabriqu\u00e9e \u00e0 partir de fibres de polypropyl\u00e8ne 100 % recyclables, pour une durabilit\u00e9 et un confort durables. Ce fauteuil est compl\u00e9t\u00e9 par un cadre en bois de teck massif de couleur anthracite.   Convient aux espaces int\u00e9rieurs et ext\u00e9rieurs couverts.<\/p>\n","protected":false},"featured_media":420666,"template":"","meta":{"_kad_blocks_custom_css":"","_kad_blocks_head_custom_js":"","_kad_blocks_body_custom_js":"","_kad_blocks_footer_custom_js":"","_kad_post_transparent":"","_kad_post_title":"","_kad_post_layout":"","_kad_post_sidebar_id":"","_kad_post_content_style":"","_kad_post_vertical_padding":"","_kad_post_feature":"","_kad_post_feature_position":"","_kad_post_header":false,"_kad_post_footer":false,"_kad_post_classname":""},"product_brand":[],"product_cat":[2218],"product_tag":[1824],"class_list":{"0":"post-421327","1":"product","2":"type-product","3":"status-publish","4":"has-post-thumbnail","6":"product_cat-sets-de-salle-a-manger-pour-lexterieur","7":"product_tag-sol-fr","9":"first","10":"instock","11":"taxable","12":"shipping-taxable","13":"product-type-simple","14":"entry","15":"content-bg","16":"loop-entry"},"taxonomy_info":{"product_cat":[{"value":2218,"label":"Sets de salle \u00e0 manger pour l'ext\u00e9rieur"}],"product_tag":[{"value":1824,"label":"SOL"}]},"featured_image_src_large":["https:\/\/www.avenuedesigncanada.com\/wp-content\/uploads\/2026\/04\/109043_21-1024x1024.jpg",1024,1024,true],"author_info":[],"comment_info":"","_links":{"self":[{"href":"https:\/\/www.avenuedesigncanada.com\/fr\/wp-json\/wp\/v2\/product\/421327","targetHints":{"allow":["GET"]}}],"collection":[{"href":"https:\/\/www.avenuedesigncanada.com\/fr\/wp-json\/wp\/v2\/product"}],"about":[{"href":"https:\/\/www.avenuedesigncanada.com\/fr\/wp-json\/wp\/v2\/types\/product"}],"wp:featuredmedia":[{"embeddable":true,"href":"https:\/\/www.avenuedesigncanada.com\/fr\/wp-json\/wp\/v2\/media\/420666"}],"wp:attachment":[{"href":"https:\/\/www.avenuedesigncanada.com\/fr\/wp-json\/wp\/v2\/media?parent=421327"}],"wp:term":[{"taxonomy":"product_brand","embeddable":true,"href":"https:\/\/www.avenuedesigncanada.com\/fr\/wp-json\/wp\/v2\/product_brand?post=421327"},{"taxonomy":"product_cat","embeddable":true,"href":"https:\/\/www.avenuedesigncanada.com\/fr\/wp-json\/wp\/v2\/product_cat?post=421327"},{"taxonomy":"product_tag","embeddable":true,"href":"https:\/\/www.avenuedesigncanada.com\/fr\/wp-json\/wp\/v2\/product_tag?post=421327"}],"curies":[{"name":"wp","href":"https:\/\/api.w.org\/{rel}","templated":true}]}}