{"id":421333,"date":"2026-04-22T16:12:18","date_gmt":"2026-04-22T20:12:18","guid":{"rendered":"https:\/\/www.avenuedesigncanada.com\/product\/chaise-de-salle-a-manger-calandri-noir\/"},"modified":"2026-04-22T16:34:06","modified_gmt":"2026-04-22T20:34:06","slug":"chaise-de-salle-a-manger-calandri-noir","status":"publish","type":"product","link":"https:\/\/www.avenuedesigncanada.com\/fr\/product\/chaise-de-salle-a-manger-calandri-noir\/","title":{"rendered":"Chaise de salle \u00e0 manger Calandri &#8211; Noir"},"content":{"rendered":"<p><em>  La chaise de salle \u00e0 manger Calandri pr\u00e9sente les caract\u00e9ristiques suivantes : <em><br \/>\n Le rev\u00eatement en poudre de la structure en aluminium ajoute une r\u00e9sistance \u00e0 la corrosion et aux intemp\u00e9ries.<\/p>\n<p>Ore Grey Polyethylene Cane Wicker Weave &#8211; Le tressage synth\u00e9tique de l&rsquo;osier tout temps est r\u00e9sistant \u00e0 la d\u00e9coloration et facile \u00e0 nettoyer.<\/p>\n<p>Tissu : Louis Cream<\/p>\n<p>La construction du coussin en maille de Textil\u00e8ne est extensible et r\u00e9sistante \u00e0 la d\u00e9chirure.<\/p>\n<p>Les coussins en mousse durable \u00e0 s\u00e9chage rapide sont antimicrobiens et respectueux de l&rsquo;environnement.<\/p>\n<p>Le tissu ext\u00e9rieur en polyester recycl\u00e9 offre une r\u00e9sistance extr\u00eame aux intemp\u00e9ries et une protection contre la d\u00e9coloration et les dommages caus\u00e9s par les UV.<\/p>\n<p>Les tissus outdoor certifi\u00e9s Oeko-tex sont exempts de substances nocives pour l&rsquo;homme et les \u00e9cosyst\u00e8mes.<\/p>\n<p>Le tissu performant pour l&rsquo;ext\u00e9rieur est teint\u00e9 dans la masse \u00e0 100 %, un proc\u00e9d\u00e9 \u00e9cologique qui utilise moins d&rsquo;eau et r\u00e9duit les d\u00e9chets polluants.<\/p>\n<p>Fabriqu\u00e9 avec des mat\u00e9riaux 100 % recyclables.<\/p>\n<p>Appliquez des housses de protection ou rangez-les \u00e0 l&rsquo;int\u00e9rieur lorsqu&rsquo;ils ne sont pas utilis\u00e9s et en cas de mauvais temps, afin de prolonger la dur\u00e9e de vie des meubles d&rsquo;ext\u00e9rieur.<br \/>\nVous avez des questions sur ce produit ? Nos concepteurs sont l\u00e0 pour vous aider. Appelez-nous au (514) 340-9351  <\/p>\n","protected":false},"excerpt":{"rendered":"<p>La chaise de salle \u00e0 manger Calandri apporte une touche de fra\u00eecheur et d&rsquo;air \u00e0 tout espace de salle \u00e0 manger ext\u00e9rieur. Son dossier doucement incurv\u00e9 en cannage de poly\u00e9thyl\u00e8ne gris s&rsquo;associe magnifiquement \u00e0 notre tissu bouclette d&rsquo;ext\u00e9rieur Louis Cream, alliant confort et style. <\/p>\n","protected":false},"featured_media":420970,"template":"","meta":{"_kad_blocks_custom_css":"","_kad_blocks_head_custom_js":"","_kad_blocks_body_custom_js":"","_kad_blocks_footer_custom_js":"","_kad_post_transparent":"","_kad_post_title":"","_kad_post_layout":"","_kad_post_sidebar_id":"","_kad_post_content_style":"","_kad_post_vertical_padding":"","_kad_post_feature":"","_kad_post_feature_position":"","_kad_post_header":false,"_kad_post_footer":false,"_kad_post_classname":""},"product_brand":[],"product_cat":[2218],"product_tag":[1824],"class_list":{"0":"post-421333","1":"product","2":"type-product","3":"status-publish","4":"has-post-thumbnail","6":"product_cat-sets-de-salle-a-manger-pour-lexterieur","7":"product_tag-sol-fr","9":"first","10":"instock","11":"taxable","12":"shipping-taxable","13":"product-type-simple","14":"entry","15":"content-bg","16":"loop-entry"},"taxonomy_info":{"product_cat":[{"value":2218,"label":"Sets de salle \u00e0 manger pour l'ext\u00e9rieur"}],"product_tag":[{"value":1824,"label":"SOL"}]},"featured_image_src_large":["https:\/\/www.avenuedesigncanada.com\/wp-content\/uploads\/2026\/04\/111684_1-1024x1024.jpg",1024,1024,true],"author_info":[],"comment_info":"","_links":{"self":[{"href":"https:\/\/www.avenuedesigncanada.com\/fr\/wp-json\/wp\/v2\/product\/421333","targetHints":{"allow":["GET"]}}],"collection":[{"href":"https:\/\/www.avenuedesigncanada.com\/fr\/wp-json\/wp\/v2\/product"}],"about":[{"href":"https:\/\/www.avenuedesigncanada.com\/fr\/wp-json\/wp\/v2\/types\/product"}],"wp:featuredmedia":[{"embeddable":true,"href":"https:\/\/www.avenuedesigncanada.com\/fr\/wp-json\/wp\/v2\/media\/420970"}],"wp:attachment":[{"href":"https:\/\/www.avenuedesigncanada.com\/fr\/wp-json\/wp\/v2\/media?parent=421333"}],"wp:term":[{"taxonomy":"product_brand","embeddable":true,"href":"https:\/\/www.avenuedesigncanada.com\/fr\/wp-json\/wp\/v2\/product_brand?post=421333"},{"taxonomy":"product_cat","embeddable":true,"href":"https:\/\/www.avenuedesigncanada.com\/fr\/wp-json\/wp\/v2\/product_cat?post=421333"},{"taxonomy":"product_tag","embeddable":true,"href":"https:\/\/www.avenuedesigncanada.com\/fr\/wp-json\/wp\/v2\/product_tag?post=421333"}],"curies":[{"name":"wp","href":"https:\/\/api.w.org\/{rel}","templated":true}]}}