{"id":85551,"date":"2021-05-12T19:06:59","date_gmt":"2021-05-12T23:06:59","guid":{"rendered":"https:\/\/www.avenuedesigncanada.com\/?post_type=product&#038;p=85551"},"modified":"2026-02-11T15:58:13","modified_gmt":"2026-02-11T20:58:13","slug":"foundations-buffet__trashed","status":"publish","type":"product","link":"https:\/\/www.avenuedesigncanada.com\/fr\/product\/foundations-buffet__trashed\/","title":{"rendered":"Buffet Foundations"},"content":{"rendered":"<p><em>Le buffet Foundations pr\u00e9sente les caract\u00e9ristiques suivantes :<\/em><br \/>\nFinition deux tons avec caisse en Light Shale et panneaux de support et rails en Dark Shale<br \/>\nDeux paires de portes avec tirettes int\u00e9gr\u00e9es<br \/>\nIncrustation en acier inoxydable bross\u00e9 entre chaque paire de portes<br \/>\nUn tiroir \u00e0 fermeture progressive avec d\u00e9coupe manuelle<br \/>\nDeux compartiments inf\u00e9rieurs avec surface d&rsquo;\u00e9tag\u00e8re inf\u00e9rieure<br \/>\nTiroir gauche avec coussinet envelopp\u00e9<br \/>\nTiroir droit avec insertion pour argenterie<br \/>\nPatins r\u00e9glables<\/p>\n<p>Vous avez des questions sur ce produit ? Nos concepteurs sont l\u00e0 pour vous aider. Appelez-nous au (514) 340-9351  <\/p>\n","protected":false},"excerpt":{"rendered":"<p>Le buffet Foundations combine une finition bicolore sophistiqu\u00e9e avec des panneaux de caisse en Light Shale et des supports en Dark Shale pour un look superpos\u00e9 moderne. Deux paires de portes sont dot\u00e9es de poign\u00e9es int\u00e9gr\u00e9es avec incrustations en acier inoxydable bross\u00e9, tandis qu&rsquo;un tiroir \u00e0 fermeture progressive et deux compartiments inf\u00e9rieurs offrent un rangement pratique. Parmi les d\u00e9tails bien pens\u00e9s, on trouve un coussin enveloppant dans le tiroir gauche et un insert pour l&rsquo;argenterie dans le tiroir droit, le tout soutenu par des glissi\u00e8res r\u00e9glables pour plus de stabilit\u00e9.  <\/p>\n","protected":false},"featured_media":85544,"template":"","meta":{"_kad_blocks_custom_css":"","_kad_blocks_head_custom_js":"","_kad_blocks_body_custom_js":"","_kad_blocks_footer_custom_js":"","_kad_post_transparent":"","_kad_post_title":"","_kad_post_layout":"","_kad_post_sidebar_id":"","_kad_post_content_style":"","_kad_post_vertical_padding":"","_kad_post_feature":"","_kad_post_feature_position":"","_kad_post_header":false,"_kad_post_footer":false,"_kad_post_classname":""},"product_brand":[],"product_cat":[1303],"product_tag":[1844],"class_list":{"0":"post-85551","1":"product","2":"type-product","3":"status-publish","4":"has-post-thumbnail","6":"product_cat-buffets","7":"product_tag-barcelona-cg-fr-2","9":"first","10":"instock","11":"taxable","12":"shipping-taxable","13":"product-type-simple","14":"entry","15":"content-bg","16":"loop-entry"},"taxonomy_info":{"product_cat":[{"value":1303,"label":"Buffets"}],"product_tag":[{"value":1844,"label":"BARCELONA - CG"}]},"featured_image_src_large":["https:\/\/www.avenuedesigncanada.com\/wp-content\/uploads\/2021\/05\/306131_foundations_frontalt-1-1024x1024.jpg",1024,1024,true],"author_info":[],"comment_info":"","_links":{"self":[{"href":"https:\/\/www.avenuedesigncanada.com\/fr\/wp-json\/wp\/v2\/product\/85551","targetHints":{"allow":["GET"]}}],"collection":[{"href":"https:\/\/www.avenuedesigncanada.com\/fr\/wp-json\/wp\/v2\/product"}],"about":[{"href":"https:\/\/www.avenuedesigncanada.com\/fr\/wp-json\/wp\/v2\/types\/product"}],"wp:featuredmedia":[{"embeddable":true,"href":"https:\/\/www.avenuedesigncanada.com\/fr\/wp-json\/wp\/v2\/media\/85544"}],"wp:attachment":[{"href":"https:\/\/www.avenuedesigncanada.com\/fr\/wp-json\/wp\/v2\/media?parent=85551"}],"wp:term":[{"taxonomy":"product_brand","embeddable":true,"href":"https:\/\/www.avenuedesigncanada.com\/fr\/wp-json\/wp\/v2\/product_brand?post=85551"},{"taxonomy":"product_cat","embeddable":true,"href":"https:\/\/www.avenuedesigncanada.com\/fr\/wp-json\/wp\/v2\/product_cat?post=85551"},{"taxonomy":"product_tag","embeddable":true,"href":"https:\/\/www.avenuedesigncanada.com\/fr\/wp-json\/wp\/v2\/product_tag?post=85551"}],"curies":[{"name":"wp","href":"https:\/\/api.w.org\/{rel}","templated":true}]}}