{"id":85557,"date":"2021-05-12T19:41:32","date_gmt":"2021-05-12T23:41:32","guid":{"rendered":"https:\/\/www.avenuedesigncanada.com\/?post_type=product&#038;p=85557"},"modified":"2026-02-11T15:58:14","modified_gmt":"2026-02-11T20:58:14","slug":"buffet-foundations-copie__trashed","status":"publish","type":"product","link":"https:\/\/www.avenuedesigncanada.com\/fr\/product\/buffet-foundations-copie__trashed\/","title":{"rendered":"Table \u00e0 diner  Foundations"},"content":{"rendered":"<p><em>La table \u00e0 manger Foundations pr\u00e9sente les caract\u00e9ristiques suivantes :<\/em><\/p>\n<p>Finition Light Shale<br \/>\nPieds en acier inoxydable bross\u00e9<\/p>\n<p>Vous avez des questions sur ce produit ? Nos concepteurs sont l\u00e0 pour vous aider. Appelez-nous au (514) 340-9351  <\/p>\n","protected":false},"excerpt":{"rendered":"<p>La table de salle \u00e0 manger Foundations est une pi\u00e8ce moderne, finie en Light Shale doux avec des pieds \u00e9l\u00e9gants en acier inoxydable bross\u00e9 qui ajoutent une touche d&rsquo;\u00e9l\u00e9gance contemporaine. Son design minimaliste lui permet de se fondre sans effort dans une vari\u00e9t\u00e9 de styles d&rsquo;int\u00e9rieur, du moderne au transitionnel, ce qui la rend parfaite pour les d\u00eeners intimes et les grands rassemblements. <\/p>\n","protected":false},"featured_media":85565,"template":"","meta":{"_kad_blocks_custom_css":"","_kad_blocks_head_custom_js":"","_kad_blocks_body_custom_js":"","_kad_blocks_footer_custom_js":"","_kad_post_transparent":"","_kad_post_title":"","_kad_post_layout":"","_kad_post_sidebar_id":"","_kad_post_content_style":"","_kad_post_vertical_padding":"","_kad_post_feature":"","_kad_post_feature_position":"","_kad_post_header":false,"_kad_post_footer":false,"_kad_post_classname":""},"product_brand":[],"product_cat":[1306],"product_tag":[1844],"class_list":{"0":"post-85557","1":"product","2":"type-product","3":"status-publish","4":"has-post-thumbnail","6":"product_cat-tables-de-salle-a-manger","7":"product_tag-barcelona-cg-fr-2","9":"first","10":"instock","11":"taxable","12":"shipping-taxable","13":"product-type-simple","14":"entry","15":"content-bg","16":"loop-entry"},"taxonomy_info":{"product_cat":[{"value":1306,"label":"Tables"}],"product_tag":[{"value":1844,"label":"BARCELONA - CG"}]},"featured_image_src_large":["https:\/\/www.avenuedesigncanada.com\/wp-content\/uploads\/2021\/05\/306224_foundations_frontalt-1-1024x1024.jpg",1024,1024,true],"author_info":[],"comment_info":"","_links":{"self":[{"href":"https:\/\/www.avenuedesigncanada.com\/fr\/wp-json\/wp\/v2\/product\/85557","targetHints":{"allow":["GET"]}}],"collection":[{"href":"https:\/\/www.avenuedesigncanada.com\/fr\/wp-json\/wp\/v2\/product"}],"about":[{"href":"https:\/\/www.avenuedesigncanada.com\/fr\/wp-json\/wp\/v2\/types\/product"}],"wp:featuredmedia":[{"embeddable":true,"href":"https:\/\/www.avenuedesigncanada.com\/fr\/wp-json\/wp\/v2\/media\/85565"}],"wp:attachment":[{"href":"https:\/\/www.avenuedesigncanada.com\/fr\/wp-json\/wp\/v2\/media?parent=85557"}],"wp:term":[{"taxonomy":"product_brand","embeddable":true,"href":"https:\/\/www.avenuedesigncanada.com\/fr\/wp-json\/wp\/v2\/product_brand?post=85557"},{"taxonomy":"product_cat","embeddable":true,"href":"https:\/\/www.avenuedesigncanada.com\/fr\/wp-json\/wp\/v2\/product_cat?post=85557"},{"taxonomy":"product_tag","embeddable":true,"href":"https:\/\/www.avenuedesigncanada.com\/fr\/wp-json\/wp\/v2\/product_tag?post=85557"}],"curies":[{"name":"wp","href":"https:\/\/api.w.org\/{rel}","templated":true}]}}