{"id":85584,"date":"2021-05-12T20:38:55","date_gmt":"2021-05-13T00:38:55","guid":{"rendered":"https:\/\/www.avenuedesigncanada.com\/?post_type=product&#038;p=85584"},"modified":"2026-02-11T15:58:14","modified_gmt":"2026-02-11T20:58:14","slug":"table-a-cafe-foundations__trashed","status":"publish","type":"product","link":"https:\/\/www.avenuedesigncanada.com\/fr\/product\/table-a-cafe-foundations__trashed\/","title":{"rendered":"Table \u00e0 caf\u00e9  ronde Foundations"},"content":{"rendered":"<p>Table cocktail ronde Foundations<br \/>\n<em>La table basse ronde Foundations pr\u00e9sente les caract\u00e9ristiques suivantes :<\/em><\/p>\n<p>Finition bicolore &#8211; plateau en finition Linen et pieds en finition Light Shale<br \/>\nBranches et capuchons en acier inoxydable bross\u00e9 sur les pieds<\/p>\n<p>Vous avez des questions sur ce produit ? Nos concepteurs sont l\u00e0 pour vous aider. Appelez-nous au (514) 340-9351  <\/p>\n","protected":false},"excerpt":{"rendered":"<p>La table \u00e0 cocktail ronde Foundations apporte une \u00e9l\u00e9gance discr\u00e8te \u00e0 tout espace de vie. Avec un design bicolore, le plateau de la table est fini en Linen tandis que les pieds sont en Light Shale, accentu\u00e9s par des ch\u00e2ssis et des capuchons en acier inoxydable bross\u00e9. Cette combinaison cr\u00e9e une esth\u00e9tique moderne et sophistiqu\u00e9e qui s&rsquo;int\u00e8gre aussi bien dans les int\u00e9rieurs contemporains que classiques.  <\/p>\n","protected":false},"featured_media":85575,"template":"","meta":{"_kad_blocks_custom_css":"","_kad_blocks_head_custom_js":"","_kad_blocks_body_custom_js":"","_kad_blocks_footer_custom_js":"","_kad_post_transparent":"","_kad_post_title":"","_kad_post_layout":"","_kad_post_sidebar_id":"","_kad_post_content_style":"","_kad_post_vertical_padding":"","_kad_post_feature":"","_kad_post_feature_position":"","_kad_post_header":false,"_kad_post_footer":false,"_kad_post_classname":""},"product_brand":[],"product_cat":[1327],"product_tag":[1844],"class_list":{"0":"post-85584","1":"product","2":"type-product","3":"status-publish","4":"has-post-thumbnail","6":"product_cat-salon-tables-a-cafe","7":"product_tag-barcelona-cg-fr-2","9":"first","10":"instock","11":"taxable","12":"shipping-taxable","13":"product-type-simple","14":"entry","15":"content-bg","16":"loop-entry"},"taxonomy_info":{"product_cat":[{"value":1327,"label":"Tables \u00e0 caf\u00e9"}],"product_tag":[{"value":1844,"label":"BARCELONA - CG"}]},"featured_image_src_large":["https:\/\/www.avenuedesigncanada.com\/wp-content\/uploads\/2021\/05\/306015_foundations_frontalt-1-1024x1024.jpg",1024,1024,true],"author_info":[],"comment_info":"","_links":{"self":[{"href":"https:\/\/www.avenuedesigncanada.com\/fr\/wp-json\/wp\/v2\/product\/85584","targetHints":{"allow":["GET"]}}],"collection":[{"href":"https:\/\/www.avenuedesigncanada.com\/fr\/wp-json\/wp\/v2\/product"}],"about":[{"href":"https:\/\/www.avenuedesigncanada.com\/fr\/wp-json\/wp\/v2\/types\/product"}],"wp:featuredmedia":[{"embeddable":true,"href":"https:\/\/www.avenuedesigncanada.com\/fr\/wp-json\/wp\/v2\/media\/85575"}],"wp:attachment":[{"href":"https:\/\/www.avenuedesigncanada.com\/fr\/wp-json\/wp\/v2\/media?parent=85584"}],"wp:term":[{"taxonomy":"product_brand","embeddable":true,"href":"https:\/\/www.avenuedesigncanada.com\/fr\/wp-json\/wp\/v2\/product_brand?post=85584"},{"taxonomy":"product_cat","embeddable":true,"href":"https:\/\/www.avenuedesigncanada.com\/fr\/wp-json\/wp\/v2\/product_cat?post=85584"},{"taxonomy":"product_tag","embeddable":true,"href":"https:\/\/www.avenuedesigncanada.com\/fr\/wp-json\/wp\/v2\/product_tag?post=85584"}],"curies":[{"name":"wp","href":"https:\/\/api.w.org\/{rel}","templated":true}]}}