{"id":85635,"date":"2021-05-13T10:40:36","date_gmt":"2021-05-13T14:40:36","guid":{"rendered":"https:\/\/www.avenuedesigncanada.com\/?post_type=product&#038;p=85635"},"modified":"2026-02-11T15:58:14","modified_gmt":"2026-02-11T20:58:14","slug":"table-de-chevet-foundations__trashed","status":"publish","type":"product","link":"https:\/\/www.avenuedesigncanada.com\/fr\/product\/table-de-chevet-foundations__trashed\/","title":{"rendered":"Table de chevet Foundations"},"content":{"rendered":"<p><em>La table de nuit Foundations pr\u00e9sente les caract\u00e9ristiques suivantes :<\/em><br \/>\nFinition deux tons &#8211; bo\u00eete \u00e0 tiroirs en finition Linen et panneaux de support et rails en finition Light Shale<br \/>\nDeux tiroirs \u00e0 fermeture douce avec tirette \u00e0 doigt et plaque en acier inoxydable bross\u00e9 encastr\u00e9e<br \/>\nDouble port\/chargeur USB \u00e0 l&rsquo;arri\u00e8re de la bo\u00eete \u00e0 tiroirs<\/p>\n<p>Avez-vous des questions \u00e0 propos de ce produit ? Nos designers sont l\u00e0 pour vous aider.  Appelez-nous au (514) 340-9351<\/p>\n","protected":false},"excerpt":{"rendered":"<p>Avec son design raffin\u00e9 \u00e0 deux tons, la table de nuit Foundations associe une bo\u00eete \u00e0 tiroirs en finition Linen \u00e0 des panneaux de support Light Shale pour un contraste doux et moderne. Deux tiroirs \u00e0 fermeture douce avec des d\u00e9tails en acier inoxydable bross\u00e9 offrent un rangement \u00e9l\u00e9gant, tandis qu&rsquo;un chargeur USB\/port double discret ajoute une commodit\u00e9 quotidienne. <\/p>\n","protected":false},"featured_media":85637,"template":"","meta":{"_kad_blocks_custom_css":"","_kad_blocks_head_custom_js":"","_kad_blocks_body_custom_js":"","_kad_blocks_footer_custom_js":"","_kad_post_transparent":"","_kad_post_title":"","_kad_post_layout":"","_kad_post_sidebar_id":"","_kad_post_content_style":"","_kad_post_vertical_padding":"","_kad_post_feature":"","_kad_post_feature_position":"","_kad_post_header":false,"_kad_post_footer":false,"_kad_post_classname":""},"product_brand":[],"product_cat":[1299],"product_tag":[1844],"class_list":{"0":"post-85635","1":"product","2":"type-product","3":"status-publish","4":"has-post-thumbnail","6":"product_cat-tables-de-nuit","7":"product_tag-barcelona-cg-fr-2","9":"first","10":"instock","11":"taxable","12":"shipping-taxable","13":"product-type-simple","14":"entry","15":"content-bg","16":"loop-entry"},"taxonomy_info":{"product_cat":[{"value":1299,"label":"Tables de chevet"}],"product_tag":[{"value":1844,"label":"BARCELONA - CG"}]},"featured_image_src_large":["https:\/\/www.avenuedesigncanada.com\/wp-content\/uploads\/2021\/05\/306230_foundations_frontalt-1-1024x1024.jpg",1024,1024,true],"author_info":[],"comment_info":"","_links":{"self":[{"href":"https:\/\/www.avenuedesigncanada.com\/fr\/wp-json\/wp\/v2\/product\/85635","targetHints":{"allow":["GET"]}}],"collection":[{"href":"https:\/\/www.avenuedesigncanada.com\/fr\/wp-json\/wp\/v2\/product"}],"about":[{"href":"https:\/\/www.avenuedesigncanada.com\/fr\/wp-json\/wp\/v2\/types\/product"}],"wp:featuredmedia":[{"embeddable":true,"href":"https:\/\/www.avenuedesigncanada.com\/fr\/wp-json\/wp\/v2\/media\/85637"}],"wp:attachment":[{"href":"https:\/\/www.avenuedesigncanada.com\/fr\/wp-json\/wp\/v2\/media?parent=85635"}],"wp:term":[{"taxonomy":"product_brand","embeddable":true,"href":"https:\/\/www.avenuedesigncanada.com\/fr\/wp-json\/wp\/v2\/product_brand?post=85635"},{"taxonomy":"product_cat","embeddable":true,"href":"https:\/\/www.avenuedesigncanada.com\/fr\/wp-json\/wp\/v2\/product_cat?post=85635"},{"taxonomy":"product_tag","embeddable":true,"href":"https:\/\/www.avenuedesigncanada.com\/fr\/wp-json\/wp\/v2\/product_tag?post=85635"}],"curies":[{"name":"wp","href":"https:\/\/api.w.org\/{rel}","templated":true}]}}