{"id":85650,"date":"2021-10-20T15:39:46","date_gmt":"2021-10-20T19:39:46","guid":{"rendered":"https:\/\/www.avenuedesigncanada.com\/?post_type=product&#038;p=85650"},"modified":"2026-02-11T15:58:15","modified_gmt":"2026-02-11T20:58:15","slug":"lit-a-panneaux-foundations__trashed","status":"publish","type":"product","link":"https:\/\/www.avenuedesigncanada.com\/fr\/product\/lit-a-panneaux-foundations__trashed\/","title":{"rendered":"Lit \u00e0 panneaux Foundations"},"content":{"rendered":"<p><em>Caract\u00e9ristiques du lit \u00e0 panneaux Foundation :<\/em><\/p>\n<p>T\u00eate de lit rembourr\u00e9e accentu\u00e9e par un l\u00e9ger capitonnage avec supports fini Light Shale<\/p>\n<p>Dos de la t\u00eate de lit recouvert de bastiste noire<\/p>\n<p>Finition deux tons sur le pied de lit &#8211; pied de lit fini Linen et rails de support finis Light Shale<\/p>\n<p>Finition deux tons des rails lat\u00e9raux &#8211; rails lat\u00e9raux finis Linen et panneaux de support finis Light Shale.<\/p>\n<p>Syst\u00e8me de support \u00e0 quatre lattes en bois avec supports r\u00e9glables<\/p>\n<p>Options<\/p>\n<p>Remarque: La t\u00eate de lit ne peut pas \u00eatre utilis\u00e9e seule. Doit \u00eatre command\u00e9 avec pied de lit et support lat\u00e9raux.<\/p>\n<p>Cet article est disponible dans d\u2019autres tissus moyennant un suppl\u00e9ment.<\/p>\n<p>Disponible en format Queen, 67 x 88.25 x 61h<\/p>\n<p>Avez-vous des questions \u00e0 propos de ce produit ?<\/p>\n<p>Nos designers sont l\u00e0 pour vous aider. Appelez-nous au (514) 340-9351<\/p>\n","protected":false},"excerpt":{"rendered":"<p>Le lit \u00e0 panneaux Foundation allie un design contemporain \u00e0 des d\u00e9tails raffin\u00e9s. Sa t\u00eate de lit rembourr\u00e9e est orn\u00e9e de subtils capitonnages l\u00e9gers, avec un cambric noir \u00e0 l&rsquo;arri\u00e8re pour une finition soign\u00e9e. Le pied de lit et les rails lat\u00e9raux bicolores ajoutent de la profondeur et de la sophistication. Dot\u00e9 d&rsquo;un syst\u00e8me de soutien \u00e0 quatre lattes en bois et de supports centraux r\u00e9glables, ce lit garantit confort et durabilit\u00e9 tout en apportant une touche d&rsquo;\u00e9l\u00e9gance \u00e0 n&rsquo;importe quelle chambre \u00e0 coucher.<\/p>\n","protected":false},"featured_media":85656,"template":"","meta":{"_kad_blocks_custom_css":"","_kad_blocks_head_custom_js":"","_kad_blocks_body_custom_js":"","_kad_blocks_footer_custom_js":"","_kad_post_transparent":"default","_kad_post_title":"","_kad_post_layout":"default","_kad_post_sidebar_id":"","_kad_post_content_style":"default","_kad_post_vertical_padding":"default","_kad_post_feature":"","_kad_post_feature_position":"","_kad_post_header":false,"_kad_post_footer":false,"_kad_post_classname":""},"product_brand":[],"product_cat":[1296],"product_tag":[1851],"class_list":{"0":"post-85650","1":"product","2":"type-product","3":"status-publish","4":"has-post-thumbnail","6":"product_cat-lits","7":"product_tag-barcelona-fr","9":"first","10":"instock","11":"taxable","12":"shipping-taxable","13":"product-type-simple","14":"entry","15":"content-bg","16":"loop-entry"},"taxonomy_info":{"product_cat":[{"value":1296,"label":"Lits"}],"product_tag":[{"value":1851,"label":"BARCELONA"}]},"featured_image_src_large":["https:\/\/www.avenuedesigncanada.com\/wp-content\/uploads\/2021\/05\/306h03_306fr03_b478_foundations_front-1-1024x1024.jpg",1024,1024,true],"author_info":[],"comment_info":"","_links":{"self":[{"href":"https:\/\/www.avenuedesigncanada.com\/fr\/wp-json\/wp\/v2\/product\/85650","targetHints":{"allow":["GET"]}}],"collection":[{"href":"https:\/\/www.avenuedesigncanada.com\/fr\/wp-json\/wp\/v2\/product"}],"about":[{"href":"https:\/\/www.avenuedesigncanada.com\/fr\/wp-json\/wp\/v2\/types\/product"}],"wp:featuredmedia":[{"embeddable":true,"href":"https:\/\/www.avenuedesigncanada.com\/fr\/wp-json\/wp\/v2\/media\/85656"}],"wp:attachment":[{"href":"https:\/\/www.avenuedesigncanada.com\/fr\/wp-json\/wp\/v2\/media?parent=85650"}],"wp:term":[{"taxonomy":"product_brand","embeddable":true,"href":"https:\/\/www.avenuedesigncanada.com\/fr\/wp-json\/wp\/v2\/product_brand?post=85650"},{"taxonomy":"product_cat","embeddable":true,"href":"https:\/\/www.avenuedesigncanada.com\/fr\/wp-json\/wp\/v2\/product_cat?post=85650"},{"taxonomy":"product_tag","embeddable":true,"href":"https:\/\/www.avenuedesigncanada.com\/fr\/wp-json\/wp\/v2\/product_tag?post=85650"}],"curies":[{"name":"wp","href":"https:\/\/api.w.org\/{rel}","templated":true}]}}