{"id":85662,"date":"2021-05-13T14:06:19","date_gmt":"2021-05-13T18:06:19","guid":{"rendered":"https:\/\/www.avenuedesigncanada.com\/?post_type=product&#038;p=85662"},"modified":"2026-02-11T15:58:15","modified_gmt":"2026-02-11T20:58:15","slug":"bureau-9-tiroirs-foundations__trashed","status":"publish","type":"product","link":"https:\/\/www.avenuedesigncanada.com\/fr\/product\/bureau-9-tiroirs-foundations__trashed\/","title":{"rendered":"Bureau 9 tiroirs Foundations"},"content":{"rendered":"<p><em>La commode Foundations pr\u00e9sente les caract\u00e9ristiques suivantes :<\/em><br \/>\nFinition bicolore avec bo\u00eete \u00e0 tiroirs en lin et panneaux de support et rails en schiste clair. Neuf tiroirs \u00e0 fermeture douce avec des d\u00e9coupes manuelles et des plaques d&rsquo;acier inoxydable bross\u00e9 encastr\u00e9es offrent une \u00e9l\u00e9gance pratique et un style moderne. <\/p>\n<p>Vous avez des questions sur ce produit ?<br \/>\nNos concepteurs sont l\u00e0 pour vous aider.<br \/>\nAppelez-nous au (514) 340-9351<\/p>\n","protected":false},"excerpt":{"rendered":"<p>La commode Foundations allie un contraste moderne \u00e0 une fonctionnalit\u00e9 raffin\u00e9e. Sa finition bicolore associe des tons de lin doux \u00e0 des accents de schiste clair, tandis que neuf tiroirs \u00e0 fermeture douce offrent un espace de rangement g\u00e9n\u00e9reux. Des d\u00e9tails subtils en acier inoxydable ajoutent une touche polie, cr\u00e9ant un look \u00e0 la fois contemporain et intemporel.  <\/p>\n","protected":false},"featured_media":85668,"template":"","meta":{"_kad_blocks_custom_css":"","_kad_blocks_head_custom_js":"","_kad_blocks_body_custom_js":"","_kad_blocks_footer_custom_js":"","_kad_post_transparent":"","_kad_post_title":"","_kad_post_layout":"","_kad_post_sidebar_id":"","_kad_post_content_style":"","_kad_post_vertical_padding":"","_kad_post_feature":"","_kad_post_feature_position":"","_kad_post_header":false,"_kad_post_footer":false,"_kad_post_classname":""},"product_brand":[],"product_cat":[1298],"product_tag":[1844],"class_list":{"0":"post-85662","1":"product","2":"type-product","3":"status-publish","4":"has-post-thumbnail","6":"product_cat-commodes","7":"product_tag-barcelona-cg-fr-2","9":"first","10":"instock","11":"taxable","12":"shipping-taxable","13":"product-type-simple","14":"entry","15":"content-bg","16":"loop-entry"},"taxonomy_info":{"product_cat":[{"value":1298,"label":"Commodes"}],"product_tag":[{"value":1844,"label":"BARCELONA - CG"}]},"featured_image_src_large":["https:\/\/www.avenuedesigncanada.com\/wp-content\/uploads\/2021\/05\/306053_foundations_frontalt-1-1024x1024.jpg",1024,1024,true],"author_info":[],"comment_info":"","_links":{"self":[{"href":"https:\/\/www.avenuedesigncanada.com\/fr\/wp-json\/wp\/v2\/product\/85662","targetHints":{"allow":["GET"]}}],"collection":[{"href":"https:\/\/www.avenuedesigncanada.com\/fr\/wp-json\/wp\/v2\/product"}],"about":[{"href":"https:\/\/www.avenuedesigncanada.com\/fr\/wp-json\/wp\/v2\/types\/product"}],"wp:featuredmedia":[{"embeddable":true,"href":"https:\/\/www.avenuedesigncanada.com\/fr\/wp-json\/wp\/v2\/media\/85668"}],"wp:attachment":[{"href":"https:\/\/www.avenuedesigncanada.com\/fr\/wp-json\/wp\/v2\/media?parent=85662"}],"wp:term":[{"taxonomy":"product_brand","embeddable":true,"href":"https:\/\/www.avenuedesigncanada.com\/fr\/wp-json\/wp\/v2\/product_brand?post=85662"},{"taxonomy":"product_cat","embeddable":true,"href":"https:\/\/www.avenuedesigncanada.com\/fr\/wp-json\/wp\/v2\/product_cat?post=85662"},{"taxonomy":"product_tag","embeddable":true,"href":"https:\/\/www.avenuedesigncanada.com\/fr\/wp-json\/wp\/v2\/product_tag?post=85662"}],"curies":[{"name":"wp","href":"https:\/\/api.w.org\/{rel}","templated":true}]}}