{"id":86174,"date":"2021-05-24T10:32:25","date_gmt":"2021-05-24T14:32:25","guid":{"rendered":"https:\/\/www.avenuedesigncanada.com\/?post_type=product&#038;p=86174"},"modified":"2026-02-11T15:58:16","modified_gmt":"2026-02-11T20:58:16","slug":"credence-valora-copie__trashed","status":"publish","type":"product","link":"https:\/\/www.avenuedesigncanada.com\/fr\/product\/credence-valora-copie__trashed\/","title":{"rendered":"Cr\u00e9dence M\u00e9dia Alvarez"},"content":{"rendered":"<p><em>La cr\u00e9dence de divertissement Alvarez pr\u00e9sente les caract\u00e9ristiques suivantes :<\/em><\/p>\n<p> Finition Nouveau Ch\u00eane<br \/>\nQuatre portes \u00e0 fermeture souple avec fa\u00e7ades en r\u00e9sine moul\u00e9e et languettes en feutre<br \/>\nEtag\u00e8res r\u00e9glables, trous de ventilation et trous de passe-fils pour la gestion des c\u00e2bles<br \/>\nSocle avec patins r\u00e9glables<\/p>\n<p>Remarque : l&rsquo;arri\u00e8re de la cr\u00e9dence n&rsquo;est pas fini<br \/>\nRemarque : con\u00e7u pour supporter un t\u00e9l\u00e9viseur et\/ou d&rsquo;autres m\u00e9dias<\/p>\n<p>Avez-vous des questions \u00e0 propos de ce produit ?<br \/>\nNos designers sont l\u00e0 pour vous aider. Appelez-nous au (514) 340-9351<\/p>\n","protected":false},"excerpt":{"rendered":"<p>La cr\u00e9dence de divertissement Alvarez est finie en ch\u00eane neuf avec des fa\u00e7ades de portes en r\u00e9sine moul\u00e9e et des portes \u00e0 fermeture douce. Des onglets en feutre et des \u00e9tag\u00e8res r\u00e9glables permettent une organisation pratique, tandis que la base du socle avec des patins r\u00e9glables assure la stabilit\u00e9. Le dos n&rsquo;est pas fini et est con\u00e7u pour supporter un t\u00e9l\u00e9viseur ou d&rsquo;autres supports.  <\/p>\n","protected":false},"featured_media":86176,"template":"","meta":{"_kad_blocks_custom_css":"","_kad_blocks_head_custom_js":"","_kad_blocks_body_custom_js":"","_kad_blocks_footer_custom_js":"","_kad_post_transparent":"","_kad_post_title":"","_kad_post_layout":"","_kad_post_sidebar_id":"","_kad_post_content_style":"","_kad_post_vertical_padding":"","_kad_post_feature":"","_kad_post_feature_position":"","_kad_post_header":false,"_kad_post_footer":false,"_kad_post_classname":""},"product_brand":[],"product_cat":[1326],"product_tag":[1844],"class_list":{"0":"post-86174","1":"product","2":"type-product","3":"status-publish","4":"has-post-thumbnail","6":"product_cat-cabinets-media","7":"product_tag-barcelona-cg-fr-2","9":"first","10":"instock","11":"taxable","12":"shipping-taxable","13":"product-type-simple","14":"entry","15":"content-bg","16":"loop-entry"},"taxonomy_info":{"product_cat":[{"value":1326,"label":"Meubles Media"}],"product_tag":[{"value":1844,"label":"BARCELONA - CG"}]},"featured_image_src_large":["https:\/\/www.avenuedesigncanada.com\/wp-content\/uploads\/2021\/05\/305865_alvarez_frontalt_0-1-1024x1024.jpg",1024,1024,true],"author_info":[],"comment_info":"","_links":{"self":[{"href":"https:\/\/www.avenuedesigncanada.com\/fr\/wp-json\/wp\/v2\/product\/86174","targetHints":{"allow":["GET"]}}],"collection":[{"href":"https:\/\/www.avenuedesigncanada.com\/fr\/wp-json\/wp\/v2\/product"}],"about":[{"href":"https:\/\/www.avenuedesigncanada.com\/fr\/wp-json\/wp\/v2\/types\/product"}],"wp:featuredmedia":[{"embeddable":true,"href":"https:\/\/www.avenuedesigncanada.com\/fr\/wp-json\/wp\/v2\/media\/86176"}],"wp:attachment":[{"href":"https:\/\/www.avenuedesigncanada.com\/fr\/wp-json\/wp\/v2\/media?parent=86174"}],"wp:term":[{"taxonomy":"product_brand","embeddable":true,"href":"https:\/\/www.avenuedesigncanada.com\/fr\/wp-json\/wp\/v2\/product_brand?post=86174"},{"taxonomy":"product_cat","embeddable":true,"href":"https:\/\/www.avenuedesigncanada.com\/fr\/wp-json\/wp\/v2\/product_cat?post=86174"},{"taxonomy":"product_tag","embeddable":true,"href":"https:\/\/www.avenuedesigncanada.com\/fr\/wp-json\/wp\/v2\/product_tag?post=86174"}],"curies":[{"name":"wp","href":"https:\/\/api.w.org\/{rel}","templated":true}]}}