{"id":86199,"date":"2021-05-24T11:40:57","date_gmt":"2021-05-24T15:40:57","guid":{"rendered":"https:\/\/www.avenuedesigncanada.com\/?post_type=product&#038;p=86199"},"modified":"2026-02-11T15:58:16","modified_gmt":"2026-02-11T20:58:16","slug":"table-a-diner-alexa-copy__trashed","status":"publish","type":"product","link":"https:\/\/www.avenuedesigncanada.com\/fr\/product\/table-a-diner-alexa-copy__trashed\/","title":{"rendered":"Table \u00e0 caf\u00e9  Cabinet Ellis"},"content":{"rendered":"<p><em>La table \u00e0 cocktail Ellis pr\u00e9sente les caract\u00e9ristiques suivantes :<\/em><\/p>\n<p>Placages de ch\u00eane blanc en finition Tamarind<br \/>\nMoulure en aluminium moul\u00e9 entourant un coin<br \/>\nBo\u00eete rectangulaire encastr\u00e9e en finition Jicama<br \/>\nSocle en finition Tamarind<br \/>\nRoulettes robustes non martelantes<\/p>\n<p>Vous avez des questions sur ce produit ? Nos concepteurs sont l\u00e0 pour vous aider. Appelez-nous au (514) 340-9351  <\/p>\n","protected":false},"excerpt":{"rendered":"<p>La table \u00e0 cocktail Ellis est une pi\u00e8ce remarquable. Ses placages de ch\u00eane blanc en finition Tamarind sont rehauss\u00e9s par une moulure en aluminium moul\u00e9 enveloppant un coin, ajoutant une touche sculpturale. La bo\u00eete rectangulaire encastr\u00e9e en finition Jicama apporte une profondeur visuelle, tandis que la base en finition Tamarind fonde le design. L&rsquo;aspect pratique s&rsquo;allie au style gr\u00e2ce \u00e0 des roulettes robustes non marquantes pour une mobilit\u00e9 sans effort.   <\/p>\n","protected":false},"featured_media":86205,"template":"","meta":{"_kad_blocks_custom_css":"","_kad_blocks_head_custom_js":"","_kad_blocks_body_custom_js":"","_kad_blocks_footer_custom_js":"","_kad_post_transparent":"","_kad_post_title":"","_kad_post_layout":"","_kad_post_sidebar_id":"","_kad_post_content_style":"","_kad_post_vertical_padding":"","_kad_post_feature":"","_kad_post_feature_position":"","_kad_post_header":false,"_kad_post_footer":false,"_kad_post_classname":""},"product_brand":[],"product_cat":[1327],"product_tag":[1844],"class_list":{"0":"post-86199","1":"product","2":"type-product","3":"status-publish","4":"has-post-thumbnail","6":"product_cat-salon-tables-a-cafe","7":"product_tag-barcelona-cg-fr-2","9":"first","10":"instock","11":"taxable","12":"shipping-taxable","13":"product-type-simple","14":"entry","15":"content-bg","16":"loop-entry"},"taxonomy_info":{"product_cat":[{"value":1327,"label":"Tables \u00e0 caf\u00e9"}],"product_tag":[{"value":1844,"label":"BARCELONA - CG"}]},"featured_image_src_large":["https:\/\/www.avenuedesigncanada.com\/wp-content\/uploads\/2021\/05\/305022_ellis_frontalt-1-1024x1024.jpg",1024,1024,true],"author_info":[],"comment_info":"","_links":{"self":[{"href":"https:\/\/www.avenuedesigncanada.com\/fr\/wp-json\/wp\/v2\/product\/86199","targetHints":{"allow":["GET"]}}],"collection":[{"href":"https:\/\/www.avenuedesigncanada.com\/fr\/wp-json\/wp\/v2\/product"}],"about":[{"href":"https:\/\/www.avenuedesigncanada.com\/fr\/wp-json\/wp\/v2\/types\/product"}],"wp:featuredmedia":[{"embeddable":true,"href":"https:\/\/www.avenuedesigncanada.com\/fr\/wp-json\/wp\/v2\/media\/86205"}],"wp:attachment":[{"href":"https:\/\/www.avenuedesigncanada.com\/fr\/wp-json\/wp\/v2\/media?parent=86199"}],"wp:term":[{"taxonomy":"product_brand","embeddable":true,"href":"https:\/\/www.avenuedesigncanada.com\/fr\/wp-json\/wp\/v2\/product_brand?post=86199"},{"taxonomy":"product_cat","embeddable":true,"href":"https:\/\/www.avenuedesigncanada.com\/fr\/wp-json\/wp\/v2\/product_cat?post=86199"},{"taxonomy":"product_tag","embeddable":true,"href":"https:\/\/www.avenuedesigncanada.com\/fr\/wp-json\/wp\/v2\/product_tag?post=86199"}],"curies":[{"name":"wp","href":"https:\/\/api.w.org\/{rel}","templated":true}]}}