{"id":86304,"date":"2021-05-24T16:44:30","date_gmt":"2021-05-24T20:44:30","guid":{"rendered":"https:\/\/www.avenuedesigncanada.com\/?post_type=product&#038;p=86304"},"modified":"2026-02-11T15:58:17","modified_gmt":"2026-02-11T20:58:17","slug":"salena-panel-bed__trashed","status":"publish","type":"product","link":"https:\/\/www.avenuedesigncanada.com\/fr\/product\/salena-panel-bed__trashed\/","title":{"rendered":"Lit \u00e0 panneaux Salena"},"content":{"rendered":"<p>Cadre acier inoxydable poli sur le haut et le bas de la t\u00eate de lit avec panneau rembourr\u00e9.<\/p>\n<p>Cadre en acier inoxydable poli au bas du pied de lit avec panneau rembourr\u00e9<\/p>\n<p>Panneaux de c\u00f4t\u00e9 rembourr\u00e9s<\/p>\n<p>Syst\u00e8me de support \u00e0 trois lattes avec supports centraux r\u00e9glables<\/p>\n<p>Pattes ajustables<\/p>\n<p><em>Note<\/em>: Disponible en format King seulement<\/p>\n<div class=\"product-options\">\n<div>Syst\u00e8mes de lattes Euro disponibles en option<\/div>\n<\/div>\n","protected":false},"excerpt":{"rendered":"<p><span>Avez-vous des questions \u00e0 propos de ce produit ?<\/span><\/p>\n<p><span>Nos designers sont l\u00e0 pour vous aider. <\/span><\/p>\n<p><strong>Appelez-nous au (514) 340-9351<\/strong><\/p>\n","protected":false},"featured_media":86308,"template":"","meta":{"_kad_blocks_custom_css":"","_kad_blocks_head_custom_js":"","_kad_blocks_body_custom_js":"","_kad_blocks_footer_custom_js":"","_kad_post_transparent":"","_kad_post_title":"","_kad_post_layout":"","_kad_post_sidebar_id":"","_kad_post_content_style":"","_kad_post_vertical_padding":"","_kad_post_feature":"","_kad_post_feature_position":"","_kad_post_header":false,"_kad_post_footer":false,"_kad_post_classname":""},"product_brand":[],"product_cat":[1296],"product_tag":[1365],"class_list":{"0":"post-86304","1":"product","2":"type-product","3":"status-publish","4":"has-post-thumbnail","6":"product_cat-lits","7":"product_tag-barcelona-fr-2","9":"first","10":"instock","11":"taxable","12":"shipping-taxable","13":"product-type-simple","14":"entry","15":"content-bg","16":"loop-entry"},"taxonomy_info":{"product_cat":[{"value":1296,"label":"Lits"}],"product_tag":[{"value":1365,"label":"BARCELONA"}]},"featured_image_src_large":["https:\/\/www.avenuedesigncanada.com\/wp-content\/uploads\/2021\/05\/305h36_305fr36_salena_front-1-1024x1024.jpg",1024,1024,true],"author_info":[],"comment_info":"","_links":{"self":[{"href":"https:\/\/www.avenuedesigncanada.com\/fr\/wp-json\/wp\/v2\/product\/86304","targetHints":{"allow":["GET"]}}],"collection":[{"href":"https:\/\/www.avenuedesigncanada.com\/fr\/wp-json\/wp\/v2\/product"}],"about":[{"href":"https:\/\/www.avenuedesigncanada.com\/fr\/wp-json\/wp\/v2\/types\/product"}],"wp:featuredmedia":[{"embeddable":true,"href":"https:\/\/www.avenuedesigncanada.com\/fr\/wp-json\/wp\/v2\/media\/86308"}],"wp:attachment":[{"href":"https:\/\/www.avenuedesigncanada.com\/fr\/wp-json\/wp\/v2\/media?parent=86304"}],"wp:term":[{"taxonomy":"product_brand","embeddable":true,"href":"https:\/\/www.avenuedesigncanada.com\/fr\/wp-json\/wp\/v2\/product_brand?post=86304"},{"taxonomy":"product_cat","embeddable":true,"href":"https:\/\/www.avenuedesigncanada.com\/fr\/wp-json\/wp\/v2\/product_cat?post=86304"},{"taxonomy":"product_tag","embeddable":true,"href":"https:\/\/www.avenuedesigncanada.com\/fr\/wp-json\/wp\/v2\/product_tag?post=86304"}],"curies":[{"name":"wp","href":"https:\/\/api.w.org\/{rel}","templated":true}]}}