{"id":86356,"date":"2021-05-25T11:59:22","date_gmt":"2021-05-25T15:59:22","guid":{"rendered":"https:\/\/www.avenuedesigncanada.com\/?post_type=product&#038;p=86356"},"modified":"2026-02-11T15:58:18","modified_gmt":"2026-02-11T20:58:18","slug":"table-a-cafe-arnette__trashed","status":"publish","type":"product","link":"https:\/\/www.avenuedesigncanada.com\/fr\/product\/table-a-cafe-arnette__trashed\/","title":{"rendered":"Table \u00e0 caf\u00e9 Arnette"},"content":{"rendered":"<p><em>La table \u00e0 cocktail Arnette pr\u00e9sente les caract\u00e9ristiques suivantes :<\/em><\/p>\n<p>Solides en ch\u00eane et placages en ch\u00eane coup\u00e9 en quatre<br \/>\nPlateau \u00e0 plusieurs niveaux avec section centrale plus haute<br \/>\nBase de style plinthe avec roulettes cach\u00e9es<\/p>\n<p>Vous avez des questions sur ce produit ? Nos concepteurs sont l\u00e0 pour vous aider. Appelez-nous au (514) 340-9351  <\/p>\n","protected":false},"excerpt":{"rendered":"<p>La table cocktail Arnette est une combinaison artistique de bois massif de ch\u00eane et de placages de ch\u00eane coup\u00e9 en quatre. Son plateau \u00e0 plusieurs niveaux pr\u00e9sente une section centrale plus haute, offrant \u00e0 la fois un point focal dramatique et une variation de surface fonctionnelle. La base de style plinthe dissimule les roulettes, assurant la mobilit\u00e9 sans compromettre l&rsquo;\u00e9l\u00e9gance.  <\/p>\n","protected":false},"featured_media":86363,"template":"","meta":{"_kad_blocks_custom_css":"","_kad_blocks_head_custom_js":"","_kad_blocks_body_custom_js":"","_kad_blocks_footer_custom_js":"","_kad_post_transparent":"","_kad_post_title":"","_kad_post_layout":"","_kad_post_sidebar_id":"","_kad_post_content_style":"","_kad_post_vertical_padding":"","_kad_post_feature":"","_kad_post_feature_position":"","_kad_post_header":false,"_kad_post_footer":false,"_kad_post_classname":""},"product_brand":[],"product_cat":[1327],"product_tag":[1844],"class_list":{"0":"post-86356","1":"product","2":"type-product","3":"status-publish","4":"has-post-thumbnail","6":"product_cat-salon-tables-a-cafe","7":"product_tag-barcelona-cg-fr-2","9":"first","10":"instock","11":"taxable","12":"shipping-taxable","13":"product-type-simple","14":"entry","15":"content-bg","16":"loop-entry"},"taxonomy_info":{"product_cat":[{"value":1327,"label":"Tables \u00e0 caf\u00e9"}],"product_tag":[{"value":1844,"label":"BARCELONA - CG"}]},"featured_image_src_large":["https:\/\/www.avenuedesigncanada.com\/wp-content\/uploads\/2021\/05\/400024_arnette_frontalt-1-1024x1024.jpg",1024,1024,true],"author_info":[],"comment_info":"","_links":{"self":[{"href":"https:\/\/www.avenuedesigncanada.com\/fr\/wp-json\/wp\/v2\/product\/86356","targetHints":{"allow":["GET"]}}],"collection":[{"href":"https:\/\/www.avenuedesigncanada.com\/fr\/wp-json\/wp\/v2\/product"}],"about":[{"href":"https:\/\/www.avenuedesigncanada.com\/fr\/wp-json\/wp\/v2\/types\/product"}],"wp:featuredmedia":[{"embeddable":true,"href":"https:\/\/www.avenuedesigncanada.com\/fr\/wp-json\/wp\/v2\/media\/86363"}],"wp:attachment":[{"href":"https:\/\/www.avenuedesigncanada.com\/fr\/wp-json\/wp\/v2\/media?parent=86356"}],"wp:term":[{"taxonomy":"product_brand","embeddable":true,"href":"https:\/\/www.avenuedesigncanada.com\/fr\/wp-json\/wp\/v2\/product_brand?post=86356"},{"taxonomy":"product_cat","embeddable":true,"href":"https:\/\/www.avenuedesigncanada.com\/fr\/wp-json\/wp\/v2\/product_cat?post=86356"},{"taxonomy":"product_tag","embeddable":true,"href":"https:\/\/www.avenuedesigncanada.com\/fr\/wp-json\/wp\/v2\/product_tag?post=86356"}],"curies":[{"name":"wp","href":"https:\/\/api.w.org\/{rel}","templated":true}]}}