{"id":86419,"date":"2021-05-26T10:31:30","date_gmt":"2021-05-26T14:31:30","guid":{"rendered":"https:\/\/www.avenuedesigncanada.com\/?post_type=product&#038;p=86419"},"modified":"2026-02-11T15:58:18","modified_gmt":"2026-02-11T20:58:18","slug":"avenue-cocktail-table__trashed","status":"publish","type":"product","link":"https:\/\/www.avenuedesigncanada.com\/fr\/product\/avenue-cocktail-table__trashed\/","title":{"rendered":"Table \u00e0 caf\u00e9 Avenue"},"content":{"rendered":"<p><em>La table \u00e0 cocktail Avenue pr\u00e9sente les caract\u00e9ristiques suivantes :<\/em><\/p>\n<p>Solides en ch\u00eane et \u00e9rable et placages en ch\u00eane et \u00e9rable coup\u00e9s en quatre<br \/>\nFinition truffe grise<br \/>\nDeux tiroirs \u00e0 fermeture progressive avec finition blanche laqu\u00e9e sur les fa\u00e7ades<br \/>\nRoulettes<\/p>\n<p>Vous avez des questions sur ce produit ? Nos concepteurs sont l\u00e0 pour vous aider. Appelez-nous au (514) 340-9351  <\/p>\n","protected":false},"excerpt":{"rendered":"<p>La table \u00e0 cocktail Avenue d\u00e9gage une sophistication raffin\u00e9e gr\u00e2ce \u00e0 son m\u00e9lange de ch\u00eane et d&rsquo;\u00e9rable massifs associ\u00e9s \u00e0 des placages en quart de cercle dans un fini gris truff\u00e9. Deux tiroirs \u00e0 fermeture douce avec fa\u00e7ades blanches laqu\u00e9es offrent un rangement subtil, tandis que les roulettes rendent cette table polyvalente et facile \u00e0 repositionner. Chaque d\u00e9tail t\u00e9moigne d&rsquo;un savoir-faire haut de gamme.  <\/p>\n","protected":false},"featured_media":86423,"template":"","meta":{"_kad_blocks_custom_css":"","_kad_blocks_head_custom_js":"","_kad_blocks_body_custom_js":"","_kad_blocks_footer_custom_js":"","_kad_post_transparent":"","_kad_post_title":"","_kad_post_layout":"","_kad_post_sidebar_id":"","_kad_post_content_style":"","_kad_post_vertical_padding":"","_kad_post_feature":"","_kad_post_feature_position":"","_kad_post_header":false,"_kad_post_footer":false,"_kad_post_classname":""},"product_brand":[],"product_cat":[1327],"product_tag":[1844],"class_list":{"0":"post-86419","1":"product","2":"type-product","3":"status-publish","4":"has-post-thumbnail","6":"product_cat-salon-tables-a-cafe","7":"product_tag-barcelona-cg-fr-2","9":"first","10":"instock","11":"taxable","12":"shipping-taxable","13":"product-type-simple","14":"entry","15":"content-bg","16":"loop-entry"},"taxonomy_info":{"product_cat":[{"value":1327,"label":"Tables \u00e0 caf\u00e9"}],"product_tag":[{"value":1844,"label":"BARCELONA - CG"}]},"featured_image_src_large":["https:\/\/www.avenuedesigncanada.com\/wp-content\/uploads\/2021\/05\/442027_avenue_frontalt-1-1024x1024.jpg",1024,1024,true],"author_info":[],"comment_info":"","_links":{"self":[{"href":"https:\/\/www.avenuedesigncanada.com\/fr\/wp-json\/wp\/v2\/product\/86419","targetHints":{"allow":["GET"]}}],"collection":[{"href":"https:\/\/www.avenuedesigncanada.com\/fr\/wp-json\/wp\/v2\/product"}],"about":[{"href":"https:\/\/www.avenuedesigncanada.com\/fr\/wp-json\/wp\/v2\/types\/product"}],"wp:featuredmedia":[{"embeddable":true,"href":"https:\/\/www.avenuedesigncanada.com\/fr\/wp-json\/wp\/v2\/media\/86423"}],"wp:attachment":[{"href":"https:\/\/www.avenuedesigncanada.com\/fr\/wp-json\/wp\/v2\/media?parent=86419"}],"wp:term":[{"taxonomy":"product_brand","embeddable":true,"href":"https:\/\/www.avenuedesigncanada.com\/fr\/wp-json\/wp\/v2\/product_brand?post=86419"},{"taxonomy":"product_cat","embeddable":true,"href":"https:\/\/www.avenuedesigncanada.com\/fr\/wp-json\/wp\/v2\/product_cat?post=86419"},{"taxonomy":"product_tag","embeddable":true,"href":"https:\/\/www.avenuedesigncanada.com\/fr\/wp-json\/wp\/v2\/product_tag?post=86419"}],"curies":[{"name":"wp","href":"https:\/\/api.w.org\/{rel}","templated":true}]}}