{"id":93101,"date":"2021-06-05T17:24:32","date_gmt":"2021-06-05T21:24:32","guid":{"rendered":"https:\/\/www.avenuedesigncanada.com\/product\/ottoman-8\/"},"modified":"2026-02-11T15:58:19","modified_gmt":"2026-02-11T20:58:19","slug":"pouf-circolo","status":"publish","type":"product","link":"https:\/\/www.avenuedesigncanada.com\/fr\/product\/pouf-circolo\/","title":{"rendered":"Pouf Circolo"},"content":{"rendered":"<p><em>Caract\u00e9ristiques du Circolo Ottoman :<\/em><\/p>\n<p>Assise et c\u00f4t\u00e9 rembourr\u00e9s<\/p>\n<p>Bordure de clous d\u00e9corative<\/p>\n<p>Une structure en bois massif<\/p>\n<p>Fait au Canada<\/p>\n<p>Options:<\/p>\n<p>Choix de tissu ou cuir<\/p>\n<p>Choix de fini<\/p>\n<p>Choices de fini pour les clous<\/p>\n<p><span style=\"font-weight: 400;\">Vous avez des questions sur ce produit ?<\/p>\n<p><\/span><span style=\"font-weight: 400;\">Nos designers sont l\u00e0 pour vous aider.<\/span> Appelez-nous au (514) 340-9351.<\/p>\n","protected":false},"excerpt":{"rendered":"<p>Le Circolo Ottoman allie \u00e9l\u00e9gance classique et d\u00e9tails raffin\u00e9s. Enti\u00e8rement rembourr\u00e9 sur l&rsquo;assise et les c\u00f4t\u00e9s, il est orn\u00e9 de clous d\u00e9coratifs qui lui conf\u00e8rent une touche sophistiqu\u00e9e. Construit sur un cadre en bois massif robuste et fi\u00e8rement fabriqu\u00e9 au Canada, cet ottoman est enti\u00e8rement personnalisable gr\u00e2ce \u00e0 un choix de tissus ou de cuirs, de finitions en bois et d&rsquo;options de clous d\u00e9coratifs, ce qui en fait un ajout polyvalent et \u00e9l\u00e9gant \u00e0 tout salon, chambre \u00e0 coucher ou espace d\u00e9tente.<\/p>\n","protected":false},"featured_media":217477,"template":"","meta":{"_kad_blocks_custom_css":"","_kad_blocks_head_custom_js":"","_kad_blocks_body_custom_js":"","_kad_blocks_footer_custom_js":"","_kad_post_transparent":"default","_kad_post_title":"","_kad_post_layout":"default","_kad_post_sidebar_id":"","_kad_post_content_style":"default","_kad_post_vertical_padding":"default","_kad_post_feature":"","_kad_post_feature_position":"","_kad_post_header":false,"_kad_post_footer":false,"_kad_post_classname":""},"product_brand":[],"product_cat":[1325,1968],"product_tag":[1371],"class_list":{"0":"post-93101","1":"product","2":"type-product","3":"status-publish","4":"has-post-thumbnail","6":"product_cat-poufs","7":"product_cat-pouf-sur-mesure","8":"product_tag-hkhaju-fr","10":"first","11":"instock","12":"product-type-simple","13":"entry","14":"content-bg","15":"loop-entry"},"taxonomy_info":{"product_cat":[{"value":1325,"label":"Ottomans"},{"value":1968,"label":"pouf sur mesure"}],"product_tag":[{"value":1371,"label":"HKHAJU"}]},"featured_image_src_large":["https:\/\/www.avenuedesigncanada.com\/wp-content\/uploads\/2021\/06\/NoName3-front-1280x1280-1.jpg",923,923,false],"author_info":[],"comment_info":"","_links":{"self":[{"href":"https:\/\/www.avenuedesigncanada.com\/fr\/wp-json\/wp\/v2\/product\/93101","targetHints":{"allow":["GET"]}}],"collection":[{"href":"https:\/\/www.avenuedesigncanada.com\/fr\/wp-json\/wp\/v2\/product"}],"about":[{"href":"https:\/\/www.avenuedesigncanada.com\/fr\/wp-json\/wp\/v2\/types\/product"}],"wp:featuredmedia":[{"embeddable":true,"href":"https:\/\/www.avenuedesigncanada.com\/fr\/wp-json\/wp\/v2\/media\/217477"}],"wp:attachment":[{"href":"https:\/\/www.avenuedesigncanada.com\/fr\/wp-json\/wp\/v2\/media?parent=93101"}],"wp:term":[{"taxonomy":"product_brand","embeddable":true,"href":"https:\/\/www.avenuedesigncanada.com\/fr\/wp-json\/wp\/v2\/product_brand?post=93101"},{"taxonomy":"product_cat","embeddable":true,"href":"https:\/\/www.avenuedesigncanada.com\/fr\/wp-json\/wp\/v2\/product_cat?post=93101"},{"taxonomy":"product_tag","embeddable":true,"href":"https:\/\/www.avenuedesigncanada.com\/fr\/wp-json\/wp\/v2\/product_tag?post=93101"}],"curies":[{"name":"wp","href":"https:\/\/api.w.org\/{rel}","templated":true}]}}