{"id":93109,"date":"2021-06-05T17:24:13","date_gmt":"2021-06-05T21:24:13","guid":{"rendered":"https:\/\/www.avenuedesigncanada.com\/product\/barstool-2\/"},"modified":"2026-02-11T15:58:20","modified_gmt":"2026-02-11T20:58:20","slug":"tabouret-de-bar-bristol","status":"publish","type":"product","link":"https:\/\/www.avenuedesigncanada.com\/fr\/product\/tabouret-de-bar-bristol\/","title":{"rendered":"Tabouret de bar Bristol"},"content":{"rendered":"<p><em>Le tabouret de bar Bristol pr\u00e9sente les caract\u00e9ristiques suivantes :<\/em><br \/>\nPieds en bois avec un cadre en bois dur robuste, fabriqu\u00e9 au Canada pour une qualit\u00e9 et un confort durables.<\/p>\n<p>Options :<br \/>\nDisponible dans votre choix de tissu ou de cuir, de couleur de bois et de finition de clous. \u00c9galement disponible comme tabouret de comptoir. <\/p>\n<p>Avez-vous des questions \u00e0 propos de ce produit ?<br \/>\nNos designers sont l\u00e0 pour vous aider. Appelez-nous au (514) 340-9351<\/p>\n","protected":false},"excerpt":{"rendered":"<p>Le tabouret de bar Bristol offre un attrait intemporel avec ses pieds en bois massif et sa structure robuste en bois dur, fabriqu\u00e9s au Canada pour un confort et une durabilit\u00e9 durables. Sa silhouette classique s&rsquo;int\u00e8gre sans effort dans les espaces traditionnels et contemporains, ce qui en fait un choix polyvalent pour les cuisines, les bars et les lieux de divertissement.   <\/p>\n","protected":false},"featured_media":104130,"template":"","meta":{"_kad_blocks_custom_css":"","_kad_blocks_head_custom_js":"","_kad_blocks_body_custom_js":"","_kad_blocks_footer_custom_js":"","_kad_post_transparent":"","_kad_post_title":"","_kad_post_layout":"","_kad_post_sidebar_id":"","_kad_post_content_style":"","_kad_post_vertical_padding":"","_kad_post_feature":"","_kad_post_feature_position":"","_kad_post_header":false,"_kad_post_footer":false,"_kad_post_classname":""},"product_brand":[],"product_cat":[1305],"product_tag":[1371],"class_list":{"0":"post-93109","1":"product","2":"type-product","3":"status-publish","4":"has-post-thumbnail","6":"product_cat-tabourets","7":"product_tag-hkhaju-fr","9":"first","10":"instock","11":"product-type-simple","12":"entry","13":"content-bg","14":"loop-entry"},"taxonomy_info":{"product_cat":[{"value":1305,"label":"Tabourets"}],"product_tag":[{"value":1371,"label":"HKHAJU"}]},"featured_image_src_large":["https:\/\/www.avenuedesigncanada.com\/wp-content\/uploads\/2021\/06\/Bristol-Front-1280x1280-2-1024x1024.jpg",1024,1024,true],"author_info":[],"comment_info":"","_links":{"self":[{"href":"https:\/\/www.avenuedesigncanada.com\/fr\/wp-json\/wp\/v2\/product\/93109","targetHints":{"allow":["GET"]}}],"collection":[{"href":"https:\/\/www.avenuedesigncanada.com\/fr\/wp-json\/wp\/v2\/product"}],"about":[{"href":"https:\/\/www.avenuedesigncanada.com\/fr\/wp-json\/wp\/v2\/types\/product"}],"wp:featuredmedia":[{"embeddable":true,"href":"https:\/\/www.avenuedesigncanada.com\/fr\/wp-json\/wp\/v2\/media\/104130"}],"wp:attachment":[{"href":"https:\/\/www.avenuedesigncanada.com\/fr\/wp-json\/wp\/v2\/media?parent=93109"}],"wp:term":[{"taxonomy":"product_brand","embeddable":true,"href":"https:\/\/www.avenuedesigncanada.com\/fr\/wp-json\/wp\/v2\/product_brand?post=93109"},{"taxonomy":"product_cat","embeddable":true,"href":"https:\/\/www.avenuedesigncanada.com\/fr\/wp-json\/wp\/v2\/product_cat?post=93109"},{"taxonomy":"product_tag","embeddable":true,"href":"https:\/\/www.avenuedesigncanada.com\/fr\/wp-json\/wp\/v2\/product_tag?post=93109"}],"curies":[{"name":"wp","href":"https:\/\/api.w.org\/{rel}","templated":true}]}}