{"id":93161,"date":"2021-06-05T17:23:20","date_gmt":"2021-06-05T21:23:20","guid":{"rendered":"https:\/\/www.avenuedesigncanada.com\/product\/carleton-entertainment-console\/"},"modified":"2026-02-11T15:58:20","modified_gmt":"2026-02-11T20:58:20","slug":"console-media-carleton","status":"publish","type":"product","link":"https:\/\/www.avenuedesigncanada.com\/fr\/product\/console-media-carleton\/","title":{"rendered":"Console M\u00e9dia Carleton"},"content":{"rendered":"<p><em>La cr\u00e9dence de divertissement Carleton pr\u00e9sente les caract\u00e9ristiques suivantes :<\/em><\/p>\n<p> Fa\u00e7ades de la caisse et des portes recouvertes d&rsquo;argent allemand<br \/>\nInt\u00e9rieur peint en noir<br \/>\nTrois portes avec tiroirs, tablettes r\u00e9glables et \u0153illets recouverts pour la gestion des fils.<\/p>\n<p>Avez-vous des questions \u00e0 propos de ce produit ?<br \/>\nNos designers sont l\u00e0 pour vous aider. Appelez-nous au (514) 340-9351<\/p>\n","protected":false},"excerpt":{"rendered":"<p>La cr\u00e9dence de divertissement Barcelona pr\u00e9sente un bo\u00eetier envelopp\u00e9 d&rsquo;un alliage de nickel sur du teck r\u00e9cup\u00e9r\u00e9 avec deux paires de portes. A l&rsquo;int\u00e9rieur, des \u00e9tag\u00e8res r\u00e9glables et un tiroir \u00e0 fermeture progressive offrent un rangement organis\u00e9, et des trous pour les passe-fils permettent une gestion discr\u00e8te des c\u00e2bles. <\/p>\n","protected":false},"featured_media":214157,"template":"","meta":{"_kad_blocks_custom_css":"","_kad_blocks_head_custom_js":"","_kad_blocks_body_custom_js":"","_kad_blocks_footer_custom_js":"","_kad_post_transparent":"","_kad_post_title":"","_kad_post_layout":"","_kad_post_sidebar_id":"","_kad_post_content_style":"","_kad_post_vertical_padding":"","_kad_post_feature":"","_kad_post_feature_position":"","_kad_post_header":false,"_kad_post_footer":false,"_kad_post_classname":""},"product_brand":[],"product_cat":[1326],"product_tag":[1844],"class_list":{"0":"post-93161","1":"product","2":"type-product","3":"status-publish","4":"has-post-thumbnail","6":"product_cat-cabinets-media","7":"product_tag-barcelona-cg-fr-2","9":"first","10":"instock","11":"product-type-simple","12":"entry","13":"content-bg","14":"loop-entry"},"taxonomy_info":{"product_cat":[{"value":1326,"label":"Meubles Media"}],"product_tag":[{"value":1844,"label":"BARCELONA - CG"}]},"featured_image_src_large":["https:\/\/www.avenuedesigncanada.com\/wp-content\/uploads\/2021\/06\/369870-1024x1024.jpg",1024,1024,true],"author_info":[],"comment_info":"","_links":{"self":[{"href":"https:\/\/www.avenuedesigncanada.com\/fr\/wp-json\/wp\/v2\/product\/93161","targetHints":{"allow":["GET"]}}],"collection":[{"href":"https:\/\/www.avenuedesigncanada.com\/fr\/wp-json\/wp\/v2\/product"}],"about":[{"href":"https:\/\/www.avenuedesigncanada.com\/fr\/wp-json\/wp\/v2\/types\/product"}],"wp:featuredmedia":[{"embeddable":true,"href":"https:\/\/www.avenuedesigncanada.com\/fr\/wp-json\/wp\/v2\/media\/214157"}],"wp:attachment":[{"href":"https:\/\/www.avenuedesigncanada.com\/fr\/wp-json\/wp\/v2\/media?parent=93161"}],"wp:term":[{"taxonomy":"product_brand","embeddable":true,"href":"https:\/\/www.avenuedesigncanada.com\/fr\/wp-json\/wp\/v2\/product_brand?post=93161"},{"taxonomy":"product_cat","embeddable":true,"href":"https:\/\/www.avenuedesigncanada.com\/fr\/wp-json\/wp\/v2\/product_cat?post=93161"},{"taxonomy":"product_tag","embeddable":true,"href":"https:\/\/www.avenuedesigncanada.com\/fr\/wp-json\/wp\/v2\/product_tag?post=93161"}],"curies":[{"name":"wp","href":"https:\/\/api.w.org\/{rel}","templated":true}]}}