{"id":93170,"date":"2021-06-05T17:23:20","date_gmt":"2021-06-05T21:23:20","guid":{"rendered":"https:\/\/www.avenuedesigncanada.com\/product\/goodman-nightstand\/"},"modified":"2026-02-11T15:58:22","modified_gmt":"2026-02-11T20:58:22","slug":"table-de-chevet-goodman","status":"publish","type":"product","link":"https:\/\/www.avenuedesigncanada.com\/fr\/product\/table-de-chevet-goodman\/","title":{"rendered":"Table de chevet Goodman"},"content":{"rendered":"<p><em>La table de chevet Goodman pr\u00e9sente les caract\u00e9ristiques suivantes :<\/em><br \/>\nBois massif de ch\u00eane et placages de ch\u00eane blanc rustique \u00e0 coupe plate<br \/>\nFinition combin\u00e9e deux tons avec finition gris rustique sur le caisson de tiroir, le dessus et les extr\u00e9mit\u00e9s, et finition pl\u00e2tre blanc sur le reste du caisson<br \/>\nTiroir \u00e0 ouverture par simple pression<br \/>\nGlissi\u00e8res r\u00e9glables<\/p>\n<p>Avez-vous des questions \u00e0 propos de ce produit ? Nos designers sont l\u00e0 pour vous aider.  Appelez-nous au (514) 340-9351<\/p>\n","protected":false},"excerpt":{"rendered":"<p>Le charme rustique rencontre la simplicit\u00e9 contemporaine dans la table de nuit Goodman. Le ch\u00eane massif et les placages de ch\u00eane blanc sont finis dans une palette bicolore de gris rustique et d&rsquo;enduit blanc, tandis qu&rsquo;un seul tiroir \u00e0 ouverture par pression maintient l&rsquo;aspect propre et \u00e9pur\u00e9. <\/p>\n","protected":false},"featured_media":106181,"template":"","meta":{"_kad_blocks_custom_css":"","_kad_blocks_head_custom_js":"","_kad_blocks_body_custom_js":"","_kad_blocks_footer_custom_js":"","_kad_post_transparent":"","_kad_post_title":"","_kad_post_layout":"","_kad_post_sidebar_id":"","_kad_post_content_style":"","_kad_post_vertical_padding":"","_kad_post_feature":"","_kad_post_feature_position":"","_kad_post_header":false,"_kad_post_footer":false,"_kad_post_classname":""},"product_brand":[],"product_cat":[1299],"product_tag":[1844],"class_list":{"0":"post-93170","1":"product","2":"type-product","3":"status-publish","4":"has-post-thumbnail","6":"product_cat-tables-de-nuit","7":"product_tag-barcelona-cg-fr-2","9":"first","10":"instock","11":"product-type-simple","12":"entry","13":"content-bg","14":"loop-entry"},"taxonomy_info":{"product_cat":[{"value":1299,"label":"Tables de chevet"}],"product_tag":[{"value":1844,"label":"BARCELONA - CG"}]},"featured_image_src_large":["https:\/\/www.avenuedesigncanada.com\/wp-content\/uploads\/2021\/06\/369-217-2-1024x1024.jpg",1024,1024,true],"author_info":[],"comment_info":"","_links":{"self":[{"href":"https:\/\/www.avenuedesigncanada.com\/fr\/wp-json\/wp\/v2\/product\/93170","targetHints":{"allow":["GET"]}}],"collection":[{"href":"https:\/\/www.avenuedesigncanada.com\/fr\/wp-json\/wp\/v2\/product"}],"about":[{"href":"https:\/\/www.avenuedesigncanada.com\/fr\/wp-json\/wp\/v2\/types\/product"}],"wp:featuredmedia":[{"embeddable":true,"href":"https:\/\/www.avenuedesigncanada.com\/fr\/wp-json\/wp\/v2\/media\/106181"}],"wp:attachment":[{"href":"https:\/\/www.avenuedesigncanada.com\/fr\/wp-json\/wp\/v2\/media?parent=93170"}],"wp:term":[{"taxonomy":"product_brand","embeddable":true,"href":"https:\/\/www.avenuedesigncanada.com\/fr\/wp-json\/wp\/v2\/product_brand?post=93170"},{"taxonomy":"product_cat","embeddable":true,"href":"https:\/\/www.avenuedesigncanada.com\/fr\/wp-json\/wp\/v2\/product_cat?post=93170"},{"taxonomy":"product_tag","embeddable":true,"href":"https:\/\/www.avenuedesigncanada.com\/fr\/wp-json\/wp\/v2\/product_tag?post=93170"}],"curies":[{"name":"wp","href":"https:\/\/api.w.org\/{rel}","templated":true}]}}